{"id":4224,"date":"2022-06-29T08:55:28","date_gmt":"2022-06-29T06:55:28","guid":{"rendered":"http:\/\/hotelelba.youelba.com\/residence-dei-fiori-2\/"},"modified":"2025-01-17T16:03:22","modified_gmt":"2025-01-17T15:03:22","slug":"residence-dei-fiori","status":"publish","type":"page","link":"https:\/\/www.hotelelba.it\/fr\/residence-dei-fiori\/","title":{"rendered":"Residence dei Fiori"},"content":{"rendered":"<div class=\"wpb-content-wrapper\"><p>[vc_row full_width=\u00a0\u00bbstretch_row_content_no_spaces\u00a0\u00bb bg_type=\u00a0\u00bbimage\u00a0\u00bb parallax_style=\u00a0\u00bbvcpb-default\u00a0\u00bb bg_image_new=\u00a0\u00bbid^2596|url^http:\/\/hotelelba.youelba.com\/wp-content\/uploads\/2022\/12\/DSC_5690-HDR-scaled.jpg|caption^null|alt^null|title^DSC_5690-HDR|description^null\u00a0\u00bb bg_image_repeat=\u00a0\u00bbno-repeat\u00a0\u00bb bg_img_attach=\u00a0\u00bbfixed\u00a0\u00bb bg_image_posiiton=\u00a0\u00bb50% 65%\u00a0\u00bb bg_override=\u00a0\u00bbfull\u00a0\u00bb][vc_column css_animation=\u00a0\u00bbfadeIn\u00a0\u00bb css=\u00a0\u00bb.vc_custom_1656311697974{padding-top: 13% !important;padding-bottom: 11% !important;background-position: center !important;background-repeat: no-repeat !important;background-size: contain !important;}\u00a0\u00bb][vc_empty_space height=\u00a0\u00bb50px\u00a0\u00bb][\/vc_column][\/vc_row][vc_row css=\u00a0\u00bb.vc_custom_1669795732830{padding-top: 30px !important;padding-bottom: 30px !important;}\u00a0\u00bb][vc_column offset=\u00a0\u00bbvc_col-md-offset-3 vc_col-md-6&Prime;][vc_custom_heading text=\u00a0\u00bbResidence dei Fiori\u00a0\u00bb font_container=\u00a0\u00bbtag:h2|font_size:58|text_align:center|line_height:1&Prime; google_fonts=\u00a0\u00bbfont_family:Alex%20Brush%3Aregular|font_style:400%20regular%3A400%3Anormal\u00a0\u00bb][\/vc_column][\/vc_row][vc_row][vc_column width=\u00a0\u00bb2\/3&Prime;][vc_single_image image=\u00a0\u00bb8088&Prime; img_size=\u00a0\u00bbfull\u00a0\u00bb alignment=\u00a0\u00bbcenter\u00a0\u00bb onclick=\u00a0\u00bbimg_link_large\u00a0\u00bb css=\u00a0\u00bb\u00a0\u00bb][vc_row_inner][vc_column_inner][vc_column_text]La R\u00e9sidence des Fleurs, plong\u00e9e dans la verdure, est situ\u00e9e \u00e0 deux pas de la splendide plage de Marina di Campo et, de l\u00e0, on rejoint tr\u00e8s commod\u00e9ment \u00e0 pied le centre historique en se promenant le long de la mer.<\/p>\n<p>Nous avons cherch\u00e9 \u00e0 cr\u00e9er un environnement familial, compos\u00e9 de plusieurs b\u00e2timents entour\u00e9s d\u2019un jardin et d\u2019espaces communs comme le grand gaz\u00e9bo, les zones barbecue, le parking et la d\u00e9licieuse petite piscine \u00e9quip\u00e9e, parfaite pour faire un dernier plongeon avant le d\u00eener.<\/p>\n<p>Nos appartements peuvent accueillir 2, 4 et 5 personnes, et sont situ\u00e9s au rez-de-chauss\u00e9e avec patio ext\u00e9rieur, ou au premier \u00e9tage avec terrasse \u00e9quip\u00e9e. Meubl\u00e9s dans un style moderne et raffin\u00e9, ils sont tous dot\u00e9s d\u2019une entr\u00e9e ind\u00e9pendante, de TV, t\u00e9l\u00e9phone, coffre-fort, s\u00e8che-cheveux, climatisation, chauffage, frigo avec freezer, et espace ext\u00e9rieur pour des d\u00eeners en plein air.<\/p>\n<p>Les clients qui choisissent de s\u00e9journer avec la formule r\u00e9sidence disposent dans tous les cas du bar de l\u2019H\u00f4tel Elba pour se r\u00e9galer avec un petit-d\u00e9jeuner, ou du restaurant, par exemple en version \u00e0 emporter, en commandant sur le menu du jour, en retirant les plats et en les d\u00e9gustant tranquillement dans la v\u00e9randa de l\u2019appartement\u00a0!<\/p>\n<p>La R\u00e9sidence est ouverte toute l\u2019ann\u00e9e, dot\u00e9e de parking priv\u00e9 et de chauffage pour la p\u00e9riode hivernale.[\/vc_column_text][\/vc_column_inner][\/vc_row_inner][vc_empty_space height=\u00a0\u00bb25px\u00a0\u00bb][\/vc_column][vc_column width=\u00a0\u00bb1\/3&Prime;][vc_widget_sidebar show_bg=\u00a0\u00bbfalse\u00a0\u00bb sidebar_id=\u00a0\u00bbsidebar_5&Prime; title=\u00a0\u00bbResidence\u00a0\u00bb][vc_column_text]<\/p>\n<h2>Les services<\/h2>\n<div style=\"border-top: 1px solid var(--the7-divider-color); color: #605956; padding-top: 30px;\">\n<ul>\n<li style=\"margin-top: 10px;\">Wi-Fi zones communes<\/li>\n<li style=\"margin-top: 10px;\">Petite piscine en plein air<\/li>\n<li style=\"margin-top: 10px;\">Coffre-fort<\/li>\n<li style=\"margin-top: 10px;\">Zone de relaxation<\/li>\n<li style=\"margin-top: 10px;\">Vaste parking<\/li>\n<li style=\"margin-top: 10px;\">Chauffage<\/li>\n<li style=\"margin-top: 10px;\">Jardin<\/li>\n<li style=\"margin-top: 10px;\">Lave-linge \u00e0 jetons<\/li>\n<li style=\"margin-top: 10px;\">Convention service de plage<\/li>\n<\/ul>\n<\/div>\n<p>[\/vc_column_text][\/vc_column][\/vc_row]<\/p>\n<\/div>","protected":false},"excerpt":{"rendered":"<p>[vc_row full_width=\u00a0\u00bbstretch_row_content_no_spaces\u00a0\u00bb bg_type=\u00a0\u00bbimage\u00a0\u00bb parallax_style=\u00a0\u00bbvcpb-default\u00a0\u00bb bg_image_new=\u00a0\u00bbid^2596|url^http:\/\/hotelelba.youelba.com\/wp-content\/uploads\/2022\/12\/DSC_5690-HDR-scaled.jpg|caption^null|alt^null|title^DSC_5690-HDR|description^null\u00a0\u00bb bg_image_repeat=\u00a0\u00bbno-repeat\u00a0\u00bb bg_img_attach=\u00a0\u00bbfixed\u00a0\u00bb bg_image_posiiton=\u00a0\u00bb50% 65%\u00a0\u00bb bg_override=\u00a0\u00bbfull\u00a0\u00bb][vc_column css_animation=\u00a0\u00bbfadeIn\u00a0\u00bb css=\u00a0\u00bb.vc_custom_1656311697974{padding-top: 13% !important;padding-bottom: 11% !important;background-position: center !important;background-repeat: no-repeat !important;background-size: contain !important;}\u00a0\u00bb][vc_empty_space height=\u00a0\u00bb50px\u00a0\u00bb][\/vc_column][\/vc_row][vc_row css=\u00a0\u00bb.vc_custom_1669795732830{padding-top: 30px !important;padding-bottom: 30px !important;}\u00a0\u00bb][vc_column offset=\u00a0\u00bbvc_col-md-offset-3 vc_col-md-6&Prime;][vc_custom_heading text=\u00a0\u00bbResidence dei Fiori\u00a0\u00bb font_container=\u00a0\u00bbtag:h2|font_size:58|text_align:center|line_height:1&Prime; google_fonts=\u00a0\u00bbfont_family:Alex%20Brush%3Aregular|font_style:400%20regular%3A400%3Anormal\u00a0\u00bb][\/vc_column][\/vc_row][vc_row][vc_column width=\u00a0\u00bb2\/3&Prime;][vc_single_image image=\u00a0\u00bb8088&Prime; img_size=\u00a0\u00bbfull\u00a0\u00bb alignment=\u00a0\u00bbcenter\u00a0\u00bb onclick=\u00a0\u00bbimg_link_large\u00a0\u00bb css=\u00a0\u00bb\u00a0\u00bb][vc_row_inner][vc_column_inner][vc_column_text]La R\u00e9sidence des Fleurs, plong\u00e9e dans la verdure, est situ\u00e9e \u00e0 deux pas de la&hellip;<\/p>\n","protected":false},"author":1,"featured_media":5099,"parent":0,"menu_order":0,"comment_status":"closed","ping_status":"closed","template":"","meta":{"footnotes":""},"class_list":["post-4224","page","type-page","status-publish","has-post-thumbnail","hentry","description-off"],"yoast_head":"<!-- This site is optimized with the Yoast SEO plugin v25.3 - https:\/\/yoast.com\/wordpress\/plugins\/seo\/ -->\n<title>Residence dei Fiori - Hotel Elba e Residence dei Fiori<\/title>\n<meta name=\"robots\" content=\"index, follow, max-snippet:-1, max-image-preview:large, max-video-preview:-1\" \/>\n<link rel=\"canonical\" href=\"https:\/\/www.hotelelba.it\/fr\/residence-dei-fiori\/\" \/>\n<meta property=\"og:locale\" content=\"fr_FR\" \/>\n<meta property=\"og:type\" content=\"article\" \/>\n<meta property=\"og:title\" content=\"Residence dei Fiori - Hotel Elba e Residence dei Fiori\" \/>\n<meta property=\"og:description\" content=\"[vc_row full_width=\u00a0\u00bbstretch_row_content_no_spaces\u00a0\u00bb bg_type=\u00a0\u00bbimage\u00a0\u00bb parallax_style=\u00a0\u00bbvcpb-default\u00a0\u00bb bg_image_new=\u00a0\u00bbid^2596|url^http:\/\/hotelelba.youelba.com\/wp-content\/uploads\/2022\/12\/DSC_5690-HDR-scaled.jpg|caption^null|alt^null|title^DSC_5690-HDR|description^null\u00a0\u00bb bg_image_repeat=\u00a0\u00bbno-repeat\u00a0\u00bb bg_img_attach=\u00a0\u00bbfixed\u00a0\u00bb bg_image_posiiton=\u00a0\u00bb50% 65%\u00a0\u00bb bg_override=\u00a0\u00bbfull\u00a0\u00bb][vc_column css_animation=\u00a0\u00bbfadeIn\u00a0\u00bb css=\u00a0\u00bb.vc_custom_1656311697974{padding-top: 13% !important;padding-bottom: 11% !important;background-position: center !important;background-repeat: no-repeat !important;background-size: contain !important;}\u00a0\u00bb][vc_empty_space height=\u00a0\u00bb50px\u00a0\u00bb][\/vc_column][\/vc_row][vc_row css=\u00a0\u00bb.vc_custom_1669795732830{padding-top: 30px !important;padding-bottom: 30px !important;}\u00a0\u00bb][vc_column offset=\u00a0\u00bbvc_col-md-offset-3 vc_col-md-6&Prime;][vc_custom_heading text=\u00a0\u00bbResidence dei Fiori\u00a0\u00bb font_container=\u00a0\u00bbtag:h2|font_size:58|text_align:center|line_height:1&Prime; google_fonts=\u00a0\u00bbfont_family:Alex%20Brush%3Aregular|font_style:400%20regular%3A400%3Anormal\u00a0\u00bb][\/vc_column][\/vc_row][vc_row][vc_column width=\u00a0\u00bb2\/3&Prime;][vc_single_image image=\u00a0\u00bb8088&Prime; img_size=\u00a0\u00bbfull\u00a0\u00bb alignment=\u00a0\u00bbcenter\u00a0\u00bb onclick=\u00a0\u00bbimg_link_large\u00a0\u00bb css=\u00a0\u00bb\u00a0\u00bb][vc_row_inner][vc_column_inner][vc_column_text]La R\u00e9sidence des Fleurs, plong\u00e9e dans la verdure, est situ\u00e9e \u00e0 deux pas de la&hellip;\" \/>\n<meta property=\"og:url\" content=\"https:\/\/www.hotelelba.it\/fr\/residence-dei-fiori\/\" \/>\n<meta property=\"og:site_name\" content=\"Hotel Elba e Residence dei Fiori\" \/>\n<meta property=\"article:publisher\" content=\"https:\/\/www.facebook.com\/HotelElbaResidenceDeiFiori\" \/>\n<meta property=\"article:modified_time\" content=\"2025-01-17T15:03:22+00:00\" \/>\n<meta property=\"og:image\" content=\"https:\/\/www.hotelelba.it\/wp-content\/uploads\/2023\/05\/residence-dei-fiori.jpg\" \/>\n\t<meta property=\"og:image:width\" content=\"1920\" \/>\n\t<meta property=\"og:image:height\" content=\"1280\" \/>\n\t<meta property=\"og:image:type\" content=\"image\/jpeg\" \/>\n<meta name=\"twitter:card\" content=\"summary_large_image\" \/>\n<meta name=\"twitter:site\" content=\"@ElbaFiori\" \/>\n<meta name=\"twitter:label1\" content=\"Dur\u00e9e de lecture estim\u00e9e\" \/>\n\t<meta name=\"twitter:data1\" content=\"2 minutes\" \/>\n<script type=\"application\/ld+json\" class=\"yoast-schema-graph\">{\"@context\":\"https:\/\/schema.org\",\"@graph\":[{\"@type\":\"WebPage\",\"@id\":\"https:\/\/www.hotelelba.it\/fr\/residence-dei-fiori\/\",\"url\":\"https:\/\/www.hotelelba.it\/fr\/residence-dei-fiori\/\",\"name\":\"Residence dei Fiori - Hotel Elba e Residence dei Fiori\",\"isPartOf\":{\"@id\":\"https:\/\/www.hotelelba.it\/#website\"},\"primaryImageOfPage\":{\"@id\":\"https:\/\/www.hotelelba.it\/fr\/residence-dei-fiori\/#primaryimage\"},\"image\":{\"@id\":\"https:\/\/www.hotelelba.it\/fr\/residence-dei-fiori\/#primaryimage\"},\"thumbnailUrl\":\"https:\/\/www.hotelelba.it\/wp-content\/uploads\/2023\/05\/residence-dei-fiori.jpg\",\"datePublished\":\"2022-06-29T06:55:28+00:00\",\"dateModified\":\"2025-01-17T15:03:22+00:00\",\"breadcrumb\":{\"@id\":\"https:\/\/www.hotelelba.it\/fr\/residence-dei-fiori\/#breadcrumb\"},\"inLanguage\":\"fr-FR\",\"potentialAction\":[{\"@type\":\"ReadAction\",\"target\":[\"https:\/\/www.hotelelba.it\/fr\/residence-dei-fiori\/\"]}]},{\"@type\":\"ImageObject\",\"inLanguage\":\"fr-FR\",\"@id\":\"https:\/\/www.hotelelba.it\/fr\/residence-dei-fiori\/#primaryimage\",\"url\":\"https:\/\/www.hotelelba.it\/wp-content\/uploads\/2023\/05\/residence-dei-fiori.jpg\",\"contentUrl\":\"https:\/\/www.hotelelba.it\/wp-content\/uploads\/2023\/05\/residence-dei-fiori.jpg\",\"width\":1920,\"height\":1280},{\"@type\":\"BreadcrumbList\",\"@id\":\"https:\/\/www.hotelelba.it\/fr\/residence-dei-fiori\/#breadcrumb\",\"itemListElement\":[{\"@type\":\"ListItem\",\"position\":1,\"name\":\"Home\",\"item\":\"https:\/\/www.hotelelba.it\/fr\/\"},{\"@type\":\"ListItem\",\"position\":2,\"name\":\"Residence dei Fiori\"}]},{\"@type\":\"WebSite\",\"@id\":\"https:\/\/www.hotelelba.it\/#website\",\"url\":\"https:\/\/www.hotelelba.it\/\",\"name\":\"Hotel Elba e Residence dei Fiori\",\"description\":\"Hotel e Residence a Marina di Campo all&#039;Isola d&#039;Elba\",\"publisher\":{\"@id\":\"https:\/\/www.hotelelba.it\/#organization\"},\"potentialAction\":[{\"@type\":\"SearchAction\",\"target\":{\"@type\":\"EntryPoint\",\"urlTemplate\":\"https:\/\/www.hotelelba.it\/?s={search_term_string}\"},\"query-input\":{\"@type\":\"PropertyValueSpecification\",\"valueRequired\":true,\"valueName\":\"search_term_string\"}}],\"inLanguage\":\"fr-FR\"},{\"@type\":\"Organization\",\"@id\":\"https:\/\/www.hotelelba.it\/#organization\",\"name\":\"Hotel Elba e Residence dei Fiori\",\"url\":\"https:\/\/www.hotelelba.it\/\",\"logo\":{\"@type\":\"ImageObject\",\"inLanguage\":\"fr-FR\",\"@id\":\"https:\/\/www.hotelelba.it\/#\/schema\/logo\/image\/\",\"url\":\"https:\/\/www.hotelelba.it\/wp-content\/uploads\/2022\/06\/Hotel_Elba_2x.png\",\"contentUrl\":\"https:\/\/www.hotelelba.it\/wp-content\/uploads\/2022\/06\/Hotel_Elba_2x.png\",\"width\":360,\"height\":204,\"caption\":\"Hotel Elba e Residence dei Fiori\"},\"image\":{\"@id\":\"https:\/\/www.hotelelba.it\/#\/schema\/logo\/image\/\"},\"sameAs\":[\"https:\/\/www.facebook.com\/HotelElbaResidenceDeiFiori\",\"https:\/\/x.com\/ElbaFiori\",\"https:\/\/www.instagram.com\/hotelelba.residencedeifiori\/\"]}]}<\/script>\n<!-- \/ Yoast SEO plugin. -->","yoast_head_json":{"title":"Residence dei Fiori - Hotel Elba e Residence dei Fiori","robots":{"index":"index","follow":"follow","max-snippet":"max-snippet:-1","max-image-preview":"max-image-preview:large","max-video-preview":"max-video-preview:-1"},"canonical":"https:\/\/www.hotelelba.it\/fr\/residence-dei-fiori\/","og_locale":"fr_FR","og_type":"article","og_title":"Residence dei Fiori - Hotel Elba e Residence dei Fiori","og_description":"[vc_row full_width=\u00a0\u00bbstretch_row_content_no_spaces\u00a0\u00bb bg_type=\u00a0\u00bbimage\u00a0\u00bb parallax_style=\u00a0\u00bbvcpb-default\u00a0\u00bb bg_image_new=\u00a0\u00bbid^2596|url^http:\/\/hotelelba.youelba.com\/wp-content\/uploads\/2022\/12\/DSC_5690-HDR-scaled.jpg|caption^null|alt^null|title^DSC_5690-HDR|description^null\u00a0\u00bb bg_image_repeat=\u00a0\u00bbno-repeat\u00a0\u00bb bg_img_attach=\u00a0\u00bbfixed\u00a0\u00bb bg_image_posiiton=\u00a0\u00bb50% 65%\u00a0\u00bb bg_override=\u00a0\u00bbfull\u00a0\u00bb][vc_column css_animation=\u00a0\u00bbfadeIn\u00a0\u00bb css=\u00a0\u00bb.vc_custom_1656311697974{padding-top: 13% !important;padding-bottom: 11% !important;background-position: center !important;background-repeat: no-repeat !important;background-size: contain !important;}\u00a0\u00bb][vc_empty_space height=\u00a0\u00bb50px\u00a0\u00bb][\/vc_column][\/vc_row][vc_row css=\u00a0\u00bb.vc_custom_1669795732830{padding-top: 30px !important;padding-bottom: 30px !important;}\u00a0\u00bb][vc_column offset=\u00a0\u00bbvc_col-md-offset-3 vc_col-md-6&Prime;][vc_custom_heading text=\u00a0\u00bbResidence dei Fiori\u00a0\u00bb font_container=\u00a0\u00bbtag:h2|font_size:58|text_align:center|line_height:1&Prime; google_fonts=\u00a0\u00bbfont_family:Alex%20Brush%3Aregular|font_style:400%20regular%3A400%3Anormal\u00a0\u00bb][\/vc_column][\/vc_row][vc_row][vc_column width=\u00a0\u00bb2\/3&Prime;][vc_single_image image=\u00a0\u00bb8088&Prime; img_size=\u00a0\u00bbfull\u00a0\u00bb alignment=\u00a0\u00bbcenter\u00a0\u00bb onclick=\u00a0\u00bbimg_link_large\u00a0\u00bb css=\u00a0\u00bb\u00a0\u00bb][vc_row_inner][vc_column_inner][vc_column_text]La R\u00e9sidence des Fleurs, plong\u00e9e dans la verdure, est situ\u00e9e \u00e0 deux pas de la&hellip;","og_url":"https:\/\/www.hotelelba.it\/fr\/residence-dei-fiori\/","og_site_name":"Hotel Elba e Residence dei Fiori","article_publisher":"https:\/\/www.facebook.com\/HotelElbaResidenceDeiFiori","article_modified_time":"2025-01-17T15:03:22+00:00","og_image":[{"width":1920,"height":1280,"url":"https:\/\/www.hotelelba.it\/wp-content\/uploads\/2023\/05\/residence-dei-fiori.jpg","type":"image\/jpeg"}],"twitter_card":"summary_large_image","twitter_site":"@ElbaFiori","twitter_misc":{"Dur\u00e9e de lecture estim\u00e9e":"2 minutes"},"schema":{"@context":"https:\/\/schema.org","@graph":[{"@type":"WebPage","@id":"https:\/\/www.hotelelba.it\/fr\/residence-dei-fiori\/","url":"https:\/\/www.hotelelba.it\/fr\/residence-dei-fiori\/","name":"Residence dei Fiori - Hotel Elba e Residence dei Fiori","isPartOf":{"@id":"https:\/\/www.hotelelba.it\/#website"},"primaryImageOfPage":{"@id":"https:\/\/www.hotelelba.it\/fr\/residence-dei-fiori\/#primaryimage"},"image":{"@id":"https:\/\/www.hotelelba.it\/fr\/residence-dei-fiori\/#primaryimage"},"thumbnailUrl":"https:\/\/www.hotelelba.it\/wp-content\/uploads\/2023\/05\/residence-dei-fiori.jpg","datePublished":"2022-06-29T06:55:28+00:00","dateModified":"2025-01-17T15:03:22+00:00","breadcrumb":{"@id":"https:\/\/www.hotelelba.it\/fr\/residence-dei-fiori\/#breadcrumb"},"inLanguage":"fr-FR","potentialAction":[{"@type":"ReadAction","target":["https:\/\/www.hotelelba.it\/fr\/residence-dei-fiori\/"]}]},{"@type":"ImageObject","inLanguage":"fr-FR","@id":"https:\/\/www.hotelelba.it\/fr\/residence-dei-fiori\/#primaryimage","url":"https:\/\/www.hotelelba.it\/wp-content\/uploads\/2023\/05\/residence-dei-fiori.jpg","contentUrl":"https:\/\/www.hotelelba.it\/wp-content\/uploads\/2023\/05\/residence-dei-fiori.jpg","width":1920,"height":1280},{"@type":"BreadcrumbList","@id":"https:\/\/www.hotelelba.it\/fr\/residence-dei-fiori\/#breadcrumb","itemListElement":[{"@type":"ListItem","position":1,"name":"Home","item":"https:\/\/www.hotelelba.it\/fr\/"},{"@type":"ListItem","position":2,"name":"Residence dei Fiori"}]},{"@type":"WebSite","@id":"https:\/\/www.hotelelba.it\/#website","url":"https:\/\/www.hotelelba.it\/","name":"Hotel Elba e Residence dei Fiori","description":"Hotel e Residence a Marina di Campo all&#039;Isola d&#039;Elba","publisher":{"@id":"https:\/\/www.hotelelba.it\/#organization"},"potentialAction":[{"@type":"SearchAction","target":{"@type":"EntryPoint","urlTemplate":"https:\/\/www.hotelelba.it\/?s={search_term_string}"},"query-input":{"@type":"PropertyValueSpecification","valueRequired":true,"valueName":"search_term_string"}}],"inLanguage":"fr-FR"},{"@type":"Organization","@id":"https:\/\/www.hotelelba.it\/#organization","name":"Hotel Elba e Residence dei Fiori","url":"https:\/\/www.hotelelba.it\/","logo":{"@type":"ImageObject","inLanguage":"fr-FR","@id":"https:\/\/www.hotelelba.it\/#\/schema\/logo\/image\/","url":"https:\/\/www.hotelelba.it\/wp-content\/uploads\/2022\/06\/Hotel_Elba_2x.png","contentUrl":"https:\/\/www.hotelelba.it\/wp-content\/uploads\/2022\/06\/Hotel_Elba_2x.png","width":360,"height":204,"caption":"Hotel Elba e Residence dei Fiori"},"image":{"@id":"https:\/\/www.hotelelba.it\/#\/schema\/logo\/image\/"},"sameAs":["https:\/\/www.facebook.com\/HotelElbaResidenceDeiFiori","https:\/\/x.com\/ElbaFiori","https:\/\/www.instagram.com\/hotelelba.residencedeifiori\/"]}]}},"_links":{"self":[{"href":"https:\/\/www.hotelelba.it\/fr\/wp-json\/wp\/v2\/pages\/4224"}],"collection":[{"href":"https:\/\/www.hotelelba.it\/fr\/wp-json\/wp\/v2\/pages"}],"about":[{"href":"https:\/\/www.hotelelba.it\/fr\/wp-json\/wp\/v2\/types\/page"}],"author":[{"embeddable":true,"href":"https:\/\/www.hotelelba.it\/fr\/wp-json\/wp\/v2\/users\/1"}],"replies":[{"embeddable":true,"href":"https:\/\/www.hotelelba.it\/fr\/wp-json\/wp\/v2\/comments?post=4224"}],"version-history":[{"count":5,"href":"https:\/\/www.hotelelba.it\/fr\/wp-json\/wp\/v2\/pages\/4224\/revisions"}],"predecessor-version":[{"id":8109,"href":"https:\/\/www.hotelelba.it\/fr\/wp-json\/wp\/v2\/pages\/4224\/revisions\/8109"}],"wp:featuredmedia":[{"embeddable":true,"href":"https:\/\/www.hotelelba.it\/fr\/wp-json\/wp\/v2\/media\/5099"}],"wp:attachment":[{"href":"https:\/\/www.hotelelba.it\/fr\/wp-json\/wp\/v2\/media?parent=4224"}],"curies":[{"name":"wp","href":"https:\/\/api.w.org\/{rel}","templated":true}]}}