{"id":4097,"date":"2022-06-29T11:17:48","date_gmt":"2022-06-29T09:17:48","guid":{"rendered":"http:\/\/hotelelba.youelba.com\/isola-delba\/"},"modified":"2025-03-22T17:42:11","modified_gmt":"2025-03-22T16:42:11","slug":"ile-delbe","status":"publish","type":"page","link":"https:\/\/www.hotelelba.it\/fr\/ile-delbe\/","title":{"rendered":"\u00cele d\u2019Elbe"},"content":{"rendered":"<div class=\"wpb-content-wrapper\"><p>[vc_row full_width=\u00a0\u00bbstretch_row_content_no_spaces\u00a0\u00bb bg_type=\u00a0\u00bbimage\u00a0\u00bb parallax_style=\u00a0\u00bbvcpb-default\u00a0\u00bb bg_image_new=\u00a0\u00bbid^8171|url^https:\/\/www.hotelelba.it\/wp-content\/uploads\/2025\/01\/originale-2-scaled.jpg|caption^DCIM100GOPROGOPR7854.JPG|alt^null|title^DCIM100GOPROGOPR7854.JPG|description^null\u00a0\u00bb bg_image_repeat=\u00a0\u00bbno-repeat\u00a0\u00bb bg_override=\u00a0\u00bbfull\u00a0\u00bb][vc_column css_animation=\u00a0\u00bbfadeIn\u00a0\u00bb css=\u00a0\u00bb.vc_custom_1656311697974{padding-top: 13% !important;padding-bottom: 11% !important;background-position: center !important;background-repeat: no-repeat !important;background-size: contain !important;}\u00a0\u00bb][vc_empty_space height=\u00a0\u00bb50px\u00a0\u00bb][\/vc_column][\/vc_row][vc_row css=\u00a0\u00bb.vc_custom_1669796122820{padding-top: 30px !important;padding-bottom: 30px !important;}\u00a0\u00bb][vc_column offset=\u00a0\u00bbvc_col-md-offset-3 vc_col-md-6&Prime;][vc_custom_heading text=\u00a0\u00bb\u00cele d\u2019Elbe\u00a0\u00bb font_container=\u00a0\u00bbtag:p|font_size:58|text_align:center\u00a0\u00bb google_fonts=\u00a0\u00bbfont_family:Alex%20Brush%3Aregular|font_style:400%20regular%3A400%3Anormal\u00a0\u00bb][\/vc_column][\/vc_row][vc_row][vc_column][vc_column_text]L\u2019\u00cele d\u2019Elbe est une petite \u00eele, mais la plus grande de l\u2019Archipel toscan avec une superficie de 224 km2. Elle est entour\u00e9e d\u2019une eau limpide, d\u2019une mer cristalline aux mille facettes, et poss\u00e8de de merveilleux fonds marins, de vastes plages, de nombreuses criques dissimul\u00e9es dans la verdure et d\u2019imposantes falaises.<\/p>\n<p>Elle est enti\u00e8rement recouverte d\u2019un luxuriant maquis m\u00e9diterran\u00e9en constitu\u00e9 de bois de ch\u00e2taigniers, de ch\u00eanes verts s\u00e9culaires, de pins, de ch\u00eanes-li\u00e8ges, de bruy\u00e8re, d\u2019arbousiers, de gen\u00eats, de plantes aromatiques, de coquelicots et de blanches marguerites. C\u2019est pourquoi on la classe parmi les \u00eeles les plus vertes de la M\u00e9diterran\u00e9e et est plac\u00e9e sous la protection du Parc National de l\u2019Archipel Toscan.[\/vc_column_text][vc_raw_html]JTVCZ29vZ2xlX21hcF9lYXN5JTIwaWQlM0QlMjIxJTIyJTVE[\/vc_raw_html][vc_column_text]Elle jouit effectivement d\u2019un climat subtropical, avec des hivers relativement temp\u00e9r\u00e9s et humides, et des p\u00e9riodes estivales marqu\u00e9es par la s\u00e9cheresse. Elle offre donc la possibilit\u00e9 d\u2019y passer des vacances \u00e0 n\u2019importe quel moment de l\u2019ann\u00e9e, m\u00eame si la meilleure p\u00e9riode reste le printemps, lorsque la nature explose de parfums et de couleurs.<\/p>\n<p>\u00c0 l\u2019\u00cele d\u2019Elbe, le tourisme a su se d\u00e9velopper \u00e0 mesure d\u2019homme, sans bouleverser l\u2019environnement, les traditions et l\u2019\u00e2me de ses habitants.<\/p>\n<p>Vous vous trouverez plong\u00e9s dans une \u00eele magique et intemporelle, qui vous racontera des histoires d\u2019habitants pr\u00e9historiques, de mines de fer qui enrichirent d\u2019abord les \u00e9trusques puis les romains, d\u2019incursions de pirates, de batailles sanglantes, de Napol\u00e9on et de sa pr\u00e9sence qui laissait sur l\u2019\u00eele une empreinte significative.<\/p>\n<p>Si vous vous laissez guider par les vents vous soufflant dans l\u2019oreille le r\u00e9cit de personnes et de faits, vous vous apercevrez que chaque lieu, chaque grain de sable porte en lui les aventures de la terre et de la mer, infinies et fascinantes comme les couleurs de cette \u00eele. Nous sommes certains que vous serez envo\u00fbt\u00e9s par tant de beaut\u00e9, \u00e0 tel point de ne plus vouloir vous en d\u00e9tacher.[\/vc_column_text][\/vc_column][\/vc_row][vc_row][vc_column][vc_column_text css=\u00a0\u00bb\u00a0\u00bb]Photo Credit: Adriano Locci[\/vc_column_text][\/vc_column][\/vc_row]<\/p>\n<\/div>","protected":false},"excerpt":{"rendered":"<p>[vc_row full_width=\u00a0\u00bbstretch_row_content_no_spaces\u00a0\u00bb bg_type=\u00a0\u00bbimage\u00a0\u00bb parallax_style=\u00a0\u00bbvcpb-default\u00a0\u00bb bg_image_new=\u00a0\u00bbid^8171|url^https:\/\/www.hotelelba.it\/wp-content\/uploads\/2025\/01\/originale-2-scaled.jpg|caption^DCIM100GOPROGOPR7854.JPG|alt^null|title^DCIM100GOPROGOPR7854.JPG|description^null\u00a0\u00bb bg_image_repeat=\u00a0\u00bbno-repeat\u00a0\u00bb bg_override=\u00a0\u00bbfull\u00a0\u00bb][vc_column css_animation=\u00a0\u00bbfadeIn\u00a0\u00bb css=\u00a0\u00bb.vc_custom_1656311697974{padding-top: 13% !important;padding-bottom: 11% !important;background-position: center !important;background-repeat: no-repeat !important;background-size: contain !important;}\u00a0\u00bb][vc_empty_space height=\u00a0\u00bb50px\u00a0\u00bb][\/vc_column][\/vc_row][vc_row css=\u00a0\u00bb.vc_custom_1669796122820{padding-top: 30px !important;padding-bottom: 30px !important;}\u00a0\u00bb][vc_column offset=\u00a0\u00bbvc_col-md-offset-3 vc_col-md-6&Prime;][vc_custom_heading text=\u00a0\u00bb\u00cele d\u2019Elbe\u00a0\u00bb font_container=\u00a0\u00bbtag:p|font_size:58|text_align:center\u00a0\u00bb google_fonts=\u00a0\u00bbfont_family:Alex%20Brush%3Aregular|font_style:400%20regular%3A400%3Anormal\u00a0\u00bb][\/vc_column][\/vc_row][vc_row][vc_column][vc_column_text]L\u2019\u00cele d\u2019Elbe est une petite \u00eele, mais la plus grande de l\u2019Archipel toscan avec une superficie de 224 km2. Elle est entour\u00e9e d\u2019une eau limpide,&hellip;<\/p>\n","protected":false},"author":1,"featured_media":0,"parent":0,"menu_order":0,"comment_status":"closed","ping_status":"closed","template":"","meta":{"footnotes":""},"class_list":["post-4097","page","type-page","status-publish","hentry","description-off"],"yoast_head":"<!-- This site is optimized with the Yoast SEO plugin v25.3 - https:\/\/yoast.com\/wordpress\/plugins\/seo\/ -->\n<title>\u00cele d\u2019Elbe - Hotel Elba e Residence dei Fiori<\/title>\n<meta name=\"robots\" content=\"index, follow, max-snippet:-1, max-image-preview:large, max-video-preview:-1\" \/>\n<link rel=\"canonical\" href=\"https:\/\/www.hotelelba.it\/fr\/ile-delbe\/\" \/>\n<meta property=\"og:locale\" content=\"fr_FR\" \/>\n<meta property=\"og:type\" content=\"article\" \/>\n<meta property=\"og:title\" content=\"\u00cele d\u2019Elbe - Hotel Elba e Residence dei Fiori\" \/>\n<meta property=\"og:description\" content=\"[vc_row full_width=\u00a0\u00bbstretch_row_content_no_spaces\u00a0\u00bb bg_type=\u00a0\u00bbimage\u00a0\u00bb parallax_style=\u00a0\u00bbvcpb-default\u00a0\u00bb bg_image_new=\u00a0\u00bbid^8171|url^https:\/\/www.hotelelba.it\/wp-content\/uploads\/2025\/01\/originale-2-scaled.jpg|caption^DCIM100GOPROGOPR7854.JPG|alt^null|title^DCIM100GOPROGOPR7854.JPG|description^null\u00a0\u00bb bg_image_repeat=\u00a0\u00bbno-repeat\u00a0\u00bb bg_override=\u00a0\u00bbfull\u00a0\u00bb][vc_column css_animation=\u00a0\u00bbfadeIn\u00a0\u00bb css=\u00a0\u00bb.vc_custom_1656311697974{padding-top: 13% !important;padding-bottom: 11% !important;background-position: center !important;background-repeat: no-repeat !important;background-size: contain !important;}\u00a0\u00bb][vc_empty_space height=\u00a0\u00bb50px\u00a0\u00bb][\/vc_column][\/vc_row][vc_row css=\u00a0\u00bb.vc_custom_1669796122820{padding-top: 30px !important;padding-bottom: 30px !important;}\u00a0\u00bb][vc_column offset=\u00a0\u00bbvc_col-md-offset-3 vc_col-md-6&Prime;][vc_custom_heading text=\u00a0\u00bb\u00cele d\u2019Elbe\u00a0\u00bb font_container=\u00a0\u00bbtag:p|font_size:58|text_align:center\u00a0\u00bb google_fonts=\u00a0\u00bbfont_family:Alex%20Brush%3Aregular|font_style:400%20regular%3A400%3Anormal\u00a0\u00bb][\/vc_column][\/vc_row][vc_row][vc_column][vc_column_text]L\u2019\u00cele d\u2019Elbe est une petite \u00eele, mais la plus grande de l\u2019Archipel toscan avec une superficie de 224 km2. Elle est entour\u00e9e d\u2019une eau limpide,&hellip;\" \/>\n<meta property=\"og:url\" content=\"https:\/\/www.hotelelba.it\/fr\/ile-delbe\/\" \/>\n<meta property=\"og:site_name\" content=\"Hotel Elba e Residence dei Fiori\" \/>\n<meta property=\"article:publisher\" content=\"https:\/\/www.facebook.com\/HotelElbaResidenceDeiFiori\" \/>\n<meta property=\"article:modified_time\" content=\"2025-03-22T16:42:11+00:00\" \/>\n<meta name=\"twitter:card\" content=\"summary_large_image\" \/>\n<meta name=\"twitter:site\" content=\"@ElbaFiori\" \/>\n<meta name=\"twitter:label1\" content=\"Dur\u00e9e de lecture estim\u00e9e\" \/>\n\t<meta name=\"twitter:data1\" content=\"2 minutes\" \/>\n<script type=\"application\/ld+json\" class=\"yoast-schema-graph\">{\"@context\":\"https:\/\/schema.org\",\"@graph\":[{\"@type\":\"WebPage\",\"@id\":\"https:\/\/www.hotelelba.it\/fr\/ile-delbe\/\",\"url\":\"https:\/\/www.hotelelba.it\/fr\/ile-delbe\/\",\"name\":\"\u00cele d\u2019Elbe - Hotel Elba e Residence dei Fiori\",\"isPartOf\":{\"@id\":\"https:\/\/www.hotelelba.it\/#website\"},\"datePublished\":\"2022-06-29T09:17:48+00:00\",\"dateModified\":\"2025-03-22T16:42:11+00:00\",\"breadcrumb\":{\"@id\":\"https:\/\/www.hotelelba.it\/fr\/ile-delbe\/#breadcrumb\"},\"inLanguage\":\"fr-FR\",\"potentialAction\":[{\"@type\":\"ReadAction\",\"target\":[\"https:\/\/www.hotelelba.it\/fr\/ile-delbe\/\"]}]},{\"@type\":\"BreadcrumbList\",\"@id\":\"https:\/\/www.hotelelba.it\/fr\/ile-delbe\/#breadcrumb\",\"itemListElement\":[{\"@type\":\"ListItem\",\"position\":1,\"name\":\"Home\",\"item\":\"https:\/\/www.hotelelba.it\/fr\/\"},{\"@type\":\"ListItem\",\"position\":2,\"name\":\"\u00cele d\u2019Elbe\"}]},{\"@type\":\"WebSite\",\"@id\":\"https:\/\/www.hotelelba.it\/#website\",\"url\":\"https:\/\/www.hotelelba.it\/\",\"name\":\"Hotel Elba e Residence dei Fiori\",\"description\":\"Hotel e Residence a Marina di Campo all&#039;Isola d&#039;Elba\",\"publisher\":{\"@id\":\"https:\/\/www.hotelelba.it\/#organization\"},\"potentialAction\":[{\"@type\":\"SearchAction\",\"target\":{\"@type\":\"EntryPoint\",\"urlTemplate\":\"https:\/\/www.hotelelba.it\/?s={search_term_string}\"},\"query-input\":{\"@type\":\"PropertyValueSpecification\",\"valueRequired\":true,\"valueName\":\"search_term_string\"}}],\"inLanguage\":\"fr-FR\"},{\"@type\":\"Organization\",\"@id\":\"https:\/\/www.hotelelba.it\/#organization\",\"name\":\"Hotel Elba e Residence dei Fiori\",\"url\":\"https:\/\/www.hotelelba.it\/\",\"logo\":{\"@type\":\"ImageObject\",\"inLanguage\":\"fr-FR\",\"@id\":\"https:\/\/www.hotelelba.it\/#\/schema\/logo\/image\/\",\"url\":\"https:\/\/www.hotelelba.it\/wp-content\/uploads\/2022\/06\/Hotel_Elba_2x.png\",\"contentUrl\":\"https:\/\/www.hotelelba.it\/wp-content\/uploads\/2022\/06\/Hotel_Elba_2x.png\",\"width\":360,\"height\":204,\"caption\":\"Hotel Elba e Residence dei Fiori\"},\"image\":{\"@id\":\"https:\/\/www.hotelelba.it\/#\/schema\/logo\/image\/\"},\"sameAs\":[\"https:\/\/www.facebook.com\/HotelElbaResidenceDeiFiori\",\"https:\/\/x.com\/ElbaFiori\",\"https:\/\/www.instagram.com\/hotelelba.residencedeifiori\/\"]}]}<\/script>\n<!-- \/ Yoast SEO plugin. -->","yoast_head_json":{"title":"\u00cele d\u2019Elbe - Hotel Elba e Residence dei Fiori","robots":{"index":"index","follow":"follow","max-snippet":"max-snippet:-1","max-image-preview":"max-image-preview:large","max-video-preview":"max-video-preview:-1"},"canonical":"https:\/\/www.hotelelba.it\/fr\/ile-delbe\/","og_locale":"fr_FR","og_type":"article","og_title":"\u00cele d\u2019Elbe - Hotel Elba e Residence dei Fiori","og_description":"[vc_row full_width=\u00a0\u00bbstretch_row_content_no_spaces\u00a0\u00bb bg_type=\u00a0\u00bbimage\u00a0\u00bb parallax_style=\u00a0\u00bbvcpb-default\u00a0\u00bb bg_image_new=\u00a0\u00bbid^8171|url^https:\/\/www.hotelelba.it\/wp-content\/uploads\/2025\/01\/originale-2-scaled.jpg|caption^DCIM100GOPROGOPR7854.JPG|alt^null|title^DCIM100GOPROGOPR7854.JPG|description^null\u00a0\u00bb bg_image_repeat=\u00a0\u00bbno-repeat\u00a0\u00bb bg_override=\u00a0\u00bbfull\u00a0\u00bb][vc_column css_animation=\u00a0\u00bbfadeIn\u00a0\u00bb css=\u00a0\u00bb.vc_custom_1656311697974{padding-top: 13% !important;padding-bottom: 11% !important;background-position: center !important;background-repeat: no-repeat !important;background-size: contain !important;}\u00a0\u00bb][vc_empty_space height=\u00a0\u00bb50px\u00a0\u00bb][\/vc_column][\/vc_row][vc_row css=\u00a0\u00bb.vc_custom_1669796122820{padding-top: 30px !important;padding-bottom: 30px !important;}\u00a0\u00bb][vc_column offset=\u00a0\u00bbvc_col-md-offset-3 vc_col-md-6&Prime;][vc_custom_heading text=\u00a0\u00bb\u00cele d\u2019Elbe\u00a0\u00bb font_container=\u00a0\u00bbtag:p|font_size:58|text_align:center\u00a0\u00bb google_fonts=\u00a0\u00bbfont_family:Alex%20Brush%3Aregular|font_style:400%20regular%3A400%3Anormal\u00a0\u00bb][\/vc_column][\/vc_row][vc_row][vc_column][vc_column_text]L\u2019\u00cele d\u2019Elbe est une petite \u00eele, mais la plus grande de l\u2019Archipel toscan avec une superficie de 224 km2. Elle est entour\u00e9e d\u2019une eau limpide,&hellip;","og_url":"https:\/\/www.hotelelba.it\/fr\/ile-delbe\/","og_site_name":"Hotel Elba e Residence dei Fiori","article_publisher":"https:\/\/www.facebook.com\/HotelElbaResidenceDeiFiori","article_modified_time":"2025-03-22T16:42:11+00:00","twitter_card":"summary_large_image","twitter_site":"@ElbaFiori","twitter_misc":{"Dur\u00e9e de lecture estim\u00e9e":"2 minutes"},"schema":{"@context":"https:\/\/schema.org","@graph":[{"@type":"WebPage","@id":"https:\/\/www.hotelelba.it\/fr\/ile-delbe\/","url":"https:\/\/www.hotelelba.it\/fr\/ile-delbe\/","name":"\u00cele d\u2019Elbe - Hotel Elba e Residence dei Fiori","isPartOf":{"@id":"https:\/\/www.hotelelba.it\/#website"},"datePublished":"2022-06-29T09:17:48+00:00","dateModified":"2025-03-22T16:42:11+00:00","breadcrumb":{"@id":"https:\/\/www.hotelelba.it\/fr\/ile-delbe\/#breadcrumb"},"inLanguage":"fr-FR","potentialAction":[{"@type":"ReadAction","target":["https:\/\/www.hotelelba.it\/fr\/ile-delbe\/"]}]},{"@type":"BreadcrumbList","@id":"https:\/\/www.hotelelba.it\/fr\/ile-delbe\/#breadcrumb","itemListElement":[{"@type":"ListItem","position":1,"name":"Home","item":"https:\/\/www.hotelelba.it\/fr\/"},{"@type":"ListItem","position":2,"name":"\u00cele d\u2019Elbe"}]},{"@type":"WebSite","@id":"https:\/\/www.hotelelba.it\/#website","url":"https:\/\/www.hotelelba.it\/","name":"Hotel Elba e Residence dei Fiori","description":"Hotel e Residence a Marina di Campo all&#039;Isola d&#039;Elba","publisher":{"@id":"https:\/\/www.hotelelba.it\/#organization"},"potentialAction":[{"@type":"SearchAction","target":{"@type":"EntryPoint","urlTemplate":"https:\/\/www.hotelelba.it\/?s={search_term_string}"},"query-input":{"@type":"PropertyValueSpecification","valueRequired":true,"valueName":"search_term_string"}}],"inLanguage":"fr-FR"},{"@type":"Organization","@id":"https:\/\/www.hotelelba.it\/#organization","name":"Hotel Elba e Residence dei Fiori","url":"https:\/\/www.hotelelba.it\/","logo":{"@type":"ImageObject","inLanguage":"fr-FR","@id":"https:\/\/www.hotelelba.it\/#\/schema\/logo\/image\/","url":"https:\/\/www.hotelelba.it\/wp-content\/uploads\/2022\/06\/Hotel_Elba_2x.png","contentUrl":"https:\/\/www.hotelelba.it\/wp-content\/uploads\/2022\/06\/Hotel_Elba_2x.png","width":360,"height":204,"caption":"Hotel Elba e Residence dei Fiori"},"image":{"@id":"https:\/\/www.hotelelba.it\/#\/schema\/logo\/image\/"},"sameAs":["https:\/\/www.facebook.com\/HotelElbaResidenceDeiFiori","https:\/\/x.com\/ElbaFiori","https:\/\/www.instagram.com\/hotelelba.residencedeifiori\/"]}]}},"_links":{"self":[{"href":"https:\/\/www.hotelelba.it\/fr\/wp-json\/wp\/v2\/pages\/4097"}],"collection":[{"href":"https:\/\/www.hotelelba.it\/fr\/wp-json\/wp\/v2\/pages"}],"about":[{"href":"https:\/\/www.hotelelba.it\/fr\/wp-json\/wp\/v2\/types\/page"}],"author":[{"embeddable":true,"href":"https:\/\/www.hotelelba.it\/fr\/wp-json\/wp\/v2\/users\/1"}],"replies":[{"embeddable":true,"href":"https:\/\/www.hotelelba.it\/fr\/wp-json\/wp\/v2\/comments?post=4097"}],"version-history":[{"count":5,"href":"https:\/\/www.hotelelba.it\/fr\/wp-json\/wp\/v2\/pages\/4097\/revisions"}],"predecessor-version":[{"id":8186,"href":"https:\/\/www.hotelelba.it\/fr\/wp-json\/wp\/v2\/pages\/4097\/revisions\/8186"}],"wp:attachment":[{"href":"https:\/\/www.hotelelba.it\/fr\/wp-json\/wp\/v2\/media?parent=4097"}],"curies":[{"name":"wp","href":"https:\/\/api.w.org\/{rel}","templated":true}]}}