{"id":4093,"date":"2022-06-27T09:45:51","date_gmt":"2022-06-27T07:45:51","guid":{"rendered":"http:\/\/hotelelba.youelba.com\/in-vacanza-con-il-mio-amico-a-4-zampe\/"},"modified":"2025-02-24T09:33:54","modified_gmt":"2025-02-24T08:33:54","slug":"en-vacances-avec-mon-ami-a-quatre-pattes","status":"publish","type":"page","link":"https:\/\/www.hotelelba.it\/fr\/en-vacances-avec-mon-ami-a-quatre-pattes\/","title":{"rendered":"En vacances avec mon ami \u00e0 quatre pattes"},"content":{"rendered":"<div class=\"wpb-content-wrapper\"><p>[vc_row full_width=\u00a0\u00bbstretch_row_content_no_spaces\u00a0\u00bb bg_type=\u00a0\u00bbimage\u00a0\u00bb parallax_style=\u00a0\u00bbvcpb-default\u00a0\u00bb bg_image_new=\u00a0\u00bbid^640|url^http:\/\/hotelelba.youelba.com\/wp-content\/uploads\/2016\/02\/banner-cane.jpg|caption^null|alt^null|title^banner-cane|description^null\u00a0\u00bb bg_image_repeat=\u00a0\u00bbno-repeat\u00a0\u00bb bg_override=\u00a0\u00bbfull\u00a0\u00bb][vc_column css_animation=\u00a0\u00bbfadeIn\u00a0\u00bb css=\u00a0\u00bb.vc_custom_1656311697974{padding-top: 13% !important;padding-bottom: 11% !important;background-position: center !important;background-repeat: no-repeat !important;background-size: contain !important;}\u00a0\u00bb][vc_empty_space height=\u00a0\u00bb50px\u00a0\u00bb][\/vc_column][\/vc_row][vc_row css=\u00a0\u00bb.vc_custom_1669795403714{padding-top: 30px !important;padding-bottom: 30px !important;}\u00a0\u00bb][vc_column offset=\u00a0\u00bbvc_col-md-offset-3 vc_col-md-6&Prime;][vc_custom_heading text=\u00a0\u00bbEn vacances avec mon ami \u00e0 quatre pattes\u00a0\u00bb font_container=\u00a0\u00bbtag:p|font_size:58|text_align:center|line_height:1&Prime; google_fonts=\u00a0\u00bbfont_family:Alex%20Brush%3Aregular|font_style:400%20regular%3A400%3Anormal\u00a0\u00bb][\/vc_column][\/vc_row][vc_row][vc_column][vc_column_text]\u00c0 l\u2019H\u00f4tel Elba et \u00e0 la R\u00e9sidence des Fleurs, les animaux de compagnie sont les bienvenus!<\/p>\n<p>Notre h\u00f4tel a toujours accept\u00e9 les animaux (chiens, chats, \u2026), mais compte tenu des autres h\u00f4tes et des r\u00e8gles communes d\u2019hygi\u00e8ne, les propri\u00e9taires doivent se faire les garants du respect des r\u00e8gles \u00e9nonc\u00e9es ci-dessous.<\/p>\n<p><a href=\"https:\/\/www.hotelelba.it\/wp-content\/uploads\/2016\/02\/ELBAMYPETS.pdf\" target=\"_blank\" rel=\"noopener\">Vous trouverez ci-apr\u00e8s des indications utiles<\/a>\u00a0relatives aux interdictions, r\u00e8glements et possibilit\u00e9s d\u2019acc\u00e8s aux plages.[\/vc_column_text][\/vc_column][\/vc_row][vc_row][vc_column width=\u00a0\u00bb1\/2&Prime;][vc_single_image image=\u00a0\u00bb743&Prime; img_size=\u00a0\u00bb400&#215;300&Prime; alignment=\u00a0\u00bbright\u00a0\u00bb image_hovers=\u00a0\u00bbfalse\u00a0\u00bb][\/vc_column][vc_column width=\u00a0\u00bb1\/2&Prime;][vc_single_image image=\u00a0\u00bb641&Prime; img_size=\u00a0\u00bb400&#215;300&Prime;][\/vc_column][\/vc_row][vc_row][vc_column][vc_column_text]<strong>R\u00e8glement pour l\u2019acceptation des animaux dans notre H\u00f4tel<\/strong><\/p>\n<ul>\n<li>Dans notre h\u00f4tel, les animaux de compagnie sont accept\u00e9s apr\u00e8s communication pr\u00e9alable au moment de la r\u00e9servation et du check-in;<\/li>\n<li>Le client doit disposer de tout l\u2019\u00e9quipement n\u00e9cessaire au bien-\u00eatre de l\u2019animal.<br \/>\nIl est interdit d\u2019utiliser le linge de lit et de bain pour l\u2019animal (toilettage, couche ou autre).<\/li>\n<li>Il est absolument interdit de faire monter les animaux sur les lits, les fauteuils, les chaises, etc. Si des traces de poils, d\u2019excr\u00e9ments ou autre sont pr\u00e9sentes sur les lits ou sur le linge, le co\u00fbt du nettoyage vous sera d\u00e9bit\u00e9.<\/li>\n<li>Pour des raisons de s\u00e9curit\u00e9 et pour le confort de votre animal, la femme de chambre ne proc\u00e8dera pas au nettoyage si l\u2019animal est seul et\/ou libre \u00e0 l\u2019int\u00e9rieur de la chambre. Vous \u00eates pri\u00e9 de communiquer, au moment du check-in et journellement, l\u2019horaire qui vous convient le mieux.<\/li>\n<li>Le comportement de l\u2019animal doit \u00eatre g\u00e9r\u00e9 par le propri\u00e9taire de fa\u00e7on \u00e0 ne pas d\u00e9ranger les autres h\u00f4tes. Les aboiements du chient ou le miaulement continu du chat pourraient perturber le repos des autres h\u00f4tes, c\u2019est pourquoi nous vous demandons de ne pas laisser vos animaux seuls dans la chambre s\u2019ils ne sont pas habitu\u00e9s ou apeur\u00e9s par le changement d\u2019environnement.<\/li>\n<li>Les propri\u00e9taires d\u2019animaux de compagnie s\u2019engagent \u00e0 tenir leurs animaux domestiques en laisse lorsqu\u2019ils se trouvent dans des lieux publics ou communs \u00e0 l\u2019int\u00e9rieur de l\u2019h\u00f4tel. Nous vous prions de ne pas utiliser les aires de jardin pour les besoins de vos animaux. Si cela devait se produire, il est obligatoire de ramasser les excr\u00e9ments des animaux.<\/li>\n<li>Les animaux de compagnie de petite taille sont admis dans le restaurant sur demande pr\u00e9alable, et ne sont pas admis dans la zone de la piscine de l\u2019h\u00f4tel.<\/li>\n<\/ul>\n<p>Les propri\u00e9taires d\u2019animaux de compagnie assument la pleine responsabilit\u00e9 des dommages \u00e9ventuels commis par ces derniers.[\/vc_column_text][\/vc_column][\/vc_row][vc_row][vc_column]<style type=\"text\/css\" data-type=\"the7_shortcodes-inline-css\">.icon-with-text-shortcode.icon-text-id-b71a07c29f1e773381d3a520939b1d9c .text-icon {\n  width: 60px;\n  height: 60px;\n  line-height: 60px;\n  font-size: 32px;\n  border-radius: 200px;\n  margin: 0px 0px 0px 0px;\n}\n.icon-with-text-shortcode.icon-text-id-b71a07c29f1e773381d3a520939b1d9c .text-icon .icon-inner {\n  min-width: 60px;\n  min-height: 60px;\n  border-radius: 200px;\n}\n@media all and (-ms-high-contrast: none) {\n  .icon-with-text-shortcode.icon-text-id-b71a07c29f1e773381d3a520939b1d9c .text-icon .icon-inner {\n    height: 60px;\n  }\n}\n.icon-with-text-shortcode.icon-text-id-b71a07c29f1e773381d3a520939b1d9c .text-icon .dt-hover-icon {\n  line-height: 60px;\n}\n.icon-with-text-shortcode.icon-text-id-b71a07c29f1e773381d3a520939b1d9c .text-icon:before,\n.icon-with-text-shortcode.icon-text-id-b71a07c29f1e773381d3a520939b1d9c .text-icon:after,\n.icon-with-text-shortcode.icon-text-id-b71a07c29f1e773381d3a520939b1d9c .text-icon .icon-inner:before,\n.icon-with-text-shortcode.icon-text-id-b71a07c29f1e773381d3a520939b1d9c .text-icon .icon-inner:after {\n  min-width: 100%;\n  min-height: 100%;\n  padding: inherit;\n  border-radius: inherit;\n}\n.icon-with-text-shortcode.icon-text-id-b71a07c29f1e773381d3a520939b1d9c .text-icon.dt-icon-border-on:before {\n  border-width: 2px;\n  border-style: solid;\n}\n.dt-icon-border-dashed.icon-with-text-shortcode.icon-text-id-b71a07c29f1e773381d3a520939b1d9c .text-icon.dt-icon-border-on:before {\n  border-style: dashed;\n}\n.dt-icon-border-dotted.icon-with-text-shortcode.icon-text-id-b71a07c29f1e773381d3a520939b1d9c .text-icon.dt-icon-border-on:before {\n  border-style: dotted;\n}\n.dt-icon-border-double.icon-with-text-shortcode.icon-text-id-b71a07c29f1e773381d3a520939b1d9c .text-icon.dt-icon-border-on:before {\n  border-style: double;\n}\n.icon-with-text-shortcode.icon-text-id-b71a07c29f1e773381d3a520939b1d9c .text-icon.dt-icon-border-dashed.dt-icon-border-on:before {\n  border-style: dashed;\n}\n.icon-with-text-shortcode.icon-text-id-b71a07c29f1e773381d3a520939b1d9c .text-icon.dt-icon-border-dotted.dt-icon-border-on:before {\n  border-style: dotted;\n}\n.icon-with-text-shortcode.icon-text-id-b71a07c29f1e773381d3a520939b1d9c .text-icon.dt-icon-border-double.dt-icon-border-on:before {\n  border-style: double;\n}\n.icon-with-text-shortcode.icon-text-id-b71a07c29f1e773381d3a520939b1d9c .text-icon.dt-icon-hover-border-on:after {\n  border-width: 2px;\n  border-style: solid;\n}\n.icon-with-text-shortcode.icon-text-id-b71a07c29f1e773381d3a520939b1d9c .text-icon.dt-icon-border-dashed.dt-icon-hover-border-on:after {\n  border-style: dashed;\n}\n.icon-with-text-shortcode.icon-text-id-b71a07c29f1e773381d3a520939b1d9c .text-icon.dt-icon-border-dotted.dt-icon-hover-border-on:after {\n  border-style: dotted;\n}\n.icon-with-text-shortcode.icon-text-id-b71a07c29f1e773381d3a520939b1d9c .text-icon.dt-icon-border-double.dt-icon-hover-border-on:after {\n  border-style: double;\n}\n.icon-with-text-shortcode.icon-text-id-b71a07c29f1e773381d3a520939b1d9c .text-icon.dt-icon-hover-on:hover {\n  font-size: 32px;\n}\n#page .icon-with-text-shortcode.icon-text-id-b71a07c29f1e773381d3a520939b1d9c .text-icon.dt-icon-hover-on:hover .soc-font-icon,\n#phantom .icon-with-text-shortcode.icon-text-id-b71a07c29f1e773381d3a520939b1d9c .text-icon.dt-icon-hover-on:hover .soc-font-icon,\n#page .icon-with-text-shortcode.icon-text-id-b71a07c29f1e773381d3a520939b1d9c .text-icon.dt-icon-hover-on:hover .soc-icon,\n#phantom .icon-with-text-shortcode.icon-text-id-b71a07c29f1e773381d3a520939b1d9c .text-icon.dt-icon-hover-on:hover .soc-icon {\n  color: #fff;\n  background: none;\n}\n#page .icon-with-text-shortcode.icon-text-id-b71a07c29f1e773381d3a520939b1d9c .text-icon.dt-icon-hover-on:not(:hover) .soc-font-icon,\n#phantom .icon-with-text-shortcode.icon-text-id-b71a07c29f1e773381d3a520939b1d9c .text-icon.dt-icon-hover-on:not(:hover) .soc-font-icon,\n#page .icon-with-text-shortcode.icon-text-id-b71a07c29f1e773381d3a520939b1d9c .text-icon.dt-icon-hover-on:not(:hover) .soc-icon,\n#phantom .icon-with-text-shortcode.icon-text-id-b71a07c29f1e773381d3a520939b1d9c .text-icon.dt-icon-hover-on:not(:hover) .soc-icon,\n#page .icon-with-text-shortcode.icon-text-id-b71a07c29f1e773381d3a520939b1d9c .text-icon.dt-icon-hover-off .soc-font-icon,\n#phantom .icon-with-text-shortcode.icon-text-id-b71a07c29f1e773381d3a520939b1d9c .text-icon.dt-icon-hover-off .soc-font-icon,\n#page .icon-with-text-shortcode.icon-text-id-b71a07c29f1e773381d3a520939b1d9c .text-icon.dt-icon-hover-off .soc-icon,\n#phantom .icon-with-text-shortcode.icon-text-id-b71a07c29f1e773381d3a520939b1d9c .text-icon.dt-icon-hover-off .soc-icon {\n  color: #ffffff;\n  background: none;\n}\n.icon-with-text-shortcode.icon-text-id-b71a07c29f1e773381d3a520939b1d9c.layout-1 {\n  grid-template-columns: 60px minmax(0,1fr);\n  grid-column-gap: 0px;\n}\n.icon-with-text-shortcode.icon-text-id-b71a07c29f1e773381d3a520939b1d9c.layout-2 {\n  grid-template-columns: minmax(0,1fr) 60px;\n  grid-column-gap: 0px;\n}\n.icon-with-text-shortcode.icon-text-id-b71a07c29f1e773381d3a520939b1d9c.layout-2 .text-icon {\n  margin-left: 0;\n}\n.icon-with-text-shortcode.icon-text-id-b71a07c29f1e773381d3a520939b1d9c.layout-3 {\n  grid-template-columns: 60px minmax(0,1fr);\n}\n.icon-with-text-shortcode.icon-text-id-b71a07c29f1e773381d3a520939b1d9c.layout-3 .dt-text-title {\n  margin-left: 0px;\n}\n.icon-with-text-shortcode.icon-text-id-b71a07c29f1e773381d3a520939b1d9c .dt-text-title,\n.icon-with-text-shortcode.icon-text-id-b71a07c29f1e773381d3a520939b1d9c .dt-text-title a {\n  font-weight: bold;\n}\n.icon-with-text-shortcode.icon-text-id-b71a07c29f1e773381d3a520939b1d9c .dt-text-title {\n  margin-bottom: 0px;\n}\n.icon-with-text-shortcode.icon-text-id-b71a07c29f1e773381d3a520939b1d9c .dt-text-desc {\n  margin-bottom: 0px;\n}\n<\/style><div class=\"icon-with-text-shortcode  icon-text-id-b71a07c29f1e773381d3a520939b1d9c layout-5  vc_custom_1740386032483 \" ><span   class=\"text-icon dt-icon-bg-on dt-icon-hover-off\" ><span class=\"icon-inner\"><i class=\"dt-regular-icon soc-icon fas fa-dog\"><\/i><i class=\"dt-hover-icon soc-icon fas fa-dog\"><\/i><\/span><\/span><h4 class=\"dt-text-title\"  >Co\u00fbts<\/h4><div class=\"dt-text-desc\">Une redevance de 10,00 \u20ac par jour est demand\u00e9e aux clients s\u00e9journant \u00e0 l'H\u00f4tel Elba et un forfait de 15,00 \u20ac aux clients s\u00e9journant \u00e0 la R\u00e9sidence qui am\u00e8nent des animaux.<br \/>\nLes propri\u00e9taires d'animaux acceptent l'enti\u00e8re responsabilit\u00e9 de tout dommage pouvant \u00eatre caus\u00e9 par les animaux.<\/div><\/div>[\/vc_column][\/vc_row]<\/p>\n<\/div>","protected":false},"excerpt":{"rendered":"<p>[vc_row full_width=\u00a0\u00bbstretch_row_content_no_spaces\u00a0\u00bb bg_type=\u00a0\u00bbimage\u00a0\u00bb parallax_style=\u00a0\u00bbvcpb-default\u00a0\u00bb bg_image_new=\u00a0\u00bbid^640|url^http:\/\/hotelelba.youelba.com\/wp-content\/uploads\/2016\/02\/banner-cane.jpg|caption^null|alt^null|title^banner-cane|description^null\u00a0\u00bb bg_image_repeat=\u00a0\u00bbno-repeat\u00a0\u00bb bg_override=\u00a0\u00bbfull\u00a0\u00bb][vc_column css_animation=\u00a0\u00bbfadeIn\u00a0\u00bb css=\u00a0\u00bb.vc_custom_1656311697974{padding-top: 13% !important;padding-bottom: 11% !important;background-position: center !important;background-repeat: no-repeat !important;background-size: contain !important;}\u00a0\u00bb][vc_empty_space height=\u00a0\u00bb50px\u00a0\u00bb][\/vc_column][\/vc_row][vc_row css=\u00a0\u00bb.vc_custom_1669795403714{padding-top: 30px !important;padding-bottom: 30px !important;}\u00a0\u00bb][vc_column offset=\u00a0\u00bbvc_col-md-offset-3 vc_col-md-6&Prime;][vc_custom_heading text=\u00a0\u00bbEn vacances avec mon ami \u00e0 quatre pattes\u00a0\u00bb font_container=\u00a0\u00bbtag:p|font_size:58|text_align:center|line_height:1&Prime; google_fonts=\u00a0\u00bbfont_family:Alex%20Brush%3Aregular|font_style:400%20regular%3A400%3Anormal\u00a0\u00bb][\/vc_column][\/vc_row][vc_row][vc_column][vc_column_text]\u00c0 l\u2019H\u00f4tel Elba et \u00e0 la R\u00e9sidence des Fleurs, les animaux de compagnie sont les bienvenus! Notre h\u00f4tel a&hellip;<\/p>\n","protected":false},"author":1,"featured_media":0,"parent":0,"menu_order":0,"comment_status":"closed","ping_status":"closed","template":"","meta":{"footnotes":""},"class_list":["post-4093","page","type-page","status-publish","hentry","description-off"],"yoast_head":"<!-- This site is optimized with the Yoast SEO plugin v25.3 - https:\/\/yoast.com\/wordpress\/plugins\/seo\/ -->\n<title>En vacances avec mon ami \u00e0 quatre pattes - Hotel Elba e Residence dei Fiori<\/title>\n<meta name=\"robots\" content=\"index, follow, max-snippet:-1, max-image-preview:large, max-video-preview:-1\" \/>\n<link rel=\"canonical\" href=\"https:\/\/www.hotelelba.it\/fr\/en-vacances-avec-mon-ami-a-quatre-pattes\/\" \/>\n<meta property=\"og:locale\" content=\"fr_FR\" \/>\n<meta property=\"og:type\" content=\"article\" \/>\n<meta property=\"og:title\" content=\"En vacances avec mon ami \u00e0 quatre pattes - Hotel Elba e Residence dei Fiori\" \/>\n<meta property=\"og:description\" content=\"[vc_row full_width=\u00a0\u00bbstretch_row_content_no_spaces\u00a0\u00bb bg_type=\u00a0\u00bbimage\u00a0\u00bb parallax_style=\u00a0\u00bbvcpb-default\u00a0\u00bb bg_image_new=\u00a0\u00bbid^640|url^http:\/\/hotelelba.youelba.com\/wp-content\/uploads\/2016\/02\/banner-cane.jpg|caption^null|alt^null|title^banner-cane|description^null\u00a0\u00bb bg_image_repeat=\u00a0\u00bbno-repeat\u00a0\u00bb bg_override=\u00a0\u00bbfull\u00a0\u00bb][vc_column css_animation=\u00a0\u00bbfadeIn\u00a0\u00bb css=\u00a0\u00bb.vc_custom_1656311697974{padding-top: 13% !important;padding-bottom: 11% !important;background-position: center !important;background-repeat: no-repeat !important;background-size: contain !important;}\u00a0\u00bb][vc_empty_space height=\u00a0\u00bb50px\u00a0\u00bb][\/vc_column][\/vc_row][vc_row css=\u00a0\u00bb.vc_custom_1669795403714{padding-top: 30px !important;padding-bottom: 30px !important;}\u00a0\u00bb][vc_column offset=\u00a0\u00bbvc_col-md-offset-3 vc_col-md-6&Prime;][vc_custom_heading text=\u00a0\u00bbEn vacances avec mon ami \u00e0 quatre pattes\u00a0\u00bb font_container=\u00a0\u00bbtag:p|font_size:58|text_align:center|line_height:1&Prime; google_fonts=\u00a0\u00bbfont_family:Alex%20Brush%3Aregular|font_style:400%20regular%3A400%3Anormal\u00a0\u00bb][\/vc_column][\/vc_row][vc_row][vc_column][vc_column_text]\u00c0 l\u2019H\u00f4tel Elba et \u00e0 la R\u00e9sidence des Fleurs, les animaux de compagnie sont les bienvenus! Notre h\u00f4tel a&hellip;\" \/>\n<meta property=\"og:url\" content=\"https:\/\/www.hotelelba.it\/fr\/en-vacances-avec-mon-ami-a-quatre-pattes\/\" \/>\n<meta property=\"og:site_name\" content=\"Hotel Elba e Residence dei Fiori\" \/>\n<meta property=\"article:publisher\" content=\"https:\/\/www.facebook.com\/HotelElbaResidenceDeiFiori\" \/>\n<meta property=\"article:modified_time\" content=\"2025-02-24T08:33:54+00:00\" \/>\n<meta name=\"twitter:card\" content=\"summary_large_image\" \/>\n<meta name=\"twitter:site\" content=\"@ElbaFiori\" \/>\n<meta name=\"twitter:label1\" content=\"Dur\u00e9e de lecture estim\u00e9e\" \/>\n\t<meta name=\"twitter:data1\" content=\"3 minutes\" \/>\n<script type=\"application\/ld+json\" class=\"yoast-schema-graph\">{\"@context\":\"https:\/\/schema.org\",\"@graph\":[{\"@type\":\"WebPage\",\"@id\":\"https:\/\/www.hotelelba.it\/fr\/en-vacances-avec-mon-ami-a-quatre-pattes\/\",\"url\":\"https:\/\/www.hotelelba.it\/fr\/en-vacances-avec-mon-ami-a-quatre-pattes\/\",\"name\":\"En vacances avec mon ami \u00e0 quatre pattes - Hotel Elba e Residence dei Fiori\",\"isPartOf\":{\"@id\":\"https:\/\/www.hotelelba.it\/#website\"},\"datePublished\":\"2022-06-27T07:45:51+00:00\",\"dateModified\":\"2025-02-24T08:33:54+00:00\",\"breadcrumb\":{\"@id\":\"https:\/\/www.hotelelba.it\/fr\/en-vacances-avec-mon-ami-a-quatre-pattes\/#breadcrumb\"},\"inLanguage\":\"fr-FR\",\"potentialAction\":[{\"@type\":\"ReadAction\",\"target\":[\"https:\/\/www.hotelelba.it\/fr\/en-vacances-avec-mon-ami-a-quatre-pattes\/\"]}]},{\"@type\":\"BreadcrumbList\",\"@id\":\"https:\/\/www.hotelelba.it\/fr\/en-vacances-avec-mon-ami-a-quatre-pattes\/#breadcrumb\",\"itemListElement\":[{\"@type\":\"ListItem\",\"position\":1,\"name\":\"Home\",\"item\":\"https:\/\/www.hotelelba.it\/fr\/\"},{\"@type\":\"ListItem\",\"position\":2,\"name\":\"En vacances avec mon ami \u00e0 quatre pattes\"}]},{\"@type\":\"WebSite\",\"@id\":\"https:\/\/www.hotelelba.it\/#website\",\"url\":\"https:\/\/www.hotelelba.it\/\",\"name\":\"Hotel Elba e Residence dei Fiori\",\"description\":\"Hotel e Residence a Marina di Campo all&#039;Isola d&#039;Elba\",\"publisher\":{\"@id\":\"https:\/\/www.hotelelba.it\/#organization\"},\"potentialAction\":[{\"@type\":\"SearchAction\",\"target\":{\"@type\":\"EntryPoint\",\"urlTemplate\":\"https:\/\/www.hotelelba.it\/?s={search_term_string}\"},\"query-input\":{\"@type\":\"PropertyValueSpecification\",\"valueRequired\":true,\"valueName\":\"search_term_string\"}}],\"inLanguage\":\"fr-FR\"},{\"@type\":\"Organization\",\"@id\":\"https:\/\/www.hotelelba.it\/#organization\",\"name\":\"Hotel Elba e Residence dei Fiori\",\"url\":\"https:\/\/www.hotelelba.it\/\",\"logo\":{\"@type\":\"ImageObject\",\"inLanguage\":\"fr-FR\",\"@id\":\"https:\/\/www.hotelelba.it\/#\/schema\/logo\/image\/\",\"url\":\"https:\/\/www.hotelelba.it\/wp-content\/uploads\/2022\/06\/Hotel_Elba_2x.png\",\"contentUrl\":\"https:\/\/www.hotelelba.it\/wp-content\/uploads\/2022\/06\/Hotel_Elba_2x.png\",\"width\":360,\"height\":204,\"caption\":\"Hotel Elba e Residence dei Fiori\"},\"image\":{\"@id\":\"https:\/\/www.hotelelba.it\/#\/schema\/logo\/image\/\"},\"sameAs\":[\"https:\/\/www.facebook.com\/HotelElbaResidenceDeiFiori\",\"https:\/\/x.com\/ElbaFiori\",\"https:\/\/www.instagram.com\/hotelelba.residencedeifiori\/\"]}]}<\/script>\n<!-- \/ Yoast SEO plugin. -->","yoast_head_json":{"title":"En vacances avec mon ami \u00e0 quatre pattes - Hotel Elba e Residence dei Fiori","robots":{"index":"index","follow":"follow","max-snippet":"max-snippet:-1","max-image-preview":"max-image-preview:large","max-video-preview":"max-video-preview:-1"},"canonical":"https:\/\/www.hotelelba.it\/fr\/en-vacances-avec-mon-ami-a-quatre-pattes\/","og_locale":"fr_FR","og_type":"article","og_title":"En vacances avec mon ami \u00e0 quatre pattes - Hotel Elba e Residence dei Fiori","og_description":"[vc_row full_width=\u00a0\u00bbstretch_row_content_no_spaces\u00a0\u00bb bg_type=\u00a0\u00bbimage\u00a0\u00bb parallax_style=\u00a0\u00bbvcpb-default\u00a0\u00bb bg_image_new=\u00a0\u00bbid^640|url^http:\/\/hotelelba.youelba.com\/wp-content\/uploads\/2016\/02\/banner-cane.jpg|caption^null|alt^null|title^banner-cane|description^null\u00a0\u00bb bg_image_repeat=\u00a0\u00bbno-repeat\u00a0\u00bb bg_override=\u00a0\u00bbfull\u00a0\u00bb][vc_column css_animation=\u00a0\u00bbfadeIn\u00a0\u00bb css=\u00a0\u00bb.vc_custom_1656311697974{padding-top: 13% !important;padding-bottom: 11% !important;background-position: center !important;background-repeat: no-repeat !important;background-size: contain !important;}\u00a0\u00bb][vc_empty_space height=\u00a0\u00bb50px\u00a0\u00bb][\/vc_column][\/vc_row][vc_row css=\u00a0\u00bb.vc_custom_1669795403714{padding-top: 30px !important;padding-bottom: 30px !important;}\u00a0\u00bb][vc_column offset=\u00a0\u00bbvc_col-md-offset-3 vc_col-md-6&Prime;][vc_custom_heading text=\u00a0\u00bbEn vacances avec mon ami \u00e0 quatre pattes\u00a0\u00bb font_container=\u00a0\u00bbtag:p|font_size:58|text_align:center|line_height:1&Prime; google_fonts=\u00a0\u00bbfont_family:Alex%20Brush%3Aregular|font_style:400%20regular%3A400%3Anormal\u00a0\u00bb][\/vc_column][\/vc_row][vc_row][vc_column][vc_column_text]\u00c0 l\u2019H\u00f4tel Elba et \u00e0 la R\u00e9sidence des Fleurs, les animaux de compagnie sont les bienvenus! Notre h\u00f4tel a&hellip;","og_url":"https:\/\/www.hotelelba.it\/fr\/en-vacances-avec-mon-ami-a-quatre-pattes\/","og_site_name":"Hotel Elba e Residence dei Fiori","article_publisher":"https:\/\/www.facebook.com\/HotelElbaResidenceDeiFiori","article_modified_time":"2025-02-24T08:33:54+00:00","twitter_card":"summary_large_image","twitter_site":"@ElbaFiori","twitter_misc":{"Dur\u00e9e de lecture estim\u00e9e":"3 minutes"},"schema":{"@context":"https:\/\/schema.org","@graph":[{"@type":"WebPage","@id":"https:\/\/www.hotelelba.it\/fr\/en-vacances-avec-mon-ami-a-quatre-pattes\/","url":"https:\/\/www.hotelelba.it\/fr\/en-vacances-avec-mon-ami-a-quatre-pattes\/","name":"En vacances avec mon ami \u00e0 quatre pattes - Hotel Elba e Residence dei Fiori","isPartOf":{"@id":"https:\/\/www.hotelelba.it\/#website"},"datePublished":"2022-06-27T07:45:51+00:00","dateModified":"2025-02-24T08:33:54+00:00","breadcrumb":{"@id":"https:\/\/www.hotelelba.it\/fr\/en-vacances-avec-mon-ami-a-quatre-pattes\/#breadcrumb"},"inLanguage":"fr-FR","potentialAction":[{"@type":"ReadAction","target":["https:\/\/www.hotelelba.it\/fr\/en-vacances-avec-mon-ami-a-quatre-pattes\/"]}]},{"@type":"BreadcrumbList","@id":"https:\/\/www.hotelelba.it\/fr\/en-vacances-avec-mon-ami-a-quatre-pattes\/#breadcrumb","itemListElement":[{"@type":"ListItem","position":1,"name":"Home","item":"https:\/\/www.hotelelba.it\/fr\/"},{"@type":"ListItem","position":2,"name":"En vacances avec mon ami \u00e0 quatre pattes"}]},{"@type":"WebSite","@id":"https:\/\/www.hotelelba.it\/#website","url":"https:\/\/www.hotelelba.it\/","name":"Hotel Elba e Residence dei Fiori","description":"Hotel e Residence a Marina di Campo all&#039;Isola d&#039;Elba","publisher":{"@id":"https:\/\/www.hotelelba.it\/#organization"},"potentialAction":[{"@type":"SearchAction","target":{"@type":"EntryPoint","urlTemplate":"https:\/\/www.hotelelba.it\/?s={search_term_string}"},"query-input":{"@type":"PropertyValueSpecification","valueRequired":true,"valueName":"search_term_string"}}],"inLanguage":"fr-FR"},{"@type":"Organization","@id":"https:\/\/www.hotelelba.it\/#organization","name":"Hotel Elba e Residence dei Fiori","url":"https:\/\/www.hotelelba.it\/","logo":{"@type":"ImageObject","inLanguage":"fr-FR","@id":"https:\/\/www.hotelelba.it\/#\/schema\/logo\/image\/","url":"https:\/\/www.hotelelba.it\/wp-content\/uploads\/2022\/06\/Hotel_Elba_2x.png","contentUrl":"https:\/\/www.hotelelba.it\/wp-content\/uploads\/2022\/06\/Hotel_Elba_2x.png","width":360,"height":204,"caption":"Hotel Elba e Residence dei Fiori"},"image":{"@id":"https:\/\/www.hotelelba.it\/#\/schema\/logo\/image\/"},"sameAs":["https:\/\/www.facebook.com\/HotelElbaResidenceDeiFiori","https:\/\/x.com\/ElbaFiori","https:\/\/www.instagram.com\/hotelelba.residencedeifiori\/"]}]}},"_links":{"self":[{"href":"https:\/\/www.hotelelba.it\/fr\/wp-json\/wp\/v2\/pages\/4093"}],"collection":[{"href":"https:\/\/www.hotelelba.it\/fr\/wp-json\/wp\/v2\/pages"}],"about":[{"href":"https:\/\/www.hotelelba.it\/fr\/wp-json\/wp\/v2\/types\/page"}],"author":[{"embeddable":true,"href":"https:\/\/www.hotelelba.it\/fr\/wp-json\/wp\/v2\/users\/1"}],"replies":[{"embeddable":true,"href":"https:\/\/www.hotelelba.it\/fr\/wp-json\/wp\/v2\/comments?post=4093"}],"version-history":[{"count":4,"href":"https:\/\/www.hotelelba.it\/fr\/wp-json\/wp\/v2\/pages\/4093\/revisions"}],"predecessor-version":[{"id":8180,"href":"https:\/\/www.hotelelba.it\/fr\/wp-json\/wp\/v2\/pages\/4093\/revisions\/8180"}],"wp:attachment":[{"href":"https:\/\/www.hotelelba.it\/fr\/wp-json\/wp\/v2\/media?parent=4093"}],"curies":[{"name":"wp","href":"https:\/\/api.w.org\/{rel}","templated":true}]}}