{"id":3847,"date":"2022-06-29T10:24:22","date_gmt":"2022-06-29T08:24:22","guid":{"rendered":"http:\/\/hotelelba.youelba.com\/condizioni-generali-residence\/"},"modified":"2023-01-13T15:52:22","modified_gmt":"2023-01-13T14:52:22","slug":"conditions-generales-residence","status":"publish","type":"page","link":"https:\/\/www.hotelelba.it\/fr\/conditions-generales-residence\/","title":{"rendered":"Conditions g\u00e9n\u00e9rales"},"content":{"rendered":"<div class=\"wpb-content-wrapper\"><p>[vc_row full_width=\u00a0\u00bbstretch_row_content_no_spaces\u00a0\u00bb bg_type=\u00a0\u00bbimage\u00a0\u00bb parallax_style=\u00a0\u00bbvcpb-default\u00a0\u00bb bg_image_new=\u00a0\u00bbid^769|url^http:\/\/hotelelba.youelba.com\/wp-content\/uploads\/2016\/02\/DSC_0245-TESTATA-copia.jpg|caption^null|alt^null|title^null|description^null\u00a0\u00bb bg_image_repeat=\u00a0\u00bbno-repeat\u00a0\u00bb bg_override=\u00a0\u00bbfull\u00a0\u00bb][vc_column css_animation=\u00a0\u00bbfadeIn\u00a0\u00bb css=\u00a0\u00bb.vc_custom_1656311697974{padding-top: 13% !important;padding-bottom: 11% !important;background-position: center !important;background-repeat: no-repeat !important;background-size: contain !important;}\u00a0\u00bb][vc_empty_space height=\u00a0\u00bb50px\u00a0\u00bb][\/vc_column][\/vc_row][vc_row css=\u00a0\u00bb.vc_custom_1669795972208{padding-top: 30px !important;padding-bottom: 30px !important;}\u00a0\u00bb][vc_column offset=\u00a0\u00bbvc_col-md-offset-3 vc_col-md-6&Prime;][vc_custom_heading text=\u00a0\u00bbConditions g\u00e9n\u00e9rales\u00a0\u00bb font_container=\u00a0\u00bbtag:h2|font_size:58|text_align:center|line_height:1&Prime; google_fonts=\u00a0\u00bbfont_family:Alex%20Brush%3Aregular|font_style:400%20regular%3A400%3Anormal\u00a0\u00bb][\/vc_column][\/vc_row][vc_row][vc_column][vc_row_inner][vc_column_inner][vc_column_text]<strong>Le jour de l\u2019arriv\u00e9e, les appartements sont livr\u00e9s \u00e0 partir de 15 heures.<\/strong><\/p>\n<p>Si vous arrivez avant pour mieux profiter de la journ\u00e9e, rejoignez-nous \u00e0 la r\u00e9ception : si les personnes qui occupaient l\u2019appartement avant vous sont parties tr\u00e8s t\u00f4t, il est possible qu\u2019il soit d\u00e9j\u00e0 pr\u00eat pour vous accueillir ou, si tel n\u2019est pas le cas, nous vous indiquerons l\u2019heure \u00e0 laquelle vous pourrez en disposer. En attendant, vous pourrez parquer votre voiture, vous changer et vous rendre imm\u00e9diatement sur la plage. D\u00e8s votre retour, nous vous conduirons \u00e0 votre appartement.<\/p>\n<p>Nos cuisines disposent d\u00e9j\u00e0 de tout le n\u00e9cessaire\u00a0: nappes, essuie-vaisselle, assiettes, verres, couverts, casseroles, frigo avec freezer, set de nettoyage (balai, ramassette, serpill\u00e8re, etc.), \u00e0 l\u2019exclusion des d\u00e9tergents. Les chambres sont dot\u00e9es de linge de lit avec changement hebdomadaire sans co\u00fbt suppl\u00e9mentaire. Nos salles de bains sont \u00e9quip\u00e9es de s\u00e8che-cheveux et de tapis sortie de douche, mais le linge de bain n\u2019est pas compris et doit \u00eatre demand\u00e9 \u00e0 la r\u00e9ception.<\/p>\n<p>Lors de votre arriv\u00e9e, vous trouverez dans l\u2019appartement un petit set de bienvenue, comprenant shampooing, bain moussant et papier WC. Nous veillerons \u00e0 ce que tout soit pr\u00eat au moment de votre arriv\u00e9e, de fa\u00e7on \u00e0 ce que vous puissiez commencer vos vacances au mieux et vous sentir tout de suite chez vous!<br \/>\nUn lave-linge est \u00e0 votre disposition au co\u00fbt de \u20ac 5,00 par lessive.<\/p>\n<p>Serviette de bain douche, visage, bidet \u20ac 5.00<br \/>\nPeignoir de bain, visage, bidet \u20ac 8.00<br \/>\nOu peignoir de bain uniquement \u20ac 6.00<\/p>\n<p>Nous disposons en outre de lits-berceaux pour les tout-petits ou de barri\u00e8res de s\u00e9curit\u00e9 \u00e0 installer sur des lits d\u2019une personne. Veuillez nous indiquer, au moment de la r\u00e9servation, la disposition des lits souhait\u00e9e ou sp\u00e9cifier ce dont vous avez besoin.<\/p>\n<p>Il n\u2019est pas possible d\u2019ajouter d\u2019autres lits dans les appartements. Le nombre indiqu\u00e9 se r\u00e9f\u00e8re au nombre maximum de personnes (adultes et enfants) pouvant \u00eatre accueillies dans chaque appartement.<\/p>\n<p><strong>Afin de faciliter le nettoyage final et par \u00e9gard pour les autres h\u00f4tes arrivant apr\u00e8s vous, nous vous prions de bien vouloir quitter l\u2019appartement au plus tard \u00e0 10 heures<\/strong>. Si vous prenez le ferry dans l\u2019apr\u00e8s-midi, pas de soucis\u00a0! Vous pourrez laisser votre voiture dans le parking, utiliser la piscine ou aller \u00e0 la plage pour vous baigner une derni\u00e8re fois.<\/p>\n<ul>\n<li>Vous pourrez laisser la voiture dans le parking et utiliser la piscine ou aller sur la plage pour profiter d\u2019une derni\u00e8re baignade.<\/li>\n<li>Dans la zone piscine, vous trouverez une douche ext\u00e9rieure chaude et une salle de bains\/vestiaire avec s\u00e8che-cheveux si vous souhaitez vous rafra\u00eechir avant votre d\u00e9part.<\/li>\n<li>Nos services de bar et de restauration sont toujours \u00e0 votre disposition.<\/li>\n<li>Si vous pr\u00e9f\u00e9rez ne pas laisser la valise dans la voiture, vous pouvez la laisser \u00e0 la r\u00e9ception jusqu\u2019\u00e0 votre d\u00e9part.<\/li>\n<\/ul>\n<p>&nbsp;<\/p>\n<p><strong>Pendant les mois de basse saison, certains services peuvent ne pas \u00eatre disponibles. Afin d\u2019\u00e9viter tout d\u00e9sagr\u00e9ment, veuillez nous indiquer vos exigences au moment de la r\u00e9servation.<\/strong>[\/vc_column_text][\/vc_column_inner][\/vc_row_inner][vc_empty_space height=\u00a0\u00bb25px\u00a0\u00bb][\/vc_column][\/vc_row]<\/p>\n<\/div>","protected":false},"excerpt":{"rendered":"<p>[vc_row full_width=\u00a0\u00bbstretch_row_content_no_spaces\u00a0\u00bb bg_type=\u00a0\u00bbimage\u00a0\u00bb parallax_style=\u00a0\u00bbvcpb-default\u00a0\u00bb bg_image_new=\u00a0\u00bbid^769|url^http:\/\/hotelelba.youelba.com\/wp-content\/uploads\/2016\/02\/DSC_0245-TESTATA-copia.jpg|caption^null|alt^null|title^null|description^null\u00a0\u00bb bg_image_repeat=\u00a0\u00bbno-repeat\u00a0\u00bb bg_override=\u00a0\u00bbfull\u00a0\u00bb][vc_column css_animation=\u00a0\u00bbfadeIn\u00a0\u00bb css=\u00a0\u00bb.vc_custom_1656311697974{padding-top: 13% !important;padding-bottom: 11% !important;background-position: center !important;background-repeat: no-repeat !important;background-size: contain !important;}\u00a0\u00bb][vc_empty_space height=\u00a0\u00bb50px\u00a0\u00bb][\/vc_column][\/vc_row][vc_row css=\u00a0\u00bb.vc_custom_1669795972208{padding-top: 30px !important;padding-bottom: 30px !important;}\u00a0\u00bb][vc_column offset=\u00a0\u00bbvc_col-md-offset-3 vc_col-md-6&Prime;][vc_custom_heading text=\u00a0\u00bbConditions g\u00e9n\u00e9rales\u00a0\u00bb font_container=\u00a0\u00bbtag:h2|font_size:58|text_align:center|line_height:1&Prime; google_fonts=\u00a0\u00bbfont_family:Alex%20Brush%3Aregular|font_style:400%20regular%3A400%3Anormal\u00a0\u00bb][\/vc_column][\/vc_row][vc_row][vc_column][vc_row_inner][vc_column_inner][vc_column_text]Le jour de l\u2019arriv\u00e9e, les appartements sont livr\u00e9s \u00e0 partir de 15 heures. Si vous arrivez avant pour mieux profiter de la journ\u00e9e, rejoignez-nous \u00e0&hellip;<\/p>\n","protected":false},"author":1,"featured_media":0,"parent":0,"menu_order":0,"comment_status":"closed","ping_status":"closed","template":"","meta":{"footnotes":""},"class_list":["post-3847","page","type-page","status-publish","hentry","description-off"],"yoast_head":"<!-- This site is optimized with the Yoast SEO plugin v25.3 - https:\/\/yoast.com\/wordpress\/plugins\/seo\/ -->\n<title>Conditions g\u00e9n\u00e9rales - Hotel Elba e Residence dei Fiori<\/title>\n<meta name=\"robots\" content=\"index, follow, max-snippet:-1, max-image-preview:large, max-video-preview:-1\" \/>\n<link rel=\"canonical\" href=\"https:\/\/www.hotelelba.it\/fr\/conditions-generales-residence\/\" \/>\n<meta property=\"og:locale\" content=\"fr_FR\" \/>\n<meta property=\"og:type\" content=\"article\" \/>\n<meta property=\"og:title\" content=\"Conditions g\u00e9n\u00e9rales - Hotel Elba e Residence dei Fiori\" \/>\n<meta property=\"og:description\" content=\"[vc_row full_width=\u00a0\u00bbstretch_row_content_no_spaces\u00a0\u00bb bg_type=\u00a0\u00bbimage\u00a0\u00bb parallax_style=\u00a0\u00bbvcpb-default\u00a0\u00bb bg_image_new=\u00a0\u00bbid^769|url^http:\/\/hotelelba.youelba.com\/wp-content\/uploads\/2016\/02\/DSC_0245-TESTATA-copia.jpg|caption^null|alt^null|title^null|description^null\u00a0\u00bb bg_image_repeat=\u00a0\u00bbno-repeat\u00a0\u00bb bg_override=\u00a0\u00bbfull\u00a0\u00bb][vc_column css_animation=\u00a0\u00bbfadeIn\u00a0\u00bb css=\u00a0\u00bb.vc_custom_1656311697974{padding-top: 13% !important;padding-bottom: 11% !important;background-position: center !important;background-repeat: no-repeat !important;background-size: contain !important;}\u00a0\u00bb][vc_empty_space height=\u00a0\u00bb50px\u00a0\u00bb][\/vc_column][\/vc_row][vc_row css=\u00a0\u00bb.vc_custom_1669795972208{padding-top: 30px !important;padding-bottom: 30px !important;}\u00a0\u00bb][vc_column offset=\u00a0\u00bbvc_col-md-offset-3 vc_col-md-6&Prime;][vc_custom_heading text=\u00a0\u00bbConditions g\u00e9n\u00e9rales\u00a0\u00bb font_container=\u00a0\u00bbtag:h2|font_size:58|text_align:center|line_height:1&Prime; google_fonts=\u00a0\u00bbfont_family:Alex%20Brush%3Aregular|font_style:400%20regular%3A400%3Anormal\u00a0\u00bb][\/vc_column][\/vc_row][vc_row][vc_column][vc_row_inner][vc_column_inner][vc_column_text]Le jour de l\u2019arriv\u00e9e, les appartements sont livr\u00e9s \u00e0 partir de 15 heures. Si vous arrivez avant pour mieux profiter de la journ\u00e9e, rejoignez-nous \u00e0&hellip;\" \/>\n<meta property=\"og:url\" content=\"https:\/\/www.hotelelba.it\/fr\/conditions-generales-residence\/\" \/>\n<meta property=\"og:site_name\" content=\"Hotel Elba e Residence dei Fiori\" \/>\n<meta property=\"article:publisher\" content=\"https:\/\/www.facebook.com\/HotelElbaResidenceDeiFiori\" \/>\n<meta property=\"article:modified_time\" content=\"2023-01-13T14:52:22+00:00\" \/>\n<meta name=\"twitter:card\" content=\"summary_large_image\" \/>\n<meta name=\"twitter:site\" content=\"@ElbaFiori\" \/>\n<meta name=\"twitter:label1\" content=\"Dur\u00e9e de lecture estim\u00e9e\" \/>\n\t<meta name=\"twitter:data1\" content=\"3 minutes\" \/>\n<script type=\"application\/ld+json\" class=\"yoast-schema-graph\">{\"@context\":\"https:\/\/schema.org\",\"@graph\":[{\"@type\":\"WebPage\",\"@id\":\"https:\/\/www.hotelelba.it\/fr\/conditions-generales-residence\/\",\"url\":\"https:\/\/www.hotelelba.it\/fr\/conditions-generales-residence\/\",\"name\":\"Conditions g\u00e9n\u00e9rales - Hotel Elba e Residence dei Fiori\",\"isPartOf\":{\"@id\":\"https:\/\/www.hotelelba.it\/#website\"},\"datePublished\":\"2022-06-29T08:24:22+00:00\",\"dateModified\":\"2023-01-13T14:52:22+00:00\",\"breadcrumb\":{\"@id\":\"https:\/\/www.hotelelba.it\/fr\/conditions-generales-residence\/#breadcrumb\"},\"inLanguage\":\"fr-FR\",\"potentialAction\":[{\"@type\":\"ReadAction\",\"target\":[\"https:\/\/www.hotelelba.it\/fr\/conditions-generales-residence\/\"]}]},{\"@type\":\"BreadcrumbList\",\"@id\":\"https:\/\/www.hotelelba.it\/fr\/conditions-generales-residence\/#breadcrumb\",\"itemListElement\":[{\"@type\":\"ListItem\",\"position\":1,\"name\":\"Home\",\"item\":\"https:\/\/www.hotelelba.it\/fr\/\"},{\"@type\":\"ListItem\",\"position\":2,\"name\":\"Conditions g\u00e9n\u00e9rales\"}]},{\"@type\":\"WebSite\",\"@id\":\"https:\/\/www.hotelelba.it\/#website\",\"url\":\"https:\/\/www.hotelelba.it\/\",\"name\":\"Hotel Elba e Residence dei Fiori\",\"description\":\"Hotel e Residence a Marina di Campo all&#039;Isola d&#039;Elba\",\"publisher\":{\"@id\":\"https:\/\/www.hotelelba.it\/#organization\"},\"potentialAction\":[{\"@type\":\"SearchAction\",\"target\":{\"@type\":\"EntryPoint\",\"urlTemplate\":\"https:\/\/www.hotelelba.it\/?s={search_term_string}\"},\"query-input\":{\"@type\":\"PropertyValueSpecification\",\"valueRequired\":true,\"valueName\":\"search_term_string\"}}],\"inLanguage\":\"fr-FR\"},{\"@type\":\"Organization\",\"@id\":\"https:\/\/www.hotelelba.it\/#organization\",\"name\":\"Hotel Elba e Residence dei Fiori\",\"url\":\"https:\/\/www.hotelelba.it\/\",\"logo\":{\"@type\":\"ImageObject\",\"inLanguage\":\"fr-FR\",\"@id\":\"https:\/\/www.hotelelba.it\/#\/schema\/logo\/image\/\",\"url\":\"https:\/\/www.hotelelba.it\/wp-content\/uploads\/2022\/06\/Hotel_Elba_2x.png\",\"contentUrl\":\"https:\/\/www.hotelelba.it\/wp-content\/uploads\/2022\/06\/Hotel_Elba_2x.png\",\"width\":360,\"height\":204,\"caption\":\"Hotel Elba e Residence dei Fiori\"},\"image\":{\"@id\":\"https:\/\/www.hotelelba.it\/#\/schema\/logo\/image\/\"},\"sameAs\":[\"https:\/\/www.facebook.com\/HotelElbaResidenceDeiFiori\",\"https:\/\/x.com\/ElbaFiori\",\"https:\/\/www.instagram.com\/hotelelba.residencedeifiori\/\"]}]}<\/script>\n<!-- \/ Yoast SEO plugin. -->","yoast_head_json":{"title":"Conditions g\u00e9n\u00e9rales - Hotel Elba e Residence dei Fiori","robots":{"index":"index","follow":"follow","max-snippet":"max-snippet:-1","max-image-preview":"max-image-preview:large","max-video-preview":"max-video-preview:-1"},"canonical":"https:\/\/www.hotelelba.it\/fr\/conditions-generales-residence\/","og_locale":"fr_FR","og_type":"article","og_title":"Conditions g\u00e9n\u00e9rales - Hotel Elba e Residence dei Fiori","og_description":"[vc_row full_width=\u00a0\u00bbstretch_row_content_no_spaces\u00a0\u00bb bg_type=\u00a0\u00bbimage\u00a0\u00bb parallax_style=\u00a0\u00bbvcpb-default\u00a0\u00bb bg_image_new=\u00a0\u00bbid^769|url^http:\/\/hotelelba.youelba.com\/wp-content\/uploads\/2016\/02\/DSC_0245-TESTATA-copia.jpg|caption^null|alt^null|title^null|description^null\u00a0\u00bb bg_image_repeat=\u00a0\u00bbno-repeat\u00a0\u00bb bg_override=\u00a0\u00bbfull\u00a0\u00bb][vc_column css_animation=\u00a0\u00bbfadeIn\u00a0\u00bb css=\u00a0\u00bb.vc_custom_1656311697974{padding-top: 13% !important;padding-bottom: 11% !important;background-position: center !important;background-repeat: no-repeat !important;background-size: contain !important;}\u00a0\u00bb][vc_empty_space height=\u00a0\u00bb50px\u00a0\u00bb][\/vc_column][\/vc_row][vc_row css=\u00a0\u00bb.vc_custom_1669795972208{padding-top: 30px !important;padding-bottom: 30px !important;}\u00a0\u00bb][vc_column offset=\u00a0\u00bbvc_col-md-offset-3 vc_col-md-6&Prime;][vc_custom_heading text=\u00a0\u00bbConditions g\u00e9n\u00e9rales\u00a0\u00bb font_container=\u00a0\u00bbtag:h2|font_size:58|text_align:center|line_height:1&Prime; google_fonts=\u00a0\u00bbfont_family:Alex%20Brush%3Aregular|font_style:400%20regular%3A400%3Anormal\u00a0\u00bb][\/vc_column][\/vc_row][vc_row][vc_column][vc_row_inner][vc_column_inner][vc_column_text]Le jour de l\u2019arriv\u00e9e, les appartements sont livr\u00e9s \u00e0 partir de 15 heures. Si vous arrivez avant pour mieux profiter de la journ\u00e9e, rejoignez-nous \u00e0&hellip;","og_url":"https:\/\/www.hotelelba.it\/fr\/conditions-generales-residence\/","og_site_name":"Hotel Elba e Residence dei Fiori","article_publisher":"https:\/\/www.facebook.com\/HotelElbaResidenceDeiFiori","article_modified_time":"2023-01-13T14:52:22+00:00","twitter_card":"summary_large_image","twitter_site":"@ElbaFiori","twitter_misc":{"Dur\u00e9e de lecture estim\u00e9e":"3 minutes"},"schema":{"@context":"https:\/\/schema.org","@graph":[{"@type":"WebPage","@id":"https:\/\/www.hotelelba.it\/fr\/conditions-generales-residence\/","url":"https:\/\/www.hotelelba.it\/fr\/conditions-generales-residence\/","name":"Conditions g\u00e9n\u00e9rales - Hotel Elba e Residence dei Fiori","isPartOf":{"@id":"https:\/\/www.hotelelba.it\/#website"},"datePublished":"2022-06-29T08:24:22+00:00","dateModified":"2023-01-13T14:52:22+00:00","breadcrumb":{"@id":"https:\/\/www.hotelelba.it\/fr\/conditions-generales-residence\/#breadcrumb"},"inLanguage":"fr-FR","potentialAction":[{"@type":"ReadAction","target":["https:\/\/www.hotelelba.it\/fr\/conditions-generales-residence\/"]}]},{"@type":"BreadcrumbList","@id":"https:\/\/www.hotelelba.it\/fr\/conditions-generales-residence\/#breadcrumb","itemListElement":[{"@type":"ListItem","position":1,"name":"Home","item":"https:\/\/www.hotelelba.it\/fr\/"},{"@type":"ListItem","position":2,"name":"Conditions g\u00e9n\u00e9rales"}]},{"@type":"WebSite","@id":"https:\/\/www.hotelelba.it\/#website","url":"https:\/\/www.hotelelba.it\/","name":"Hotel Elba e Residence dei Fiori","description":"Hotel e Residence a Marina di Campo all&#039;Isola d&#039;Elba","publisher":{"@id":"https:\/\/www.hotelelba.it\/#organization"},"potentialAction":[{"@type":"SearchAction","target":{"@type":"EntryPoint","urlTemplate":"https:\/\/www.hotelelba.it\/?s={search_term_string}"},"query-input":{"@type":"PropertyValueSpecification","valueRequired":true,"valueName":"search_term_string"}}],"inLanguage":"fr-FR"},{"@type":"Organization","@id":"https:\/\/www.hotelelba.it\/#organization","name":"Hotel Elba e Residence dei Fiori","url":"https:\/\/www.hotelelba.it\/","logo":{"@type":"ImageObject","inLanguage":"fr-FR","@id":"https:\/\/www.hotelelba.it\/#\/schema\/logo\/image\/","url":"https:\/\/www.hotelelba.it\/wp-content\/uploads\/2022\/06\/Hotel_Elba_2x.png","contentUrl":"https:\/\/www.hotelelba.it\/wp-content\/uploads\/2022\/06\/Hotel_Elba_2x.png","width":360,"height":204,"caption":"Hotel Elba e Residence dei Fiori"},"image":{"@id":"https:\/\/www.hotelelba.it\/#\/schema\/logo\/image\/"},"sameAs":["https:\/\/www.facebook.com\/HotelElbaResidenceDeiFiori","https:\/\/x.com\/ElbaFiori","https:\/\/www.instagram.com\/hotelelba.residencedeifiori\/"]}]}},"_links":{"self":[{"href":"https:\/\/www.hotelelba.it\/fr\/wp-json\/wp\/v2\/pages\/3847"}],"collection":[{"href":"https:\/\/www.hotelelba.it\/fr\/wp-json\/wp\/v2\/pages"}],"about":[{"href":"https:\/\/www.hotelelba.it\/fr\/wp-json\/wp\/v2\/types\/page"}],"author":[{"embeddable":true,"href":"https:\/\/www.hotelelba.it\/fr\/wp-json\/wp\/v2\/users\/1"}],"replies":[{"embeddable":true,"href":"https:\/\/www.hotelelba.it\/fr\/wp-json\/wp\/v2\/comments?post=3847"}],"version-history":[{"count":2,"href":"https:\/\/www.hotelelba.it\/fr\/wp-json\/wp\/v2\/pages\/3847\/revisions"}],"predecessor-version":[{"id":4992,"href":"https:\/\/www.hotelelba.it\/fr\/wp-json\/wp\/v2\/pages\/3847\/revisions\/4992"}],"wp:attachment":[{"href":"https:\/\/www.hotelelba.it\/fr\/wp-json\/wp\/v2\/media?parent=3847"}],"curies":[{"name":"wp","href":"https:\/\/api.w.org\/{rel}","templated":true}]}}