{"id":3700,"date":"2022-06-29T10:42:19","date_gmt":"2022-06-29T08:42:19","guid":{"rendered":"http:\/\/hotelelba.youelba.com\/come-raggiungerci\/"},"modified":"2023-11-23T09:48:58","modified_gmt":"2023-11-23T08:48:58","slug":"comment-nous-rejoindre","status":"publish","type":"page","link":"https:\/\/www.hotelelba.it\/fr\/comment-nous-rejoindre\/","title":{"rendered":"Comment nous rejoindre"},"content":{"rendered":"<div class=\"wpb-content-wrapper\"><p>[vc_row full_width=\u00a0\u00bbstretch_row_content_no_spaces\u00a0\u00bb bg_type=\u00a0\u00bbimage\u00a0\u00bb parallax_style=\u00a0\u00bbvcpb-default\u00a0\u00bb bg_image_new=\u00a0\u00bbid^1763|url^http:\/\/hotelelba.youelba.com\/wp-content\/uploads\/2019\/08\/43.jpg|caption^null|alt^null|title^43|description^null\u00a0\u00bb bg_image_repeat=\u00a0\u00bbno-repeat\u00a0\u00bb bg_override=\u00a0\u00bbfull\u00a0\u00bb][vc_column css_animation=\u00a0\u00bbfadeIn\u00a0\u00bb css=\u00a0\u00bb.vc_custom_1656311697974{padding-top: 13% !important;padding-bottom: 11% !important;background-position: center !important;background-repeat: no-repeat !important;background-size: contain !important;}\u00a0\u00bb][vc_empty_space height=\u00a0\u00bb50px\u00a0\u00bb][\/vc_column][\/vc_row][vc_row css=\u00a0\u00bb.vc_custom_1669796037695{padding-top: 30px !important;padding-bottom: 30px !important;}\u00a0\u00bb][vc_column offset=\u00a0\u00bbvc_col-md-offset-3 vc_col-md-6&Prime;][vc_custom_heading text=\u00a0\u00bbComment nous rejoindre\u00a0\u00bb font_container=\u00a0\u00bbtag:h2|font_size:58|text_align:center|line_height:1&Prime; google_fonts=\u00a0\u00bbfont_family:Alex%20Brush%3Aregular|font_style:400%20regular%3A400%3Anormal\u00a0\u00bb][\/vc_column][\/vc_row][vc_row][vc_column][vc_column_text]<\/p>\n<h3>Ferry-boat<\/h3>\n<p>De la terre ferme, il est facile de rejoindre l\u2019\u00cele d\u2019Elbe car, pendant la saison estivale, de nombreuses travers\u00e9es en ferry sont pr\u00e9vues chaque jour entre Piombino et l\u2019\u00eele, d\u2019une dur\u00e9e de <strong>60 minutes<\/strong>.<\/p>\n<p>Le trajet principal <strong>Piombino \u2013 Portoferraio<\/strong> est effectu\u00e9 par quatre compagnies de navigation, Moby \u2013 Toremar \u2013 <a href=\"\/fr\/reservation-de-ferry\">Blu Navy<\/a> \u2013Corsica Ferries, qui offrent un vaste \u00e9ventail d\u2019horaires \u00e0 partir de 5 heures du matin jusqu\u2019\u00e0 22 heures 30 le soir.[\/vc_column_text][vc_single_image image=\u00a0\u00bb1662&Prime; img_size=\u00a0\u00bbmedium\u00a0\u00bb alignment=\u00a0\u00bbcenter\u00a0\u00bb onclick=\u00a0\u00bbcustom_link\u00a0\u00bb img_link_target=\u00a0\u00bb_blank\u00a0\u00bb link=\u00a0\u00bb\/fr\/reservation-de-ferry\u00a0\u00bb][vc_column_text]Nous disposons d\u2019une convention avec la compagnie Blu Navy, avec laquelle vous pourrez obtenir les billets aller-retour \u00e0 prix r\u00e9duits. La r\u00e9duction par rapport aux prix que vous voyez en ligne en fonction du tarif de base varie de 20 % \u00e0 50 %. Au moment de la r\u00e9servation, nous vous enverrons un code avec lequel effectuer commod\u00e9ment votre r\u00e9servation aux horaires qui vous conviennent le mieux.<\/p>\n<p>Il est toutefois vivement conseill\u00e9, quelle que soit la compagnie, d\u2019effectuer la r\u00e9servation longtemps \u00e0 l\u2019avance, en particulier si vous avez l\u2019intention de voyager le week-end ou pendant des jours de f\u00eate.<\/p>\n<p>Si vous voyagez sans v\u00e9hicule, il existe une autre liaison rapide, l\u2019hydroglisseur qui, en seulement 35\/40 minutes de navigation, vous conduit jusqu\u2019au port de Portoferraio.[\/vc_column_text][vc_single_image image=\u00a0\u00bb1663&Prime; img_size=\u00a0\u00bblarge\u00a0\u00bb alignment=\u00a0\u00bbcenter\u00a0\u00bb onclick=\u00a0\u00bbimg_link_large\u00a0\u00bb][vc_empty_space height=\u00a0\u00bb25px\u00a0\u00bb][vc_column_text]<\/p>\n<h3>Comment rejoindre l\u2019\u00eele en voiture\u2026<\/h3>\n<p><strong>DU NORD<\/strong><br \/>\nDe Milan, autoroute A1 (Autostrada del Sole), direction Parma Ovest sur la A15 (Autocamionale della Cisa) pour rejoindre l\u2019autoroute A12 Genova-Livorno, sortie de Rosignano, poursuivre sur la S.S. Aurelia (direction Roma) jusqu\u2019\u00e0 Venturina-Isola d\u2019Elba, et de l\u00e0 suivre les indications (PORTO \u2013Isola d\u2019Elba) jusqu\u2019\u00e0 Piombino Marittima.<\/p>\n<p><strong>DU NORD-EST<\/strong><br \/>\n\u00c0 Bologne, prendre l\u2019autoroute A1 en direction de Florence, une fois arriv\u00e9s \u00e0 Florence, suivre les indications pour Pisa-Livorno : apr\u00e8s avoir d\u00e9pass\u00e9 Livourne, sortir \u00e0 Rosignano, puis poursuivre sur la S.S. Aurelia (direction Roma- Grosseto) jusqu\u2019\u00e0 Venturina-Isola d\u2019Elba et, de l\u00e0, suivre les indications (PORTO \u2013 Isola d\u2019Elba) jusqu\u2019\u00e0 atteindre le port de Piombino Marittima.<\/p>\n<p><strong>DU SUD<\/strong><br \/>\nAutoroute A12 Roma-Grosseto : S.S.1 Aurelia sortie Venturina-Isola d\u2019Elba et, de l\u00e0 suivre les indications (PORTO \u2013 Isola d\u2019Elba) jusqu\u2019\u00e0 atteindre le port de Piombino Marittima.<\/p>\n<h3>Comment rejoindre l\u2019\u00eele en train<\/h3>\n<p>La gare ferroviaire \u00e0 rejoindre avant de prendre le ferry \u00e0 destination de l\u2019\u00cele d\u2019Elbe est celle de Piombino Marittima. Elle se trouve \u00e0 l\u2019int\u00e9rieur de l\u2019aire portuaire, \u00e0 quelques m\u00e8tres des quais d\u2019embarquement des diff\u00e9rentes compagnies effectuant la travers\u00e9e.<\/p>\n<p>Pour de plus amples informations, nous vous conseillons de visiter le site <a style=\"font-weight: normal;\" href=\"http:\/\/www.fsitaliane.it\/\" target=\"_blank\" rel=\"noopener\">www.ferroviedellostato.it<\/a><span style=\"font-weight: normal;\"> ou\u00a0<\/span><a style=\"font-weight: normal;\" href=\"https:\/\/www.thetrainline.com\/it\" target=\"_blank\" rel=\"noopener\">Trainline<\/a><span style=\"font-weight: normal;\">.<\/span><\/p>\n<p>Une fois arriv\u00e9s sur l\u2019\u00eele, vous trouverez au Port de Portoferraio la station de taxis (0565-915112), ou la CTT \u2013 Compagnie toscane des transports (0565.914392), qui assurent des liaisons sur l\u2019ensemble de l\u2019\u00eele.<\/p>\n<h3>Comment rejoindre l\u2019\u00eele en avion<\/h3>\n<p>Un petit a\u00e9roport est pr\u00e9sent \u00e0 Marina di Campo, desservi par deux compagnies: La<span style=\"font-weight: normal;\">\u00a0<\/span><a style=\"font-weight: normal;\" href=\"http:\/\/www.flightsandtravels.ch\" target=\"_blank\" rel=\"noopener\">SILVER AIR<\/a><span style=\"font-weight: normal;\"> , qui op\u00e8rent des liaisons avec Pise, Florence, Milano Linate et Lugano.<\/span><\/p>\n<p>Pour de plus amples informations, nous vous invitons \u00e0 visiter directement le site de l\u2019a\u00e9roport <a href=\"http:\/\/www.elbaisland-airport.it\" target=\"_blank\" rel=\"noopener\">www.elbaisland-airport.it<\/a>.[\/vc_column_text][vc_row_inner][vc_column_inner][vc_raw_html]JTVCZ29vZ2xlX21hcF9lYXN5JTIwaWQlM0QlMjIxJTIyJTVE[\/vc_raw_html][vc_column_text]<\/p>\n<h3>Une fois arriv\u00e9s sur l\u2019\u00eele\u2026<\/h3>\n<p>Une fois arriv\u00e9s sur l\u2019\u00eele, apr\u00e8s avoir quitt\u00e9 l\u2019aire portuaire de Portoferraio, suivez le panneau \u00ab<strong>TUTTE LE DIREZIONI<\/strong>\u00bb. Parcourez la route \u00e0 4 voies qui sort de Portoferraio et poursuivez tout droit, en direction de <strong>PROCCHIO \u2013 MARINA DI CAMPO<\/strong>. Une fois arriv\u00e9s \u00e0 Procchio, tournez \u00e0 gauche en suivant la direction de <strong>MARINA DI CAMPO<\/strong>.<\/p>\n<p>D\u00e8s que vous avez quitt\u00e9 l\u2019a\u00e9roport \u00e0 La Pila, suivez les indications pour Marina di Campo en tournant \u00e0 gauche, poursuivez tout droit et, apr\u00e8s avoir d\u00e9pass\u00e9 un rond-point, vous arriverez dans l\u2019avenue bord\u00e9e d\u2019arbres d\u2019entr\u00e9e du village. Environ 350 m apr\u00e8s le distributeur Agip, vous trouverez sur la droite notre R\u00e9ception. Garez-vous le long de la route. Nous vous indiquerons ensuite l\u2019endroit o\u00f9 d\u00e9charger commod\u00e9ment vos bagages. Vous pourrez ensuite ranger votre voiture dans la place qui vous est r\u00e9serv\u00e9e.[\/vc_column_text][\/vc_column_inner][\/vc_row_inner][vc_row_inner][vc_column_inner][vc_column_text]<\/p>\n<h2 style=\"text-align: center;\">Notre structure<\/h2>\n<p>[\/vc_column_text][vc_single_image image=\u00a0\u00bb1062&Prime; img_size=\u00a0\u00bb500&Prime; alignment=\u00a0\u00bbcenter\u00a0\u00bb onclick=\u00a0\u00bblink_image\u00a0\u00bb][vc_column_text]<\/p>\n<h2 style=\"text-align: center;\">Acc\u00e8s \u00e0 la mer<\/h2>\n<p>[\/vc_column_text][vc_single_image image=\u00a0\u00bb2316&Prime; img_size=\u00a0\u00bb850&#215;489&Prime; alignment=\u00a0\u00bbcenter\u00a0\u00bb onclick=\u00a0\u00bblink_image\u00a0\u00bb][\/vc_column_inner][\/vc_row_inner][vc_empty_space height=\u00a0\u00bb25px\u00a0\u00bb][vc_row_inner][vc_column_inner][\/vc_column_inner][\/vc_row_inner][\/vc_column][\/vc_row]<\/p>\n<\/div>","protected":false},"excerpt":{"rendered":"<p>[vc_row full_width=\u00a0\u00bbstretch_row_content_no_spaces\u00a0\u00bb bg_type=\u00a0\u00bbimage\u00a0\u00bb parallax_style=\u00a0\u00bbvcpb-default\u00a0\u00bb bg_image_new=\u00a0\u00bbid^1763|url^http:\/\/hotelelba.youelba.com\/wp-content\/uploads\/2019\/08\/43.jpg|caption^null|alt^null|title^43|description^null\u00a0\u00bb bg_image_repeat=\u00a0\u00bbno-repeat\u00a0\u00bb bg_override=\u00a0\u00bbfull\u00a0\u00bb][vc_column css_animation=\u00a0\u00bbfadeIn\u00a0\u00bb css=\u00a0\u00bb.vc_custom_1656311697974{padding-top: 13% !important;padding-bottom: 11% !important;background-position: center !important;background-repeat: no-repeat !important;background-size: contain !important;}\u00a0\u00bb][vc_empty_space height=\u00a0\u00bb50px\u00a0\u00bb][\/vc_column][\/vc_row][vc_row css=\u00a0\u00bb.vc_custom_1669796037695{padding-top: 30px !important;padding-bottom: 30px !important;}\u00a0\u00bb][vc_column offset=\u00a0\u00bbvc_col-md-offset-3 vc_col-md-6&Prime;][vc_custom_heading text=\u00a0\u00bbComment nous rejoindre\u00a0\u00bb font_container=\u00a0\u00bbtag:h2|font_size:58|text_align:center|line_height:1&Prime; google_fonts=\u00a0\u00bbfont_family:Alex%20Brush%3Aregular|font_style:400%20regular%3A400%3Anormal\u00a0\u00bb][\/vc_column][\/vc_row][vc_row][vc_column][vc_column_text] Ferry-boat De la terre ferme, il est facile de rejoindre l\u2019\u00cele d\u2019Elbe car, pendant la saison estivale, de nombreuses travers\u00e9es en ferry sont&hellip;<\/p>\n","protected":false},"author":1,"featured_media":0,"parent":0,"menu_order":0,"comment_status":"closed","ping_status":"closed","template":"","meta":{"footnotes":""},"class_list":["post-3700","page","type-page","status-publish","hentry","description-off"],"yoast_head":"<!-- This site is optimized with the Yoast SEO plugin v25.3 - https:\/\/yoast.com\/wordpress\/plugins\/seo\/ -->\n<title>Comment nous rejoindre - Hotel Elba e Residence dei Fiori<\/title>\n<meta name=\"robots\" content=\"index, follow, max-snippet:-1, max-image-preview:large, max-video-preview:-1\" \/>\n<link rel=\"canonical\" href=\"https:\/\/www.hotelelba.it\/fr\/comment-nous-rejoindre\/\" \/>\n<meta property=\"og:locale\" content=\"fr_FR\" \/>\n<meta property=\"og:type\" content=\"article\" \/>\n<meta property=\"og:title\" content=\"Comment nous rejoindre - Hotel Elba e Residence dei Fiori\" \/>\n<meta property=\"og:description\" content=\"[vc_row full_width=\u00a0\u00bbstretch_row_content_no_spaces\u00a0\u00bb bg_type=\u00a0\u00bbimage\u00a0\u00bb parallax_style=\u00a0\u00bbvcpb-default\u00a0\u00bb bg_image_new=\u00a0\u00bbid^1763|url^http:\/\/hotelelba.youelba.com\/wp-content\/uploads\/2019\/08\/43.jpg|caption^null|alt^null|title^43|description^null\u00a0\u00bb bg_image_repeat=\u00a0\u00bbno-repeat\u00a0\u00bb bg_override=\u00a0\u00bbfull\u00a0\u00bb][vc_column css_animation=\u00a0\u00bbfadeIn\u00a0\u00bb css=\u00a0\u00bb.vc_custom_1656311697974{padding-top: 13% !important;padding-bottom: 11% !important;background-position: center !important;background-repeat: no-repeat !important;background-size: contain !important;}\u00a0\u00bb][vc_empty_space height=\u00a0\u00bb50px\u00a0\u00bb][\/vc_column][\/vc_row][vc_row css=\u00a0\u00bb.vc_custom_1669796037695{padding-top: 30px !important;padding-bottom: 30px !important;}\u00a0\u00bb][vc_column offset=\u00a0\u00bbvc_col-md-offset-3 vc_col-md-6&Prime;][vc_custom_heading text=\u00a0\u00bbComment nous rejoindre\u00a0\u00bb font_container=\u00a0\u00bbtag:h2|font_size:58|text_align:center|line_height:1&Prime; google_fonts=\u00a0\u00bbfont_family:Alex%20Brush%3Aregular|font_style:400%20regular%3A400%3Anormal\u00a0\u00bb][\/vc_column][\/vc_row][vc_row][vc_column][vc_column_text] Ferry-boat De la terre ferme, il est facile de rejoindre l\u2019\u00cele d\u2019Elbe car, pendant la saison estivale, de nombreuses travers\u00e9es en ferry sont&hellip;\" \/>\n<meta property=\"og:url\" content=\"https:\/\/www.hotelelba.it\/fr\/comment-nous-rejoindre\/\" \/>\n<meta property=\"og:site_name\" content=\"Hotel Elba e Residence dei Fiori\" \/>\n<meta property=\"article:publisher\" content=\"https:\/\/www.facebook.com\/HotelElbaResidenceDeiFiori\" \/>\n<meta property=\"article:modified_time\" content=\"2023-11-23T08:48:58+00:00\" \/>\n<meta name=\"twitter:card\" content=\"summary_large_image\" \/>\n<meta name=\"twitter:site\" content=\"@ElbaFiori\" \/>\n<meta name=\"twitter:label1\" content=\"Dur\u00e9e de lecture estim\u00e9e\" \/>\n\t<meta name=\"twitter:data1\" content=\"4 minutes\" \/>\n<script type=\"application\/ld+json\" class=\"yoast-schema-graph\">{\"@context\":\"https:\/\/schema.org\",\"@graph\":[{\"@type\":\"WebPage\",\"@id\":\"https:\/\/www.hotelelba.it\/fr\/comment-nous-rejoindre\/\",\"url\":\"https:\/\/www.hotelelba.it\/fr\/comment-nous-rejoindre\/\",\"name\":\"Comment nous rejoindre - Hotel Elba e Residence dei Fiori\",\"isPartOf\":{\"@id\":\"https:\/\/www.hotelelba.it\/#website\"},\"datePublished\":\"2022-06-29T08:42:19+00:00\",\"dateModified\":\"2023-11-23T08:48:58+00:00\",\"breadcrumb\":{\"@id\":\"https:\/\/www.hotelelba.it\/fr\/comment-nous-rejoindre\/#breadcrumb\"},\"inLanguage\":\"fr-FR\",\"potentialAction\":[{\"@type\":\"ReadAction\",\"target\":[\"https:\/\/www.hotelelba.it\/fr\/comment-nous-rejoindre\/\"]}]},{\"@type\":\"BreadcrumbList\",\"@id\":\"https:\/\/www.hotelelba.it\/fr\/comment-nous-rejoindre\/#breadcrumb\",\"itemListElement\":[{\"@type\":\"ListItem\",\"position\":1,\"name\":\"Home\",\"item\":\"https:\/\/www.hotelelba.it\/fr\/\"},{\"@type\":\"ListItem\",\"position\":2,\"name\":\"Comment nous rejoindre\"}]},{\"@type\":\"WebSite\",\"@id\":\"https:\/\/www.hotelelba.it\/#website\",\"url\":\"https:\/\/www.hotelelba.it\/\",\"name\":\"Hotel Elba e Residence dei Fiori\",\"description\":\"Hotel e Residence a Marina di Campo all&#039;Isola d&#039;Elba\",\"publisher\":{\"@id\":\"https:\/\/www.hotelelba.it\/#organization\"},\"potentialAction\":[{\"@type\":\"SearchAction\",\"target\":{\"@type\":\"EntryPoint\",\"urlTemplate\":\"https:\/\/www.hotelelba.it\/?s={search_term_string}\"},\"query-input\":{\"@type\":\"PropertyValueSpecification\",\"valueRequired\":true,\"valueName\":\"search_term_string\"}}],\"inLanguage\":\"fr-FR\"},{\"@type\":\"Organization\",\"@id\":\"https:\/\/www.hotelelba.it\/#organization\",\"name\":\"Hotel Elba e Residence dei Fiori\",\"url\":\"https:\/\/www.hotelelba.it\/\",\"logo\":{\"@type\":\"ImageObject\",\"inLanguage\":\"fr-FR\",\"@id\":\"https:\/\/www.hotelelba.it\/#\/schema\/logo\/image\/\",\"url\":\"https:\/\/www.hotelelba.it\/wp-content\/uploads\/2022\/06\/Hotel_Elba_2x.png\",\"contentUrl\":\"https:\/\/www.hotelelba.it\/wp-content\/uploads\/2022\/06\/Hotel_Elba_2x.png\",\"width\":360,\"height\":204,\"caption\":\"Hotel Elba e Residence dei Fiori\"},\"image\":{\"@id\":\"https:\/\/www.hotelelba.it\/#\/schema\/logo\/image\/\"},\"sameAs\":[\"https:\/\/www.facebook.com\/HotelElbaResidenceDeiFiori\",\"https:\/\/x.com\/ElbaFiori\",\"https:\/\/www.instagram.com\/hotelelba.residencedeifiori\/\"]}]}<\/script>\n<!-- \/ Yoast SEO plugin. -->","yoast_head_json":{"title":"Comment nous rejoindre - Hotel Elba e Residence dei Fiori","robots":{"index":"index","follow":"follow","max-snippet":"max-snippet:-1","max-image-preview":"max-image-preview:large","max-video-preview":"max-video-preview:-1"},"canonical":"https:\/\/www.hotelelba.it\/fr\/comment-nous-rejoindre\/","og_locale":"fr_FR","og_type":"article","og_title":"Comment nous rejoindre - Hotel Elba e Residence dei Fiori","og_description":"[vc_row full_width=\u00a0\u00bbstretch_row_content_no_spaces\u00a0\u00bb bg_type=\u00a0\u00bbimage\u00a0\u00bb parallax_style=\u00a0\u00bbvcpb-default\u00a0\u00bb bg_image_new=\u00a0\u00bbid^1763|url^http:\/\/hotelelba.youelba.com\/wp-content\/uploads\/2019\/08\/43.jpg|caption^null|alt^null|title^43|description^null\u00a0\u00bb bg_image_repeat=\u00a0\u00bbno-repeat\u00a0\u00bb bg_override=\u00a0\u00bbfull\u00a0\u00bb][vc_column css_animation=\u00a0\u00bbfadeIn\u00a0\u00bb css=\u00a0\u00bb.vc_custom_1656311697974{padding-top: 13% !important;padding-bottom: 11% !important;background-position: center !important;background-repeat: no-repeat !important;background-size: contain !important;}\u00a0\u00bb][vc_empty_space height=\u00a0\u00bb50px\u00a0\u00bb][\/vc_column][\/vc_row][vc_row css=\u00a0\u00bb.vc_custom_1669796037695{padding-top: 30px !important;padding-bottom: 30px !important;}\u00a0\u00bb][vc_column offset=\u00a0\u00bbvc_col-md-offset-3 vc_col-md-6&Prime;][vc_custom_heading text=\u00a0\u00bbComment nous rejoindre\u00a0\u00bb font_container=\u00a0\u00bbtag:h2|font_size:58|text_align:center|line_height:1&Prime; google_fonts=\u00a0\u00bbfont_family:Alex%20Brush%3Aregular|font_style:400%20regular%3A400%3Anormal\u00a0\u00bb][\/vc_column][\/vc_row][vc_row][vc_column][vc_column_text] Ferry-boat De la terre ferme, il est facile de rejoindre l\u2019\u00cele d\u2019Elbe car, pendant la saison estivale, de nombreuses travers\u00e9es en ferry sont&hellip;","og_url":"https:\/\/www.hotelelba.it\/fr\/comment-nous-rejoindre\/","og_site_name":"Hotel Elba e Residence dei Fiori","article_publisher":"https:\/\/www.facebook.com\/HotelElbaResidenceDeiFiori","article_modified_time":"2023-11-23T08:48:58+00:00","twitter_card":"summary_large_image","twitter_site":"@ElbaFiori","twitter_misc":{"Dur\u00e9e de lecture estim\u00e9e":"4 minutes"},"schema":{"@context":"https:\/\/schema.org","@graph":[{"@type":"WebPage","@id":"https:\/\/www.hotelelba.it\/fr\/comment-nous-rejoindre\/","url":"https:\/\/www.hotelelba.it\/fr\/comment-nous-rejoindre\/","name":"Comment nous rejoindre - Hotel Elba e Residence dei Fiori","isPartOf":{"@id":"https:\/\/www.hotelelba.it\/#website"},"datePublished":"2022-06-29T08:42:19+00:00","dateModified":"2023-11-23T08:48:58+00:00","breadcrumb":{"@id":"https:\/\/www.hotelelba.it\/fr\/comment-nous-rejoindre\/#breadcrumb"},"inLanguage":"fr-FR","potentialAction":[{"@type":"ReadAction","target":["https:\/\/www.hotelelba.it\/fr\/comment-nous-rejoindre\/"]}]},{"@type":"BreadcrumbList","@id":"https:\/\/www.hotelelba.it\/fr\/comment-nous-rejoindre\/#breadcrumb","itemListElement":[{"@type":"ListItem","position":1,"name":"Home","item":"https:\/\/www.hotelelba.it\/fr\/"},{"@type":"ListItem","position":2,"name":"Comment nous rejoindre"}]},{"@type":"WebSite","@id":"https:\/\/www.hotelelba.it\/#website","url":"https:\/\/www.hotelelba.it\/","name":"Hotel Elba e Residence dei Fiori","description":"Hotel e Residence a Marina di Campo all&#039;Isola d&#039;Elba","publisher":{"@id":"https:\/\/www.hotelelba.it\/#organization"},"potentialAction":[{"@type":"SearchAction","target":{"@type":"EntryPoint","urlTemplate":"https:\/\/www.hotelelba.it\/?s={search_term_string}"},"query-input":{"@type":"PropertyValueSpecification","valueRequired":true,"valueName":"search_term_string"}}],"inLanguage":"fr-FR"},{"@type":"Organization","@id":"https:\/\/www.hotelelba.it\/#organization","name":"Hotel Elba e Residence dei Fiori","url":"https:\/\/www.hotelelba.it\/","logo":{"@type":"ImageObject","inLanguage":"fr-FR","@id":"https:\/\/www.hotelelba.it\/#\/schema\/logo\/image\/","url":"https:\/\/www.hotelelba.it\/wp-content\/uploads\/2022\/06\/Hotel_Elba_2x.png","contentUrl":"https:\/\/www.hotelelba.it\/wp-content\/uploads\/2022\/06\/Hotel_Elba_2x.png","width":360,"height":204,"caption":"Hotel Elba e Residence dei Fiori"},"image":{"@id":"https:\/\/www.hotelelba.it\/#\/schema\/logo\/image\/"},"sameAs":["https:\/\/www.facebook.com\/HotelElbaResidenceDeiFiori","https:\/\/x.com\/ElbaFiori","https:\/\/www.instagram.com\/hotelelba.residencedeifiori\/"]}]}},"_links":{"self":[{"href":"https:\/\/www.hotelelba.it\/fr\/wp-json\/wp\/v2\/pages\/3700"}],"collection":[{"href":"https:\/\/www.hotelelba.it\/fr\/wp-json\/wp\/v2\/pages"}],"about":[{"href":"https:\/\/www.hotelelba.it\/fr\/wp-json\/wp\/v2\/types\/page"}],"author":[{"embeddable":true,"href":"https:\/\/www.hotelelba.it\/fr\/wp-json\/wp\/v2\/users\/1"}],"replies":[{"embeddable":true,"href":"https:\/\/www.hotelelba.it\/fr\/wp-json\/wp\/v2\/comments?post=3700"}],"version-history":[{"count":5,"href":"https:\/\/www.hotelelba.it\/fr\/wp-json\/wp\/v2\/pages\/3700\/revisions"}],"predecessor-version":[{"id":6397,"href":"https:\/\/www.hotelelba.it\/fr\/wp-json\/wp\/v2\/pages\/3700\/revisions\/6397"}],"wp:attachment":[{"href":"https:\/\/www.hotelelba.it\/fr\/wp-json\/wp\/v2\/media?parent=3700"}],"curies":[{"name":"wp","href":"https:\/\/api.w.org\/{rel}","templated":true}]}}