{"id":3628,"date":"2022-06-27T10:06:51","date_gmt":"2022-06-27T08:06:51","guid":{"rendered":"http:\/\/hotelelba.youelba.com\/bike-hotel\/"},"modified":"2023-01-12T12:59:40","modified_gmt":"2023-01-12T11:59:40","slug":"bike-hotel","status":"publish","type":"page","link":"https:\/\/www.hotelelba.it\/fr\/bike-hotel\/","title":{"rendered":"Bike Hotel"},"content":{"rendered":"<div class=\"wpb-content-wrapper\"><p>[vc_row full_width=\u00a0\u00bbstretch_row_content_no_spaces\u00a0\u00bb bg_type=\u00a0\u00bbimage\u00a0\u00bb parallax_style=\u00a0\u00bbvcpb-default\u00a0\u00bb bg_image_new=\u00a0\u00bbid^658|url^http:\/\/hotelelba.youelba.com\/wp-content\/uploads\/2016\/02\/mtb-elba4.jpg|caption^null|alt^null|title^null|description^null\u00a0\u00bb bg_image_repeat=\u00a0\u00bbno-repeat\u00a0\u00bb bg_image_posiiton=\u00a0\u00bb50% 28%\u00a0\u00bb bg_override=\u00a0\u00bbfull\u00a0\u00bb][vc_column css_animation=\u00a0\u00bbfadeIn\u00a0\u00bb css=\u00a0\u00bb.vc_custom_1656311697974{padding-top: 13% !important;padding-bottom: 11% !important;background-position: center !important;background-repeat: no-repeat !important;background-size: contain !important;}\u00a0\u00bb][vc_empty_space height=\u00a0\u00bb50px\u00a0\u00bb][\/vc_column][\/vc_row][vc_row css=\u00a0\u00bb.vc_custom_1669795196820{padding-top: 30px !important;padding-bottom: 30px !important;}\u00a0\u00bb][vc_column offset=\u00a0\u00bbvc_col-md-offset-3 vc_col-md-6&Prime;][vc_custom_heading text=\u00a0\u00bbBike Hotel\u00a0\u00bb font_container=\u00a0\u00bbtag:h2|font_size:58|text_align:center|line_height:1&Prime; google_fonts=\u00a0\u00bbfont_family:Alex%20Brush%3Aregular|font_style:400%20regular%3A400%3Anormal\u00a0\u00bb][\/vc_column][\/vc_row][vc_row][vc_column][vc_single_image image=\u00a0\u00bb652&Prime; img_size=\u00a0\u00bb600&#215;92&Prime; alignment=\u00a0\u00bbcenter\u00a0\u00bb onclick=\u00a0\u00bbcustom_link\u00a0\u00bb img_link_target=\u00a0\u00bb_blank\u00a0\u00bb link=\u00a0\u00bbhttp:\/\/nuke.elbabike.it\/\u00a0\u00bb][vc_column_text]<\/p>\n<p style=\"text-align: center;\">Nous nous sommes organis\u00e9s pour vous proposer une aide compl\u00e8te, et sommes \u00e0 votre enti\u00e8re disposition pour faciliter la programmation et votre s\u00e9jour sur l\u2019\u00eele, afin que vous puissiez passer des vacances inoubliables!<\/p>\n<p>[\/vc_column_text][\/vc_column][\/vc_row][vc_row][vc_column][vc_column_text]<strong>Services:<\/strong><\/p>\n<ul>\n<li>Informations sur les itin\u00e9raires pour les cyclistes et les points Internet;<\/li>\n<li>Informations relatives aux services pour les cyclistes et \u00e0 caract\u00e8re g\u00e9n\u00e9ral;<\/li>\n<li>Convention avec service de location v\u00e9los*;<\/li>\n<li>Transport de v\u00e9los et bagages*;<\/li>\n<li>Organisation et accompagnement par des guides sp\u00e9cialis\u00e9s*<\/li>\n<li>Possibilit\u00e9 de ranger le v\u00e9lo dans la chambre;<\/li>\n<li>Possibilit\u00e9 de laver son v\u00e9lo;<\/li>\n<li>Urgence*;<\/li>\n<li>Disponibilit\u00e9 de s\u00e9jour pour une seule nuit;<\/li>\n<li>Service de blanchisserie*;<\/li>\n<li>Parcours cyclable dans les environs imm\u00e9diats;<\/li>\n<li>Restauration sp\u00e9cifique avec copieux petit-d\u00e9jeuner et possibilit\u00e9 d\u2019emporter son casse-cro\u00fbte sur demande*;<\/li>\n<li>Petite station d&rsquo;entretien et de recharge des v\u00e9los \u00e9lectriques ;<\/li>\n<\/ul>\n<p>*Service sur r\u00e9servation avec facturation.<\/p>\n<p>Nous sommes \u00e0 votre disposition pour toute information utile, choix de parcours, location ou r\u00e9paration. Nous pouvons vous indiquer des guides agr\u00e9\u00e9s par la F\u00e9d\u00e9ration cycliste italienne et le CONI (Comit\u00e9 Olympique National Italien), disposant d\u2019un service de location de v\u00e9los de type Pro ou \u00e0 assistance \u00e9lectrique.<\/p>\n<p><strong>Liens utiles:<\/strong><\/p>\n<ul>\n<li><a href=\"http:\/\/nuke.elbabike.it\/\" target=\"_blank\" rel=\"noopener\">Elba Bike<\/a>:\u00a0excursions guid\u00e9es \u00e0 l\u2019\u00cele d\u2019Elbe en v\u00e9lo, accompagn\u00e9s de guides de la F\u00e9d\u00e9ration cycliste italienne et du CONI.<\/li>\n<\/ul>\n<p>[\/vc_column_text][vc_single_image image=\u00a0\u00bb658&Prime; img_size=\u00a0\u00bb620&#215;480&Prime; alignment=\u00a0\u00bbcenter\u00a0\u00bb onclick=\u00a0\u00bbimg_link_large\u00a0\u00bb][\/vc_column][\/vc_row]<\/p>\n<\/div>","protected":false},"excerpt":{"rendered":"<p>[vc_row full_width=\u00a0\u00bbstretch_row_content_no_spaces\u00a0\u00bb bg_type=\u00a0\u00bbimage\u00a0\u00bb parallax_style=\u00a0\u00bbvcpb-default\u00a0\u00bb bg_image_new=\u00a0\u00bbid^658|url^http:\/\/hotelelba.youelba.com\/wp-content\/uploads\/2016\/02\/mtb-elba4.jpg|caption^null|alt^null|title^null|description^null\u00a0\u00bb bg_image_repeat=\u00a0\u00bbno-repeat\u00a0\u00bb bg_image_posiiton=\u00a0\u00bb50% 28%\u00a0\u00bb bg_override=\u00a0\u00bbfull\u00a0\u00bb][vc_column css_animation=\u00a0\u00bbfadeIn\u00a0\u00bb css=\u00a0\u00bb.vc_custom_1656311697974{padding-top: 13% !important;padding-bottom: 11% !important;background-position: center !important;background-repeat: no-repeat !important;background-size: contain !important;}\u00a0\u00bb][vc_empty_space height=\u00a0\u00bb50px\u00a0\u00bb][\/vc_column][\/vc_row][vc_row css=\u00a0\u00bb.vc_custom_1669795196820{padding-top: 30px !important;padding-bottom: 30px !important;}\u00a0\u00bb][vc_column offset=\u00a0\u00bbvc_col-md-offset-3 vc_col-md-6&Prime;][vc_custom_heading text=\u00a0\u00bbBike Hotel\u00a0\u00bb font_container=\u00a0\u00bbtag:h2|font_size:58|text_align:center|line_height:1&Prime; google_fonts=\u00a0\u00bbfont_family:Alex%20Brush%3Aregular|font_style:400%20regular%3A400%3Anormal\u00a0\u00bb][\/vc_column][\/vc_row][vc_row][vc_column][vc_single_image image=\u00a0\u00bb652&Prime; img_size=\u00a0\u00bb600&#215;92&Prime; alignment=\u00a0\u00bbcenter\u00a0\u00bb onclick=\u00a0\u00bbcustom_link\u00a0\u00bb img_link_target=\u00a0\u00bb_blank\u00a0\u00bb link=\u00a0\u00bbhttp:\/\/nuke.elbabike.it\/\u00a0\u00bb][vc_column_text] Nous nous sommes organis\u00e9s pour vous proposer une aide compl\u00e8te, et sommes \u00e0 votre enti\u00e8re disposition&hellip;<\/p>\n","protected":false},"author":1,"featured_media":0,"parent":0,"menu_order":0,"comment_status":"closed","ping_status":"closed","template":"","meta":{"footnotes":""},"class_list":["post-3628","page","type-page","status-publish","hentry","description-off"],"yoast_head":"<!-- This site is optimized with the Yoast SEO plugin v25.3 - https:\/\/yoast.com\/wordpress\/plugins\/seo\/ -->\n<title>Bike Hotel - Hotel Elba e Residence dei Fiori<\/title>\n<meta name=\"robots\" content=\"index, follow, max-snippet:-1, max-image-preview:large, max-video-preview:-1\" \/>\n<link rel=\"canonical\" href=\"https:\/\/www.hotelelba.it\/fr\/bike-hotel\/\" \/>\n<meta property=\"og:locale\" content=\"fr_FR\" \/>\n<meta property=\"og:type\" content=\"article\" \/>\n<meta property=\"og:title\" content=\"Bike Hotel - Hotel Elba e Residence dei Fiori\" \/>\n<meta property=\"og:description\" content=\"[vc_row full_width=\u00a0\u00bbstretch_row_content_no_spaces\u00a0\u00bb bg_type=\u00a0\u00bbimage\u00a0\u00bb parallax_style=\u00a0\u00bbvcpb-default\u00a0\u00bb bg_image_new=\u00a0\u00bbid^658|url^http:\/\/hotelelba.youelba.com\/wp-content\/uploads\/2016\/02\/mtb-elba4.jpg|caption^null|alt^null|title^null|description^null\u00a0\u00bb bg_image_repeat=\u00a0\u00bbno-repeat\u00a0\u00bb bg_image_posiiton=\u00a0\u00bb50% 28%\u00a0\u00bb bg_override=\u00a0\u00bbfull\u00a0\u00bb][vc_column css_animation=\u00a0\u00bbfadeIn\u00a0\u00bb css=\u00a0\u00bb.vc_custom_1656311697974{padding-top: 13% !important;padding-bottom: 11% !important;background-position: center !important;background-repeat: no-repeat !important;background-size: contain !important;}\u00a0\u00bb][vc_empty_space height=\u00a0\u00bb50px\u00a0\u00bb][\/vc_column][\/vc_row][vc_row css=\u00a0\u00bb.vc_custom_1669795196820{padding-top: 30px !important;padding-bottom: 30px !important;}\u00a0\u00bb][vc_column offset=\u00a0\u00bbvc_col-md-offset-3 vc_col-md-6&Prime;][vc_custom_heading text=\u00a0\u00bbBike Hotel\u00a0\u00bb font_container=\u00a0\u00bbtag:h2|font_size:58|text_align:center|line_height:1&Prime; google_fonts=\u00a0\u00bbfont_family:Alex%20Brush%3Aregular|font_style:400%20regular%3A400%3Anormal\u00a0\u00bb][\/vc_column][\/vc_row][vc_row][vc_column][vc_single_image image=\u00a0\u00bb652&Prime; img_size=\u00a0\u00bb600&#215;92&Prime; alignment=\u00a0\u00bbcenter\u00a0\u00bb onclick=\u00a0\u00bbcustom_link\u00a0\u00bb img_link_target=\u00a0\u00bb_blank\u00a0\u00bb link=\u00a0\u00bbhttp:\/\/nuke.elbabike.it\/\u00a0\u00bb][vc_column_text] Nous nous sommes organis\u00e9s pour vous proposer une aide compl\u00e8te, et sommes \u00e0 votre enti\u00e8re disposition&hellip;\" \/>\n<meta property=\"og:url\" content=\"https:\/\/www.hotelelba.it\/fr\/bike-hotel\/\" \/>\n<meta property=\"og:site_name\" content=\"Hotel Elba e Residence dei Fiori\" \/>\n<meta property=\"article:publisher\" content=\"https:\/\/www.facebook.com\/HotelElbaResidenceDeiFiori\" \/>\n<meta property=\"article:modified_time\" content=\"2023-01-12T11:59:40+00:00\" \/>\n<meta name=\"twitter:card\" content=\"summary_large_image\" \/>\n<meta name=\"twitter:site\" content=\"@ElbaFiori\" \/>\n<meta name=\"twitter:label1\" content=\"Dur\u00e9e de lecture estim\u00e9e\" \/>\n\t<meta name=\"twitter:data1\" content=\"2 minutes\" \/>\n<script type=\"application\/ld+json\" class=\"yoast-schema-graph\">{\"@context\":\"https:\/\/schema.org\",\"@graph\":[{\"@type\":\"WebPage\",\"@id\":\"https:\/\/www.hotelelba.it\/fr\/bike-hotel\/\",\"url\":\"https:\/\/www.hotelelba.it\/fr\/bike-hotel\/\",\"name\":\"Bike Hotel - Hotel Elba e Residence dei Fiori\",\"isPartOf\":{\"@id\":\"https:\/\/www.hotelelba.it\/#website\"},\"datePublished\":\"2022-06-27T08:06:51+00:00\",\"dateModified\":\"2023-01-12T11:59:40+00:00\",\"breadcrumb\":{\"@id\":\"https:\/\/www.hotelelba.it\/fr\/bike-hotel\/#breadcrumb\"},\"inLanguage\":\"fr-FR\",\"potentialAction\":[{\"@type\":\"ReadAction\",\"target\":[\"https:\/\/www.hotelelba.it\/fr\/bike-hotel\/\"]}]},{\"@type\":\"BreadcrumbList\",\"@id\":\"https:\/\/www.hotelelba.it\/fr\/bike-hotel\/#breadcrumb\",\"itemListElement\":[{\"@type\":\"ListItem\",\"position\":1,\"name\":\"Home\",\"item\":\"https:\/\/www.hotelelba.it\/fr\/\"},{\"@type\":\"ListItem\",\"position\":2,\"name\":\"Bike Hotel\"}]},{\"@type\":\"WebSite\",\"@id\":\"https:\/\/www.hotelelba.it\/#website\",\"url\":\"https:\/\/www.hotelelba.it\/\",\"name\":\"Hotel Elba e Residence dei Fiori\",\"description\":\"Hotel e Residence a Marina di Campo all&#039;Isola d&#039;Elba\",\"publisher\":{\"@id\":\"https:\/\/www.hotelelba.it\/#organization\"},\"potentialAction\":[{\"@type\":\"SearchAction\",\"target\":{\"@type\":\"EntryPoint\",\"urlTemplate\":\"https:\/\/www.hotelelba.it\/?s={search_term_string}\"},\"query-input\":{\"@type\":\"PropertyValueSpecification\",\"valueRequired\":true,\"valueName\":\"search_term_string\"}}],\"inLanguage\":\"fr-FR\"},{\"@type\":\"Organization\",\"@id\":\"https:\/\/www.hotelelba.it\/#organization\",\"name\":\"Hotel Elba e Residence dei Fiori\",\"url\":\"https:\/\/www.hotelelba.it\/\",\"logo\":{\"@type\":\"ImageObject\",\"inLanguage\":\"fr-FR\",\"@id\":\"https:\/\/www.hotelelba.it\/#\/schema\/logo\/image\/\",\"url\":\"https:\/\/www.hotelelba.it\/wp-content\/uploads\/2022\/06\/Hotel_Elba_2x.png\",\"contentUrl\":\"https:\/\/www.hotelelba.it\/wp-content\/uploads\/2022\/06\/Hotel_Elba_2x.png\",\"width\":360,\"height\":204,\"caption\":\"Hotel Elba e Residence dei Fiori\"},\"image\":{\"@id\":\"https:\/\/www.hotelelba.it\/#\/schema\/logo\/image\/\"},\"sameAs\":[\"https:\/\/www.facebook.com\/HotelElbaResidenceDeiFiori\",\"https:\/\/x.com\/ElbaFiori\",\"https:\/\/www.instagram.com\/hotelelba.residencedeifiori\/\"]}]}<\/script>\n<!-- \/ Yoast SEO plugin. -->","yoast_head_json":{"title":"Bike Hotel - Hotel Elba e Residence dei Fiori","robots":{"index":"index","follow":"follow","max-snippet":"max-snippet:-1","max-image-preview":"max-image-preview:large","max-video-preview":"max-video-preview:-1"},"canonical":"https:\/\/www.hotelelba.it\/fr\/bike-hotel\/","og_locale":"fr_FR","og_type":"article","og_title":"Bike Hotel - Hotel Elba e Residence dei Fiori","og_description":"[vc_row full_width=\u00a0\u00bbstretch_row_content_no_spaces\u00a0\u00bb bg_type=\u00a0\u00bbimage\u00a0\u00bb parallax_style=\u00a0\u00bbvcpb-default\u00a0\u00bb bg_image_new=\u00a0\u00bbid^658|url^http:\/\/hotelelba.youelba.com\/wp-content\/uploads\/2016\/02\/mtb-elba4.jpg|caption^null|alt^null|title^null|description^null\u00a0\u00bb bg_image_repeat=\u00a0\u00bbno-repeat\u00a0\u00bb bg_image_posiiton=\u00a0\u00bb50% 28%\u00a0\u00bb bg_override=\u00a0\u00bbfull\u00a0\u00bb][vc_column css_animation=\u00a0\u00bbfadeIn\u00a0\u00bb css=\u00a0\u00bb.vc_custom_1656311697974{padding-top: 13% !important;padding-bottom: 11% !important;background-position: center !important;background-repeat: no-repeat !important;background-size: contain !important;}\u00a0\u00bb][vc_empty_space height=\u00a0\u00bb50px\u00a0\u00bb][\/vc_column][\/vc_row][vc_row css=\u00a0\u00bb.vc_custom_1669795196820{padding-top: 30px !important;padding-bottom: 30px !important;}\u00a0\u00bb][vc_column offset=\u00a0\u00bbvc_col-md-offset-3 vc_col-md-6&Prime;][vc_custom_heading text=\u00a0\u00bbBike Hotel\u00a0\u00bb font_container=\u00a0\u00bbtag:h2|font_size:58|text_align:center|line_height:1&Prime; google_fonts=\u00a0\u00bbfont_family:Alex%20Brush%3Aregular|font_style:400%20regular%3A400%3Anormal\u00a0\u00bb][\/vc_column][\/vc_row][vc_row][vc_column][vc_single_image image=\u00a0\u00bb652&Prime; img_size=\u00a0\u00bb600&#215;92&Prime; alignment=\u00a0\u00bbcenter\u00a0\u00bb onclick=\u00a0\u00bbcustom_link\u00a0\u00bb img_link_target=\u00a0\u00bb_blank\u00a0\u00bb link=\u00a0\u00bbhttp:\/\/nuke.elbabike.it\/\u00a0\u00bb][vc_column_text] Nous nous sommes organis\u00e9s pour vous proposer une aide compl\u00e8te, et sommes \u00e0 votre enti\u00e8re disposition&hellip;","og_url":"https:\/\/www.hotelelba.it\/fr\/bike-hotel\/","og_site_name":"Hotel Elba e Residence dei Fiori","article_publisher":"https:\/\/www.facebook.com\/HotelElbaResidenceDeiFiori","article_modified_time":"2023-01-12T11:59:40+00:00","twitter_card":"summary_large_image","twitter_site":"@ElbaFiori","twitter_misc":{"Dur\u00e9e de lecture estim\u00e9e":"2 minutes"},"schema":{"@context":"https:\/\/schema.org","@graph":[{"@type":"WebPage","@id":"https:\/\/www.hotelelba.it\/fr\/bike-hotel\/","url":"https:\/\/www.hotelelba.it\/fr\/bike-hotel\/","name":"Bike Hotel - Hotel Elba e Residence dei Fiori","isPartOf":{"@id":"https:\/\/www.hotelelba.it\/#website"},"datePublished":"2022-06-27T08:06:51+00:00","dateModified":"2023-01-12T11:59:40+00:00","breadcrumb":{"@id":"https:\/\/www.hotelelba.it\/fr\/bike-hotel\/#breadcrumb"},"inLanguage":"fr-FR","potentialAction":[{"@type":"ReadAction","target":["https:\/\/www.hotelelba.it\/fr\/bike-hotel\/"]}]},{"@type":"BreadcrumbList","@id":"https:\/\/www.hotelelba.it\/fr\/bike-hotel\/#breadcrumb","itemListElement":[{"@type":"ListItem","position":1,"name":"Home","item":"https:\/\/www.hotelelba.it\/fr\/"},{"@type":"ListItem","position":2,"name":"Bike Hotel"}]},{"@type":"WebSite","@id":"https:\/\/www.hotelelba.it\/#website","url":"https:\/\/www.hotelelba.it\/","name":"Hotel Elba e Residence dei Fiori","description":"Hotel e Residence a Marina di Campo all&#039;Isola d&#039;Elba","publisher":{"@id":"https:\/\/www.hotelelba.it\/#organization"},"potentialAction":[{"@type":"SearchAction","target":{"@type":"EntryPoint","urlTemplate":"https:\/\/www.hotelelba.it\/?s={search_term_string}"},"query-input":{"@type":"PropertyValueSpecification","valueRequired":true,"valueName":"search_term_string"}}],"inLanguage":"fr-FR"},{"@type":"Organization","@id":"https:\/\/www.hotelelba.it\/#organization","name":"Hotel Elba e Residence dei Fiori","url":"https:\/\/www.hotelelba.it\/","logo":{"@type":"ImageObject","inLanguage":"fr-FR","@id":"https:\/\/www.hotelelba.it\/#\/schema\/logo\/image\/","url":"https:\/\/www.hotelelba.it\/wp-content\/uploads\/2022\/06\/Hotel_Elba_2x.png","contentUrl":"https:\/\/www.hotelelba.it\/wp-content\/uploads\/2022\/06\/Hotel_Elba_2x.png","width":360,"height":204,"caption":"Hotel Elba e Residence dei Fiori"},"image":{"@id":"https:\/\/www.hotelelba.it\/#\/schema\/logo\/image\/"},"sameAs":["https:\/\/www.facebook.com\/HotelElbaResidenceDeiFiori","https:\/\/x.com\/ElbaFiori","https:\/\/www.instagram.com\/hotelelba.residencedeifiori\/"]}]}},"_links":{"self":[{"href":"https:\/\/www.hotelelba.it\/fr\/wp-json\/wp\/v2\/pages\/3628"}],"collection":[{"href":"https:\/\/www.hotelelba.it\/fr\/wp-json\/wp\/v2\/pages"}],"about":[{"href":"https:\/\/www.hotelelba.it\/fr\/wp-json\/wp\/v2\/types\/page"}],"author":[{"embeddable":true,"href":"https:\/\/www.hotelelba.it\/fr\/wp-json\/wp\/v2\/users\/1"}],"replies":[{"embeddable":true,"href":"https:\/\/www.hotelelba.it\/fr\/wp-json\/wp\/v2\/comments?post=3628"}],"version-history":[{"count":4,"href":"https:\/\/www.hotelelba.it\/fr\/wp-json\/wp\/v2\/pages\/3628\/revisions"}],"predecessor-version":[{"id":4951,"href":"https:\/\/www.hotelelba.it\/fr\/wp-json\/wp\/v2\/pages\/3628\/revisions\/4951"}],"wp:attachment":[{"href":"https:\/\/www.hotelelba.it\/fr\/wp-json\/wp\/v2\/media?parent=3628"}],"curies":[{"name":"wp","href":"https:\/\/api.w.org\/{rel}","templated":true}]}}