{"id":4221,"date":"2022-06-27T09:21:50","date_gmt":"2022-06-27T07:21:50","guid":{"rendered":"http:\/\/hotelelba.youelba.com\/politica-ambientale\/"},"modified":"2025-01-17T16:26:54","modified_gmt":"2025-01-17T15:26:54","slug":"umweltpolitik","status":"publish","type":"page","link":"https:\/\/www.hotelelba.it\/de\/umweltpolitik\/","title":{"rendered":"Umweltvertr\u00e4glichkeit"},"content":{"rendered":"<div class=\"wpb-content-wrapper\"><p>[vc_row full_width=&#8220;stretch_row_content_no_spaces&#8220; bg_type=&#8220;image&#8220; parallax_style=&#8220;vcpb-default&#8220; bg_image_new=&#8220;id^6082|url^https:\/\/www.hotelelba.it\/wp-content\/uploads\/2023\/10\/FB_IMG_1645778075915.jpg|caption^null|alt^null|title^FB_IMG_1645778075915|description^null&#8220; bg_image_repeat=&#8220;no-repeat&#8220; bg_override=&#8220;full&#8220;][vc_column css_animation=&#8220;fadeIn&#8220; css=&#8220;.vc_custom_1656311697974{padding-top: 13% !important;padding-bottom: 11% !important;background-position: center !important;background-repeat: no-repeat !important;background-size: contain !important;}&#8220;][vc_empty_space height=&#8220;50px&#8220;][\/vc_column][\/vc_row][vc_row css=&#8220;.vc_custom_1669795321480{padding-top: 30px !important;padding-bottom: 30px !important;}&#8220;][vc_column offset=&#8220;vc_col-md-offset-3 vc_col-md-6&#8243;][vc_custom_heading text=&#8220;Umweltvertr\u00e4glichkeit&#8220; font_container=&#8220;tag:h2|font_size:58|text_align:center|line_height:1&#8243; google_fonts=&#8220;font_family:Alex%20Brush%3Aregular|font_style:400%20regular%3A400%3Anormal&#8220;][\/vc_column][\/vc_row][vc_row][vc_column][vc_empty_space][vc_column_text]<\/p>\n<p style=\"text-align: center;\"><em><strong>\u201eDie Faszination dieser Insel begleitet mich und meine Familie jeden Tag, beginnend mit der zauberhaften Natur und mit der m\u00e4chtigen Kraft des Meeres bis zu den unz\u00e4hlbaren Freuden der K\u00fcche und der Harmonie, die Sie \u00fcberall finden: das sind die Dinge, die wir alle lieben, und darum tun wir unser Bestes, um diese zu bewahren\u201c.<\/strong><\/em><\/p>\n<p>&nbsp;<\/p>\n<p>Die Liebe zur Natur und zur Umwelt, die uns umgibt, begleitet uns bei unserer Arbeit immer.<\/p>\n<p>Daher beachten wir die geltenden Bestimmungen rigoros. Wir halten uns bei unserer Arbeit an die Umweltgesetzgebung und ergreifen alle Ma\u00dfnahmen zur Eind\u00e4mmung jeder Umweltverschmutzung.<\/p>\n<p>&nbsp;<\/p>\n<p><strong>Wie?<\/strong><\/p>\n<ul>\n<li>Wir \u00fcberpr\u00fcfen st\u00e4ndig unseren Energieverbrauch in unseren Geb\u00e4uden und ersetzen alle Gl\u00fchbirnen mit Energiesparlampen;<\/li>\n<li>Wir produzieren Wasser mit Solarkollektoren;<\/li>\n<li>Wir setzen Wassersparer an die meisten Wasserh\u00e4hne\u00a0und Tasten f\u00fcr verminderten Wassergebrauch bei allen WCs;<\/li>\n<li>Wir beschr\u00e4nken den Gebrauch von Wegwerfartikeln in den Zimmern und ersetzen die kostenlosen Toilettenartikel mit Seifen- und Shampospendern;<\/li>\n<li>Bei Tisch servieren wir nur lokales Wasser der Quelle Fonte Napoleone;<\/li>\n<li>Wir versuchen, \u00fcberall M\u00fclltrennung zu f\u00f6rdern, so auch mit Beh\u00e4ltern f\u00fcr leere Batterien bei der Reception f\u00fcr eine korrekte Entsorgung;<\/li>\n<li>Mit dem Versuch, die Verwendung von Waschmitteln mit geringer Umweltbelastung zu f\u00f6rdern;<\/li>\n<li>Mit dem Versuch, Einwegprodukte zu eliminieren und bei Bedarf die Verwendung von PLA- oder Maisbeh\u00e4ltern zu bevorzugen;<\/li>\n<li>Eliminierung chlorierender Produkte zur Desinfektion des Pools durch Installation einer Salzelektrolyseanlage. So wird das Bad im Pool angenehmer und umweltfreundlicher;<\/li>\n<\/ul>\n<p>&nbsp;<\/p>\n<p style=\"text-align: left;\"><strong>Wir haben beschlossen, die verf\u00fcgbaren Ressourcen bestm\u00f6glich zu nutzen und auszulasten. Wir setzen uns t\u00e4glich ein, um dies immer mehr zu verbessern. Die kleinen t\u00e4glichen Gesten machen den Unterschied, und darum haben wir uns entschieden, sie mit Ihnen zu teilen, um in einer bewussteren Welt zu leben.<\/strong><\/p>\n<p>&nbsp;<\/p>\n<ul>\n<li>L\u00f6schen Sie das Licht, wenn es nicht ben\u00f6tigt wird;<\/li>\n<li>Reduzieren Sie den Wassergebrauch und benutzen Sie die Wasserspartaste des WCs;<\/li>\n<li>Stellen Sie das Wasser ab, w\u00e4hrend Sie sich die Z\u00e4hne putzen;<\/li>\n<li>Die Italienische Gesetzgebung verbietet das Rauchen in allen \u00f6ffentlichen R\u00e4umen. Wir bitten Sie, in den Zimmern nicht zu rauchen und daf\u00fcr Balkone oder Au\u00dfenbereiche zu nutzen;<\/li>\n<li>Reduzieren Sie unn\u00f6tiges Waschen von Handt\u00fcchern, die noch sauber sind, und verwenden Sie sie w\u00e4hrend Ihres Aufenthalts mehrmals wieder;<\/li>\n<li>Schalten Sie die Klimaanlage aus, wenn Sie Fenster oder T\u00fcren \u00f6ffnen, und schalten Sie sie aus, wenn Sie gehen;<\/li>\n<li>Reduzieren Sie die Fahrzeugnutzung durch den Einsatz von Nahverkehr. Tickets und Fahrpl\u00e4ne finden Sie beim Concierge. Durch das Mieten von Fahrr\u00e4dern auch von unserem Partnerverleih;<\/li>\n<\/ul>\n<p>&nbsp;<\/p>\n<p style=\"text-align: center;\"><em><strong>Das Meer, die Luft, die Berge, diese Insel: wir danken Ihnen f\u00fcr Ihre Mitarbeit von Herzen!<\/strong><\/em><\/p>\n<p>[\/vc_column_text][vc_empty_space][\/vc_column][\/vc_row][vc_row full_width=&#8220;stretch_row_content_no_spaces&#8220; bg_type=&#8220;image&#8220; parallax_style=&#8220;vcpb-default&#8220; bg_image_new=&#8220;id^442|url^http:\/\/hotelelba.youelba.com\/wp-content\/uploads\/2015\/12\/DSCF8403-testata.jpg|caption^null|alt^null|title^DSCF8403-testata|description^null&#8220; bg_image_repeat=&#8220;no-repeat&#8220; bg_img_attach=&#8220;fixed&#8220; bg_override=&#8220;full&#8220;][vc_column css_animation=&#8220;fadeIn&#8220; css=&#8220;.vc_custom_1656311697974{padding-top: 13% !important;padding-bottom: 11% !important;background-position: center !important;background-repeat: no-repeat !important;background-size: contain !important;}&#8220;][vc_empty_space height=&#8220;50px&#8220;][\/vc_column][\/vc_row][vc_row css=&#8220;.vc_custom_1669795321480{padding-top: 30px !important;padding-bottom: 30px !important;}&#8220;][vc_column offset=&#8220;vc_col-md-offset-3 vc_col-md-6&#8243;][vc_custom_heading text=&#8220;Politica ambientale&#8220; font_container=&#8220;tag:h2|font_size:58|text_align:center|line_height:1&#8243; google_fonts=&#8220;font_family:Alex%20Brush%3Aregular|font_style:400%20regular%3A400%3Anormal&#8220;][\/vc_column][\/vc_row][vc_row][\/vc_row][vc_column][\/vc_column][vc_empty_space][vc_column_text]<\/p>\n<p>I am text block. Click edit button to change this text. Lorem ipsum dolor sit amet, consectetur adipiscing elit. Ut elit tellus, luctus nec ullamcorper mattis, pulvinar dapibus leo.<\/p>\n<p>[\/vc_column_text]<\/p>\n<\/div>","protected":false},"excerpt":{"rendered":"<p>[vc_row full_width=&#8220;stretch_row_content_no_spaces&#8220; bg_type=&#8220;image&#8220; parallax_style=&#8220;vcpb-default&#8220; bg_image_new=&#8220;id^6082|url^https:\/\/www.hotelelba.it\/wp-content\/uploads\/2023\/10\/FB_IMG_1645778075915.jpg|caption^null|alt^null|title^FB_IMG_1645778075915|description^null&#8220; bg_image_repeat=&#8220;no-repeat&#8220; bg_override=&#8220;full&#8220;][vc_column css_animation=&#8220;fadeIn&#8220; css=&#8220;.vc_custom_1656311697974{padding-top: 13% !important;padding-bottom: 11% !important;background-position: center !important;background-repeat: no-repeat !important;background-size: contain !important;}&#8220;][vc_empty_space height=&#8220;50px&#8220;][\/vc_column][\/vc_row][vc_row css=&#8220;.vc_custom_1669795321480{padding-top: 30px !important;padding-bottom: 30px !important;}&#8220;][vc_column offset=&#8220;vc_col-md-offset-3 vc_col-md-6&#8243;][vc_custom_heading text=&#8220;Umweltvertr\u00e4glichkeit&#8220; font_container=&#8220;tag:h2|font_size:58|text_align:center|line_height:1&#8243; google_fonts=&#8220;font_family:Alex%20Brush%3Aregular|font_style:400%20regular%3A400%3Anormal&#8220;][\/vc_column][\/vc_row][vc_row][vc_column][vc_empty_space][vc_column_text] \u201eDie Faszination dieser Insel begleitet mich und meine Familie jeden Tag, beginnend mit der zauberhaften Natur und mit der m\u00e4chtigen Kraft des Meeres bis zu&hellip;<\/p>\n","protected":false},"author":1,"featured_media":0,"parent":0,"menu_order":0,"comment_status":"closed","ping_status":"closed","template":"","meta":{"footnotes":""},"class_list":["post-4221","page","type-page","status-publish","hentry","description-off"],"yoast_head":"<!-- This site is optimized with the Yoast SEO plugin v25.3 - https:\/\/yoast.com\/wordpress\/plugins\/seo\/ -->\n<title>Umweltvertr\u00e4glichkeit - Hotel Elba e Residence dei Fiori<\/title>\n<meta name=\"robots\" content=\"index, follow, max-snippet:-1, max-image-preview:large, max-video-preview:-1\" \/>\n<link rel=\"canonical\" href=\"https:\/\/www.hotelelba.it\/de\/umweltpolitik\/\" \/>\n<meta property=\"og:locale\" content=\"de_DE\" \/>\n<meta property=\"og:type\" content=\"article\" \/>\n<meta property=\"og:title\" content=\"Umweltvertr\u00e4glichkeit - Hotel Elba e Residence dei Fiori\" \/>\n<meta property=\"og:description\" content=\"[vc_row full_width=&#8220;stretch_row_content_no_spaces&#8220; bg_type=&#8220;image&#8220; parallax_style=&#8220;vcpb-default&#8220; bg_image_new=&#8220;id^6082|url^https:\/\/www.hotelelba.it\/wp-content\/uploads\/2023\/10\/FB_IMG_1645778075915.jpg|caption^null|alt^null|title^FB_IMG_1645778075915|description^null&#8220; bg_image_repeat=&#8220;no-repeat&#8220; bg_override=&#8220;full&#8220;][vc_column css_animation=&#8220;fadeIn&#8220; css=&#8220;.vc_custom_1656311697974{padding-top: 13% !important;padding-bottom: 11% !important;background-position: center !important;background-repeat: no-repeat !important;background-size: contain !important;}&#8220;][vc_empty_space height=&#8220;50px&#8220;][\/vc_column][\/vc_row][vc_row css=&#8220;.vc_custom_1669795321480{padding-top: 30px !important;padding-bottom: 30px !important;}&#8220;][vc_column offset=&#8220;vc_col-md-offset-3 vc_col-md-6&#8243;][vc_custom_heading text=&#8220;Umweltvertr\u00e4glichkeit&#8220; font_container=&#8220;tag:h2|font_size:58|text_align:center|line_height:1&#8243; google_fonts=&#8220;font_family:Alex%20Brush%3Aregular|font_style:400%20regular%3A400%3Anormal&#8220;][\/vc_column][\/vc_row][vc_row][vc_column][vc_empty_space][vc_column_text] \u201eDie Faszination dieser Insel begleitet mich und meine Familie jeden Tag, beginnend mit der zauberhaften Natur und mit der m\u00e4chtigen Kraft des Meeres bis zu&hellip;\" \/>\n<meta property=\"og:url\" content=\"https:\/\/www.hotelelba.it\/de\/umweltpolitik\/\" \/>\n<meta property=\"og:site_name\" content=\"Hotel Elba e Residence dei Fiori\" \/>\n<meta property=\"article:publisher\" content=\"https:\/\/www.facebook.com\/HotelElbaResidenceDeiFiori\" \/>\n<meta property=\"article:modified_time\" content=\"2025-01-17T15:26:54+00:00\" \/>\n<meta name=\"twitter:card\" content=\"summary_large_image\" \/>\n<meta name=\"twitter:site\" content=\"@ElbaFiori\" \/>\n<meta name=\"twitter:label1\" content=\"Gesch\u00e4tzte Lesezeit\" \/>\n\t<meta name=\"twitter:data1\" content=\"3\u00a0Minuten\" \/>\n<script type=\"application\/ld+json\" class=\"yoast-schema-graph\">{\"@context\":\"https:\/\/schema.org\",\"@graph\":[{\"@type\":\"WebPage\",\"@id\":\"https:\/\/www.hotelelba.it\/de\/umweltpolitik\/\",\"url\":\"https:\/\/www.hotelelba.it\/de\/umweltpolitik\/\",\"name\":\"Umweltvertr\u00e4glichkeit - Hotel Elba e Residence dei Fiori\",\"isPartOf\":{\"@id\":\"https:\/\/www.hotelelba.it\/#website\"},\"datePublished\":\"2022-06-27T07:21:50+00:00\",\"dateModified\":\"2025-01-17T15:26:54+00:00\",\"breadcrumb\":{\"@id\":\"https:\/\/www.hotelelba.it\/de\/umweltpolitik\/#breadcrumb\"},\"inLanguage\":\"de\",\"potentialAction\":[{\"@type\":\"ReadAction\",\"target\":[\"https:\/\/www.hotelelba.it\/de\/umweltpolitik\/\"]}]},{\"@type\":\"BreadcrumbList\",\"@id\":\"https:\/\/www.hotelelba.it\/de\/umweltpolitik\/#breadcrumb\",\"itemListElement\":[{\"@type\":\"ListItem\",\"position\":1,\"name\":\"Home\",\"item\":\"https:\/\/www.hotelelba.it\/de\/\"},{\"@type\":\"ListItem\",\"position\":2,\"name\":\"Umweltvertr\u00e4glichkeit\"}]},{\"@type\":\"WebSite\",\"@id\":\"https:\/\/www.hotelelba.it\/#website\",\"url\":\"https:\/\/www.hotelelba.it\/\",\"name\":\"Hotel Elba e Residence dei Fiori\",\"description\":\"Hotel e Residence a Marina di Campo all&#039;Isola d&#039;Elba\",\"publisher\":{\"@id\":\"https:\/\/www.hotelelba.it\/#organization\"},\"potentialAction\":[{\"@type\":\"SearchAction\",\"target\":{\"@type\":\"EntryPoint\",\"urlTemplate\":\"https:\/\/www.hotelelba.it\/?s={search_term_string}\"},\"query-input\":{\"@type\":\"PropertyValueSpecification\",\"valueRequired\":true,\"valueName\":\"search_term_string\"}}],\"inLanguage\":\"de\"},{\"@type\":\"Organization\",\"@id\":\"https:\/\/www.hotelelba.it\/#organization\",\"name\":\"Hotel Elba e Residence dei Fiori\",\"url\":\"https:\/\/www.hotelelba.it\/\",\"logo\":{\"@type\":\"ImageObject\",\"inLanguage\":\"de\",\"@id\":\"https:\/\/www.hotelelba.it\/#\/schema\/logo\/image\/\",\"url\":\"https:\/\/www.hotelelba.it\/wp-content\/uploads\/2022\/06\/Hotel_Elba_2x.png\",\"contentUrl\":\"https:\/\/www.hotelelba.it\/wp-content\/uploads\/2022\/06\/Hotel_Elba_2x.png\",\"width\":360,\"height\":204,\"caption\":\"Hotel Elba e Residence dei Fiori\"},\"image\":{\"@id\":\"https:\/\/www.hotelelba.it\/#\/schema\/logo\/image\/\"},\"sameAs\":[\"https:\/\/www.facebook.com\/HotelElbaResidenceDeiFiori\",\"https:\/\/x.com\/ElbaFiori\",\"https:\/\/www.instagram.com\/hotelelba.residencedeifiori\/\"]}]}<\/script>\n<!-- \/ Yoast SEO plugin. -->","yoast_head_json":{"title":"Umweltvertr\u00e4glichkeit - Hotel Elba e Residence dei Fiori","robots":{"index":"index","follow":"follow","max-snippet":"max-snippet:-1","max-image-preview":"max-image-preview:large","max-video-preview":"max-video-preview:-1"},"canonical":"https:\/\/www.hotelelba.it\/de\/umweltpolitik\/","og_locale":"de_DE","og_type":"article","og_title":"Umweltvertr\u00e4glichkeit - Hotel Elba e Residence dei Fiori","og_description":"[vc_row full_width=&#8220;stretch_row_content_no_spaces&#8220; bg_type=&#8220;image&#8220; parallax_style=&#8220;vcpb-default&#8220; bg_image_new=&#8220;id^6082|url^https:\/\/www.hotelelba.it\/wp-content\/uploads\/2023\/10\/FB_IMG_1645778075915.jpg|caption^null|alt^null|title^FB_IMG_1645778075915|description^null&#8220; bg_image_repeat=&#8220;no-repeat&#8220; bg_override=&#8220;full&#8220;][vc_column css_animation=&#8220;fadeIn&#8220; css=&#8220;.vc_custom_1656311697974{padding-top: 13% !important;padding-bottom: 11% !important;background-position: center !important;background-repeat: no-repeat !important;background-size: contain !important;}&#8220;][vc_empty_space height=&#8220;50px&#8220;][\/vc_column][\/vc_row][vc_row css=&#8220;.vc_custom_1669795321480{padding-top: 30px !important;padding-bottom: 30px !important;}&#8220;][vc_column offset=&#8220;vc_col-md-offset-3 vc_col-md-6&#8243;][vc_custom_heading text=&#8220;Umweltvertr\u00e4glichkeit&#8220; font_container=&#8220;tag:h2|font_size:58|text_align:center|line_height:1&#8243; google_fonts=&#8220;font_family:Alex%20Brush%3Aregular|font_style:400%20regular%3A400%3Anormal&#8220;][\/vc_column][\/vc_row][vc_row][vc_column][vc_empty_space][vc_column_text] \u201eDie Faszination dieser Insel begleitet mich und meine Familie jeden Tag, beginnend mit der zauberhaften Natur und mit der m\u00e4chtigen Kraft des Meeres bis zu&hellip;","og_url":"https:\/\/www.hotelelba.it\/de\/umweltpolitik\/","og_site_name":"Hotel Elba e Residence dei Fiori","article_publisher":"https:\/\/www.facebook.com\/HotelElbaResidenceDeiFiori","article_modified_time":"2025-01-17T15:26:54+00:00","twitter_card":"summary_large_image","twitter_site":"@ElbaFiori","twitter_misc":{"Gesch\u00e4tzte Lesezeit":"3\u00a0Minuten"},"schema":{"@context":"https:\/\/schema.org","@graph":[{"@type":"WebPage","@id":"https:\/\/www.hotelelba.it\/de\/umweltpolitik\/","url":"https:\/\/www.hotelelba.it\/de\/umweltpolitik\/","name":"Umweltvertr\u00e4glichkeit - Hotel Elba e Residence dei Fiori","isPartOf":{"@id":"https:\/\/www.hotelelba.it\/#website"},"datePublished":"2022-06-27T07:21:50+00:00","dateModified":"2025-01-17T15:26:54+00:00","breadcrumb":{"@id":"https:\/\/www.hotelelba.it\/de\/umweltpolitik\/#breadcrumb"},"inLanguage":"de","potentialAction":[{"@type":"ReadAction","target":["https:\/\/www.hotelelba.it\/de\/umweltpolitik\/"]}]},{"@type":"BreadcrumbList","@id":"https:\/\/www.hotelelba.it\/de\/umweltpolitik\/#breadcrumb","itemListElement":[{"@type":"ListItem","position":1,"name":"Home","item":"https:\/\/www.hotelelba.it\/de\/"},{"@type":"ListItem","position":2,"name":"Umweltvertr\u00e4glichkeit"}]},{"@type":"WebSite","@id":"https:\/\/www.hotelelba.it\/#website","url":"https:\/\/www.hotelelba.it\/","name":"Hotel Elba e Residence dei Fiori","description":"Hotel e Residence a Marina di Campo all&#039;Isola d&#039;Elba","publisher":{"@id":"https:\/\/www.hotelelba.it\/#organization"},"potentialAction":[{"@type":"SearchAction","target":{"@type":"EntryPoint","urlTemplate":"https:\/\/www.hotelelba.it\/?s={search_term_string}"},"query-input":{"@type":"PropertyValueSpecification","valueRequired":true,"valueName":"search_term_string"}}],"inLanguage":"de"},{"@type":"Organization","@id":"https:\/\/www.hotelelba.it\/#organization","name":"Hotel Elba e Residence dei Fiori","url":"https:\/\/www.hotelelba.it\/","logo":{"@type":"ImageObject","inLanguage":"de","@id":"https:\/\/www.hotelelba.it\/#\/schema\/logo\/image\/","url":"https:\/\/www.hotelelba.it\/wp-content\/uploads\/2022\/06\/Hotel_Elba_2x.png","contentUrl":"https:\/\/www.hotelelba.it\/wp-content\/uploads\/2022\/06\/Hotel_Elba_2x.png","width":360,"height":204,"caption":"Hotel Elba e Residence dei Fiori"},"image":{"@id":"https:\/\/www.hotelelba.it\/#\/schema\/logo\/image\/"},"sameAs":["https:\/\/www.facebook.com\/HotelElbaResidenceDeiFiori","https:\/\/x.com\/ElbaFiori","https:\/\/www.instagram.com\/hotelelba.residencedeifiori\/"]}]}},"_links":{"self":[{"href":"https:\/\/www.hotelelba.it\/de\/wp-json\/wp\/v2\/pages\/4221"}],"collection":[{"href":"https:\/\/www.hotelelba.it\/de\/wp-json\/wp\/v2\/pages"}],"about":[{"href":"https:\/\/www.hotelelba.it\/de\/wp-json\/wp\/v2\/types\/page"}],"author":[{"embeddable":true,"href":"https:\/\/www.hotelelba.it\/de\/wp-json\/wp\/v2\/users\/1"}],"replies":[{"embeddable":true,"href":"https:\/\/www.hotelelba.it\/de\/wp-json\/wp\/v2\/comments?post=4221"}],"version-history":[{"count":5,"href":"https:\/\/www.hotelelba.it\/de\/wp-json\/wp\/v2\/pages\/4221\/revisions"}],"predecessor-version":[{"id":8137,"href":"https:\/\/www.hotelelba.it\/de\/wp-json\/wp\/v2\/pages\/4221\/revisions\/8137"}],"wp:attachment":[{"href":"https:\/\/www.hotelelba.it\/de\/wp-json\/wp\/v2\/media?parent=4221"}],"curies":[{"name":"wp","href":"https:\/\/api.w.org\/{rel}","templated":true}]}}