{"id":4099,"date":"2022-06-29T11:17:48","date_gmt":"2022-06-29T09:17:48","guid":{"rendered":"http:\/\/hotelelba.youelba.com\/isola-delba\/"},"modified":"2025-03-22T17:41:13","modified_gmt":"2025-03-22T16:41:13","slug":"insel-elba","status":"publish","type":"page","link":"https:\/\/www.hotelelba.it\/de\/insel-elba\/","title":{"rendered":"Insel Elba"},"content":{"rendered":"<div class=\"wpb-content-wrapper\"><p>[vc_row full_width=&#8220;stretch_row_content_no_spaces&#8220; bg_type=&#8220;image&#8220; parallax_style=&#8220;vcpb-default&#8220; bg_image_new=&#8220;id^8172|url^https:\/\/www.hotelelba.it\/wp-content\/uploads\/2025\/01\/originale-2-scaled.jpg|caption^DCIM100GOPROGOPR7854.JPG|alt^null|title^DCIM100GOPROGOPR7854.JPG|description^null&#8220; bg_image_repeat=&#8220;no-repeat&#8220; bg_override=&#8220;full&#8220;][vc_column css_animation=&#8220;fadeIn&#8220; css=&#8220;.vc_custom_1656311697974{padding-top: 13% !important;padding-bottom: 11% !important;background-position: center !important;background-repeat: no-repeat !important;background-size: contain !important;}&#8220;][vc_empty_space height=&#8220;50px&#8220;][\/vc_column][\/vc_row][vc_row css=&#8220;.vc_custom_1669796122820{padding-top: 30px !important;padding-bottom: 30px !important;}&#8220;][vc_column offset=&#8220;vc_col-md-offset-3 vc_col-md-6&#8243;][vc_custom_heading text=&#8220;Isola d&#8217;Elba&#8220; font_container=&#8220;tag:p|font_size:58|text_align:center&#8220; google_fonts=&#8220;font_family:Alex%20Brush%3Aregular|font_style:400%20regular%3A400%3Anormal&#8220;][\/vc_column][\/vc_row][vc_row][vc_column][vc_empty_space][vc_column_text]<\/p>\n<p style=\"text-align: center;\">Die Insel Elba ist eine kleine grosse Insel mit einer Fl\u00e4che von 224 km\u00b2 inmitten klaren Wassers,<\/p>\n<p style=\"text-align: center;\">kristallfarbenem Meer mit Tausend Farbt\u00f6nen, wundersch\u00f6nen Meeresb\u00f6den, grossen Sandfl\u00e4chen, versteckten Buchten im Gr\u00fcnen und imposanten Felsen.<\/p>\n<p style=\"text-align: center;\">Die Insel ist ueppig bewachsen mit mediterraner Macchia\u00a0 und W\u00e4ldern mit Kastanienb\u00e4umen, jahrhundertealten Steineichen, Pinien und Korkeichen, Erika, Erdbeerb\u00e4umen, Ginster, aromatischen Pflanzen, Mohnblumen und wei\u00dfen Margeriten. Darum wird die Insel als eine der gr\u00fcnsten Insel des Mittelmeers eingestuft, zudem wird sie vom Nationalpark Parco Nazionale dell\u2019arcipelago Toscano gesch\u00fctzt.<\/p>\n<p>[\/vc_column_text][vc_empty_space][vc_raw_html]JTVCZ29vZ2xlX21hcF9lYXN5JTIwaWQlM0QlMjIxJTIyJTVE[\/vc_raw_html][vc_empty_space][vc_column_text]<\/p>\n<p style=\"text-align: center;\">Die Insel liegt in einem subtropischen Klima mit milden, feuchten Wintern und trockenen Sommern.<\/p>\n<p style=\"text-align: center;\">Darum bietet sie sich f\u00fcr einen Urlaub in jeder Jahreszeit an, auch wenn die beste Urlaubszeit das Fr\u00fchjahr ist, wenn die Natur mit D\u00fcften und Farben explodiert.<\/p>\n<p style=\"text-align: center;\">Der Tourismus auf der Insel Elba hat sich entwickelt, ohne die Umwelt, die Traditionen und die Seele der Bewohner zu verschandeln.<\/p>\n<p style=\"text-align: center;\">Sie werden in eine magische zeitlose Insel eintauchen, die Ihnen von pr\u00e4historischen Bewohnern, Eisenminen, welche zuerst die Etrusker und dann die R\u00f6mer bereicherten, von Piraten\u00fcberf\u00e4llen, blutigen Schlachten, von Napoleon und seiner Pr\u00e4senz mit seiner bedeutenden Pr\u00e4gung erz\u00e4hlen.<\/p>\n<p style=\"text-align: center;\">Lassen Sie sich vom Wind leiten, der hier von Geschichten und Personen erz\u00e4hlt, und Sie werden sp\u00fcren, dass jeder Ort, jedes Sandkorn die Abenteuer des Meeres und des Bodens vermittelt, unbegrenzt und faszinierend wie die Farben dieser Insel. Wir sind \u00fcberzeugt, dass die Sch\u00f6nheiten dieser Insel Sie in ihren Bann ziehen werden, so dass Sie gar nicht mehr weg wollen.<\/p>\n<p>[\/vc_column_text][vc_empty_space][\/vc_column][\/vc_row][vc_row][vc_column][vc_column_text css=&#8220;&#8220;]Photo credit Adriano Locci\u00a0<a href=\"https:\/\/www.instagram.com\/adriano_elba_foto\/\">Instagram<\/a>[\/vc_column_text][\/vc_column][\/vc_row]<\/p>\n<\/div>","protected":false},"excerpt":{"rendered":"<p>[vc_row full_width=&#8220;stretch_row_content_no_spaces&#8220; bg_type=&#8220;image&#8220; parallax_style=&#8220;vcpb-default&#8220; bg_image_new=&#8220;id^8172|url^https:\/\/www.hotelelba.it\/wp-content\/uploads\/2025\/01\/originale-2-scaled.jpg|caption^DCIM100GOPROGOPR7854.JPG|alt^null|title^DCIM100GOPROGOPR7854.JPG|description^null&#8220; bg_image_repeat=&#8220;no-repeat&#8220; bg_override=&#8220;full&#8220;][vc_column css_animation=&#8220;fadeIn&#8220; css=&#8220;.vc_custom_1656311697974{padding-top: 13% !important;padding-bottom: 11% !important;background-position: center !important;background-repeat: no-repeat !important;background-size: contain !important;}&#8220;][vc_empty_space height=&#8220;50px&#8220;][\/vc_column][\/vc_row][vc_row css=&#8220;.vc_custom_1669796122820{padding-top: 30px !important;padding-bottom: 30px !important;}&#8220;][vc_column offset=&#8220;vc_col-md-offset-3 vc_col-md-6&#8243;][vc_custom_heading text=&#8220;Isola d&#8217;Elba&#8220; font_container=&#8220;tag:p|font_size:58|text_align:center&#8220; google_fonts=&#8220;font_family:Alex%20Brush%3Aregular|font_style:400%20regular%3A400%3Anormal&#8220;][\/vc_column][\/vc_row][vc_row][vc_column][vc_empty_space][vc_column_text] Die Insel Elba ist eine kleine grosse Insel mit einer Fl\u00e4che von 224 km\u00b2 inmitten klaren Wassers, kristallfarbenem Meer mit Tausend Farbt\u00f6nen, wundersch\u00f6nen Meeresb\u00f6den,&hellip;<\/p>\n","protected":false},"author":1,"featured_media":0,"parent":0,"menu_order":0,"comment_status":"closed","ping_status":"closed","template":"","meta":{"footnotes":""},"class_list":["post-4099","page","type-page","status-publish","hentry","description-off"],"yoast_head":"<!-- This site is optimized with the Yoast SEO plugin v25.3 - https:\/\/yoast.com\/wordpress\/plugins\/seo\/ -->\n<title>Insel Elba - Hotel Elba e Residence dei Fiori<\/title>\n<meta name=\"robots\" content=\"index, follow, max-snippet:-1, max-image-preview:large, max-video-preview:-1\" \/>\n<link rel=\"canonical\" href=\"https:\/\/www.hotelelba.it\/de\/insel-elba\/\" \/>\n<meta property=\"og:locale\" content=\"de_DE\" \/>\n<meta property=\"og:type\" content=\"article\" \/>\n<meta property=\"og:title\" content=\"Insel Elba - Hotel Elba e Residence dei Fiori\" \/>\n<meta property=\"og:description\" content=\"[vc_row full_width=&#8220;stretch_row_content_no_spaces&#8220; bg_type=&#8220;image&#8220; parallax_style=&#8220;vcpb-default&#8220; bg_image_new=&#8220;id^8172|url^https:\/\/www.hotelelba.it\/wp-content\/uploads\/2025\/01\/originale-2-scaled.jpg|caption^DCIM100GOPROGOPR7854.JPG|alt^null|title^DCIM100GOPROGOPR7854.JPG|description^null&#8220; bg_image_repeat=&#8220;no-repeat&#8220; bg_override=&#8220;full&#8220;][vc_column css_animation=&#8220;fadeIn&#8220; css=&#8220;.vc_custom_1656311697974{padding-top: 13% !important;padding-bottom: 11% !important;background-position: center !important;background-repeat: no-repeat !important;background-size: contain !important;}&#8220;][vc_empty_space height=&#8220;50px&#8220;][\/vc_column][\/vc_row][vc_row css=&#8220;.vc_custom_1669796122820{padding-top: 30px !important;padding-bottom: 30px !important;}&#8220;][vc_column offset=&#8220;vc_col-md-offset-3 vc_col-md-6&#8243;][vc_custom_heading text=&#8220;Isola d&#8217;Elba&#8220; font_container=&#8220;tag:p|font_size:58|text_align:center&#8220; google_fonts=&#8220;font_family:Alex%20Brush%3Aregular|font_style:400%20regular%3A400%3Anormal&#8220;][\/vc_column][\/vc_row][vc_row][vc_column][vc_empty_space][vc_column_text] Die Insel Elba ist eine kleine grosse Insel mit einer Fl\u00e4che von 224 km\u00b2 inmitten klaren Wassers, kristallfarbenem Meer mit Tausend Farbt\u00f6nen, wundersch\u00f6nen Meeresb\u00f6den,&hellip;\" \/>\n<meta property=\"og:url\" content=\"https:\/\/www.hotelelba.it\/de\/insel-elba\/\" \/>\n<meta property=\"og:site_name\" content=\"Hotel Elba e Residence dei Fiori\" \/>\n<meta property=\"article:publisher\" content=\"https:\/\/www.facebook.com\/HotelElbaResidenceDeiFiori\" \/>\n<meta property=\"article:modified_time\" content=\"2025-03-22T16:41:13+00:00\" \/>\n<meta name=\"twitter:card\" content=\"summary_large_image\" \/>\n<meta name=\"twitter:site\" content=\"@ElbaFiori\" \/>\n<meta name=\"twitter:label1\" content=\"Gesch\u00e4tzte Lesezeit\" \/>\n\t<meta name=\"twitter:data1\" content=\"2\u00a0Minuten\" \/>\n<script type=\"application\/ld+json\" class=\"yoast-schema-graph\">{\"@context\":\"https:\/\/schema.org\",\"@graph\":[{\"@type\":\"WebPage\",\"@id\":\"https:\/\/www.hotelelba.it\/de\/insel-elba\/\",\"url\":\"https:\/\/www.hotelelba.it\/de\/insel-elba\/\",\"name\":\"Insel Elba - Hotel Elba e Residence dei Fiori\",\"isPartOf\":{\"@id\":\"https:\/\/www.hotelelba.it\/#website\"},\"datePublished\":\"2022-06-29T09:17:48+00:00\",\"dateModified\":\"2025-03-22T16:41:13+00:00\",\"breadcrumb\":{\"@id\":\"https:\/\/www.hotelelba.it\/de\/insel-elba\/#breadcrumb\"},\"inLanguage\":\"de\",\"potentialAction\":[{\"@type\":\"ReadAction\",\"target\":[\"https:\/\/www.hotelelba.it\/de\/insel-elba\/\"]}]},{\"@type\":\"BreadcrumbList\",\"@id\":\"https:\/\/www.hotelelba.it\/de\/insel-elba\/#breadcrumb\",\"itemListElement\":[{\"@type\":\"ListItem\",\"position\":1,\"name\":\"Home\",\"item\":\"https:\/\/www.hotelelba.it\/de\/\"},{\"@type\":\"ListItem\",\"position\":2,\"name\":\"Insel Elba\"}]},{\"@type\":\"WebSite\",\"@id\":\"https:\/\/www.hotelelba.it\/#website\",\"url\":\"https:\/\/www.hotelelba.it\/\",\"name\":\"Hotel Elba e Residence dei Fiori\",\"description\":\"Hotel e Residence a Marina di Campo all&#039;Isola d&#039;Elba\",\"publisher\":{\"@id\":\"https:\/\/www.hotelelba.it\/#organization\"},\"potentialAction\":[{\"@type\":\"SearchAction\",\"target\":{\"@type\":\"EntryPoint\",\"urlTemplate\":\"https:\/\/www.hotelelba.it\/?s={search_term_string}\"},\"query-input\":{\"@type\":\"PropertyValueSpecification\",\"valueRequired\":true,\"valueName\":\"search_term_string\"}}],\"inLanguage\":\"de\"},{\"@type\":\"Organization\",\"@id\":\"https:\/\/www.hotelelba.it\/#organization\",\"name\":\"Hotel Elba e Residence dei Fiori\",\"url\":\"https:\/\/www.hotelelba.it\/\",\"logo\":{\"@type\":\"ImageObject\",\"inLanguage\":\"de\",\"@id\":\"https:\/\/www.hotelelba.it\/#\/schema\/logo\/image\/\",\"url\":\"https:\/\/www.hotelelba.it\/wp-content\/uploads\/2022\/06\/Hotel_Elba_2x.png\",\"contentUrl\":\"https:\/\/www.hotelelba.it\/wp-content\/uploads\/2022\/06\/Hotel_Elba_2x.png\",\"width\":360,\"height\":204,\"caption\":\"Hotel Elba e Residence dei Fiori\"},\"image\":{\"@id\":\"https:\/\/www.hotelelba.it\/#\/schema\/logo\/image\/\"},\"sameAs\":[\"https:\/\/www.facebook.com\/HotelElbaResidenceDeiFiori\",\"https:\/\/x.com\/ElbaFiori\",\"https:\/\/www.instagram.com\/hotelelba.residencedeifiori\/\"]}]}<\/script>\n<!-- \/ Yoast SEO plugin. -->","yoast_head_json":{"title":"Insel Elba - Hotel Elba e Residence dei Fiori","robots":{"index":"index","follow":"follow","max-snippet":"max-snippet:-1","max-image-preview":"max-image-preview:large","max-video-preview":"max-video-preview:-1"},"canonical":"https:\/\/www.hotelelba.it\/de\/insel-elba\/","og_locale":"de_DE","og_type":"article","og_title":"Insel Elba - Hotel Elba e Residence dei Fiori","og_description":"[vc_row full_width=&#8220;stretch_row_content_no_spaces&#8220; bg_type=&#8220;image&#8220; parallax_style=&#8220;vcpb-default&#8220; bg_image_new=&#8220;id^8172|url^https:\/\/www.hotelelba.it\/wp-content\/uploads\/2025\/01\/originale-2-scaled.jpg|caption^DCIM100GOPROGOPR7854.JPG|alt^null|title^DCIM100GOPROGOPR7854.JPG|description^null&#8220; bg_image_repeat=&#8220;no-repeat&#8220; bg_override=&#8220;full&#8220;][vc_column css_animation=&#8220;fadeIn&#8220; css=&#8220;.vc_custom_1656311697974{padding-top: 13% !important;padding-bottom: 11% !important;background-position: center !important;background-repeat: no-repeat !important;background-size: contain !important;}&#8220;][vc_empty_space height=&#8220;50px&#8220;][\/vc_column][\/vc_row][vc_row css=&#8220;.vc_custom_1669796122820{padding-top: 30px !important;padding-bottom: 30px !important;}&#8220;][vc_column offset=&#8220;vc_col-md-offset-3 vc_col-md-6&#8243;][vc_custom_heading text=&#8220;Isola d&#8217;Elba&#8220; font_container=&#8220;tag:p|font_size:58|text_align:center&#8220; google_fonts=&#8220;font_family:Alex%20Brush%3Aregular|font_style:400%20regular%3A400%3Anormal&#8220;][\/vc_column][\/vc_row][vc_row][vc_column][vc_empty_space][vc_column_text] Die Insel Elba ist eine kleine grosse Insel mit einer Fl\u00e4che von 224 km\u00b2 inmitten klaren Wassers, kristallfarbenem Meer mit Tausend Farbt\u00f6nen, wundersch\u00f6nen Meeresb\u00f6den,&hellip;","og_url":"https:\/\/www.hotelelba.it\/de\/insel-elba\/","og_site_name":"Hotel Elba e Residence dei Fiori","article_publisher":"https:\/\/www.facebook.com\/HotelElbaResidenceDeiFiori","article_modified_time":"2025-03-22T16:41:13+00:00","twitter_card":"summary_large_image","twitter_site":"@ElbaFiori","twitter_misc":{"Gesch\u00e4tzte Lesezeit":"2\u00a0Minuten"},"schema":{"@context":"https:\/\/schema.org","@graph":[{"@type":"WebPage","@id":"https:\/\/www.hotelelba.it\/de\/insel-elba\/","url":"https:\/\/www.hotelelba.it\/de\/insel-elba\/","name":"Insel Elba - Hotel Elba e Residence dei Fiori","isPartOf":{"@id":"https:\/\/www.hotelelba.it\/#website"},"datePublished":"2022-06-29T09:17:48+00:00","dateModified":"2025-03-22T16:41:13+00:00","breadcrumb":{"@id":"https:\/\/www.hotelelba.it\/de\/insel-elba\/#breadcrumb"},"inLanguage":"de","potentialAction":[{"@type":"ReadAction","target":["https:\/\/www.hotelelba.it\/de\/insel-elba\/"]}]},{"@type":"BreadcrumbList","@id":"https:\/\/www.hotelelba.it\/de\/insel-elba\/#breadcrumb","itemListElement":[{"@type":"ListItem","position":1,"name":"Home","item":"https:\/\/www.hotelelba.it\/de\/"},{"@type":"ListItem","position":2,"name":"Insel Elba"}]},{"@type":"WebSite","@id":"https:\/\/www.hotelelba.it\/#website","url":"https:\/\/www.hotelelba.it\/","name":"Hotel Elba e Residence dei Fiori","description":"Hotel e Residence a Marina di Campo all&#039;Isola d&#039;Elba","publisher":{"@id":"https:\/\/www.hotelelba.it\/#organization"},"potentialAction":[{"@type":"SearchAction","target":{"@type":"EntryPoint","urlTemplate":"https:\/\/www.hotelelba.it\/?s={search_term_string}"},"query-input":{"@type":"PropertyValueSpecification","valueRequired":true,"valueName":"search_term_string"}}],"inLanguage":"de"},{"@type":"Organization","@id":"https:\/\/www.hotelelba.it\/#organization","name":"Hotel Elba e Residence dei Fiori","url":"https:\/\/www.hotelelba.it\/","logo":{"@type":"ImageObject","inLanguage":"de","@id":"https:\/\/www.hotelelba.it\/#\/schema\/logo\/image\/","url":"https:\/\/www.hotelelba.it\/wp-content\/uploads\/2022\/06\/Hotel_Elba_2x.png","contentUrl":"https:\/\/www.hotelelba.it\/wp-content\/uploads\/2022\/06\/Hotel_Elba_2x.png","width":360,"height":204,"caption":"Hotel Elba e Residence dei Fiori"},"image":{"@id":"https:\/\/www.hotelelba.it\/#\/schema\/logo\/image\/"},"sameAs":["https:\/\/www.facebook.com\/HotelElbaResidenceDeiFiori","https:\/\/x.com\/ElbaFiori","https:\/\/www.instagram.com\/hotelelba.residencedeifiori\/"]}]}},"_links":{"self":[{"href":"https:\/\/www.hotelelba.it\/de\/wp-json\/wp\/v2\/pages\/4099"}],"collection":[{"href":"https:\/\/www.hotelelba.it\/de\/wp-json\/wp\/v2\/pages"}],"about":[{"href":"https:\/\/www.hotelelba.it\/de\/wp-json\/wp\/v2\/types\/page"}],"author":[{"embeddable":true,"href":"https:\/\/www.hotelelba.it\/de\/wp-json\/wp\/v2\/users\/1"}],"replies":[{"embeddable":true,"href":"https:\/\/www.hotelelba.it\/de\/wp-json\/wp\/v2\/comments?post=4099"}],"version-history":[{"count":5,"href":"https:\/\/www.hotelelba.it\/de\/wp-json\/wp\/v2\/pages\/4099\/revisions"}],"predecessor-version":[{"id":8185,"href":"https:\/\/www.hotelelba.it\/de\/wp-json\/wp\/v2\/pages\/4099\/revisions\/8185"}],"wp:attachment":[{"href":"https:\/\/www.hotelelba.it\/de\/wp-json\/wp\/v2\/media?parent=4099"}],"curies":[{"name":"wp","href":"https:\/\/api.w.org\/{rel}","templated":true}]}}