{"id":4094,"date":"2022-06-27T09:45:51","date_gmt":"2022-06-27T07:45:51","guid":{"rendered":"http:\/\/hotelelba.youelba.com\/in-vacanza-con-il-mio-amico-a-4-zampe\/"},"modified":"2025-02-24T09:29:49","modified_gmt":"2025-02-24T08:29:49","slug":"im-urlaub-mit-meinem-vierbeinigen-freund","status":"publish","type":"page","link":"https:\/\/www.hotelelba.it\/de\/im-urlaub-mit-meinem-vierbeinigen-freund\/","title":{"rendered":"Im Urlaub mit meinem vierbeinigen Freund"},"content":{"rendered":"<div class=\"wpb-content-wrapper\"><p>[vc_row full_width=&#8220;stretch_row_content_no_spaces&#8220; bg_type=&#8220;image&#8220; parallax_style=&#8220;vcpb-default&#8220; bg_image_new=&#8220;id^640|url^http:\/\/hotelelba.youelba.com\/wp-content\/uploads\/2016\/02\/banner-cane.jpg|caption^null|alt^null|title^banner-cane|description^null&#8220; bg_image_repeat=&#8220;no-repeat&#8220; bg_override=&#8220;full&#8220;][vc_column css_animation=&#8220;fadeIn&#8220; css=&#8220;.vc_custom_1656311697974{padding-top: 13% !important;padding-bottom: 11% !important;background-position: center !important;background-repeat: no-repeat !important;background-size: contain !important;}&#8220;][vc_empty_space height=&#8220;50px&#8220;][\/vc_column][\/vc_row][vc_row css=&#8220;.vc_custom_1669795403714{padding-top: 30px !important;padding-bottom: 30px !important;}&#8220;][vc_column offset=&#8220;vc_col-md-offset-3 vc_col-md-6&#8243;][vc_custom_heading text=&#8220;Im Urlaub mit meinem vierbeinigen Freund&#8220; font_container=&#8220;tag:p|font_size:58|text_align:center|line_height:1&#8243; google_fonts=&#8220;font_family:Alex%20Brush%3Aregular|font_style:400%20regular%3A400%3Anormal&#8220;][vc_empty_space][\/vc_column][\/vc_row][vc_row][vc_column][vc_column_text]&nbsp;<\/p>\n<p style=\"text-align: center;\">Im Hotel Elba und der Residence dei Fiori sind Haustiere willkommen!<\/p>\n<p style=\"text-align: center;\">Im Hinblick auf das Wohlbefinden aller G\u00e4ste bitten wir Sie folgende Regeln zu beachten.<\/p>\n<p>&nbsp;[\/vc_column_text][vc_empty_space][vc_empty_space][\/vc_column][\/vc_row][vc_row][vc_column width=&#8220;1\/2&#8243;][vc_single_image image=&#8220;743&#8243; img_size=&#8220;400&#215;300&#8243; alignment=&#8220;right&#8220; image_hovers=&#8220;false&#8220;][\/vc_column][vc_column width=&#8220;1\/2&#8243;][vc_single_image image=&#8220;641&#8243; img_size=&#8220;400&#215;300&#8243;][\/vc_column][\/vc_row][vc_row][vc_column][vc_empty_space][vc_column_text]&nbsp;<\/p>\n<p>Reglement zum Aufenthalt ihrer Haustiere:<\/p>\n<ul>\n<li>Haustiere sind, nach vorheriger Ank\u00fcndigung bei der Reservierung und beim Check-In, herzlich willkommen.<\/li>\n<li>Bitte bringen Sie Decken, Handt\u00fccher, sowie Kotbeutel, Katzentoilette etc. f\u00fcr ihre Lieblinge mit. Es ist aus hygienischen Gr\u00fcnden absolut untersagt, die W\u00e4sche des Hotels zu nutzen.<\/li>\n<li>Dasselbe gilt f\u00fcr den Aufenthalt in Betten, auf Sesseln, etc. Reinignungskosten f\u00fcr eventuelle Verschmutzungen von M\u00f6beln oder W\u00e4sche werden in Rechnung gestellt!<\/li>\n<li>Zur Vermeidung unangenehmer Situationen f\u00fcr unser Mitarbeiter melden Sie bitte an der Rezeption, falls ihr Haustier allein im Zimmer zur\u00fcckbleibt. Dann k\u00f6nnen wir gemeinsam einen Termin zur Zimmerreinigung vereinbaren.<\/li>\n<li>Um die andern G\u00e4ste nicht zu st\u00f6ren, bitten wir sie darauf zu achten, dass ihr Tier sich ruhig verh\u00e4lt- auch wenn es allein im Zimmer zur\u00fcckgelassen wird.<\/li>\n<li>In den \u00f6ffentlichen Bereichen herrscht Leinenpflicht. Bitte achten Sie darauf, dass ihr Tier sein Gesch\u00e4ft nicht im Garten erledigt. Sollte dennoch einmal ein Missgeschick passieren, liegt es in Ihrer Verantwortung die Hinterlassenschaft gr\u00fcndlich zu entfernen.<\/li>\n<li>Kleine Tiere sind in den Gemeinschafts- und Speiser\u00e4umen nur nach Absprache mit uns erlaubt. Im Pool Bereich sind keine Tiere erlaubt!<\/li>\n<\/ul>\n<p>[\/vc_column_text][vc_empty_space][\/vc_column][\/vc_row][vc_row][vc_column]<style type=\"text\/css\" data-type=\"the7_shortcodes-inline-css\">.icon-with-text-shortcode.icon-text-id-848d4241554bcd028d40e13213fbb6a8 .text-icon {\n  width: 60px;\n  height: 60px;\n  line-height: 60px;\n  font-size: 32px;\n  border-radius: 200px;\n  margin: 0px 0px 0px 0px;\n}\n.icon-with-text-shortcode.icon-text-id-848d4241554bcd028d40e13213fbb6a8 .text-icon .icon-inner {\n  min-width: 60px;\n  min-height: 60px;\n  border-radius: 200px;\n}\n@media all and (-ms-high-contrast: none) {\n  .icon-with-text-shortcode.icon-text-id-848d4241554bcd028d40e13213fbb6a8 .text-icon .icon-inner {\n    height: 60px;\n  }\n}\n.icon-with-text-shortcode.icon-text-id-848d4241554bcd028d40e13213fbb6a8 .text-icon .dt-hover-icon {\n  line-height: 60px;\n}\n.icon-with-text-shortcode.icon-text-id-848d4241554bcd028d40e13213fbb6a8 .text-icon:before,\n.icon-with-text-shortcode.icon-text-id-848d4241554bcd028d40e13213fbb6a8 .text-icon:after,\n.icon-with-text-shortcode.icon-text-id-848d4241554bcd028d40e13213fbb6a8 .text-icon .icon-inner:before,\n.icon-with-text-shortcode.icon-text-id-848d4241554bcd028d40e13213fbb6a8 .text-icon .icon-inner:after {\n  min-width: 100%;\n  min-height: 100%;\n  padding: inherit;\n  border-radius: inherit;\n}\n.icon-with-text-shortcode.icon-text-id-848d4241554bcd028d40e13213fbb6a8 .text-icon.dt-icon-border-on:before {\n  border-width: 2px;\n  border-style: solid;\n}\n.dt-icon-border-dashed.icon-with-text-shortcode.icon-text-id-848d4241554bcd028d40e13213fbb6a8 .text-icon.dt-icon-border-on:before {\n  border-style: dashed;\n}\n.dt-icon-border-dotted.icon-with-text-shortcode.icon-text-id-848d4241554bcd028d40e13213fbb6a8 .text-icon.dt-icon-border-on:before {\n  border-style: dotted;\n}\n.dt-icon-border-double.icon-with-text-shortcode.icon-text-id-848d4241554bcd028d40e13213fbb6a8 .text-icon.dt-icon-border-on:before {\n  border-style: double;\n}\n.icon-with-text-shortcode.icon-text-id-848d4241554bcd028d40e13213fbb6a8 .text-icon.dt-icon-border-dashed.dt-icon-border-on:before {\n  border-style: dashed;\n}\n.icon-with-text-shortcode.icon-text-id-848d4241554bcd028d40e13213fbb6a8 .text-icon.dt-icon-border-dotted.dt-icon-border-on:before {\n  border-style: dotted;\n}\n.icon-with-text-shortcode.icon-text-id-848d4241554bcd028d40e13213fbb6a8 .text-icon.dt-icon-border-double.dt-icon-border-on:before {\n  border-style: double;\n}\n.icon-with-text-shortcode.icon-text-id-848d4241554bcd028d40e13213fbb6a8 .text-icon.dt-icon-hover-border-on:after {\n  border-width: 2px;\n  border-style: solid;\n}\n.icon-with-text-shortcode.icon-text-id-848d4241554bcd028d40e13213fbb6a8 .text-icon.dt-icon-border-dashed.dt-icon-hover-border-on:after {\n  border-style: dashed;\n}\n.icon-with-text-shortcode.icon-text-id-848d4241554bcd028d40e13213fbb6a8 .text-icon.dt-icon-border-dotted.dt-icon-hover-border-on:after {\n  border-style: dotted;\n}\n.icon-with-text-shortcode.icon-text-id-848d4241554bcd028d40e13213fbb6a8 .text-icon.dt-icon-border-double.dt-icon-hover-border-on:after {\n  border-style: double;\n}\n.icon-with-text-shortcode.icon-text-id-848d4241554bcd028d40e13213fbb6a8 .text-icon.dt-icon-hover-on:hover {\n  font-size: 32px;\n}\n#page .icon-with-text-shortcode.icon-text-id-848d4241554bcd028d40e13213fbb6a8 .text-icon.dt-icon-hover-on:hover .soc-font-icon,\n#phantom .icon-with-text-shortcode.icon-text-id-848d4241554bcd028d40e13213fbb6a8 .text-icon.dt-icon-hover-on:hover .soc-font-icon,\n#page .icon-with-text-shortcode.icon-text-id-848d4241554bcd028d40e13213fbb6a8 .text-icon.dt-icon-hover-on:hover .soc-icon,\n#phantom .icon-with-text-shortcode.icon-text-id-848d4241554bcd028d40e13213fbb6a8 .text-icon.dt-icon-hover-on:hover .soc-icon {\n  color: #fff;\n  background: none;\n}\n#page .icon-with-text-shortcode.icon-text-id-848d4241554bcd028d40e13213fbb6a8 .text-icon.dt-icon-hover-on:not(:hover) .soc-font-icon,\n#phantom .icon-with-text-shortcode.icon-text-id-848d4241554bcd028d40e13213fbb6a8 .text-icon.dt-icon-hover-on:not(:hover) .soc-font-icon,\n#page .icon-with-text-shortcode.icon-text-id-848d4241554bcd028d40e13213fbb6a8 .text-icon.dt-icon-hover-on:not(:hover) .soc-icon,\n#phantom .icon-with-text-shortcode.icon-text-id-848d4241554bcd028d40e13213fbb6a8 .text-icon.dt-icon-hover-on:not(:hover) .soc-icon,\n#page .icon-with-text-shortcode.icon-text-id-848d4241554bcd028d40e13213fbb6a8 .text-icon.dt-icon-hover-off .soc-font-icon,\n#phantom .icon-with-text-shortcode.icon-text-id-848d4241554bcd028d40e13213fbb6a8 .text-icon.dt-icon-hover-off .soc-font-icon,\n#page .icon-with-text-shortcode.icon-text-id-848d4241554bcd028d40e13213fbb6a8 .text-icon.dt-icon-hover-off .soc-icon,\n#phantom .icon-with-text-shortcode.icon-text-id-848d4241554bcd028d40e13213fbb6a8 .text-icon.dt-icon-hover-off .soc-icon {\n  color: #ffffff;\n  background: none;\n}\n.icon-with-text-shortcode.icon-text-id-848d4241554bcd028d40e13213fbb6a8.layout-1 {\n  grid-template-columns: 60px minmax(0,1fr);\n  grid-column-gap: 0px;\n}\n.icon-with-text-shortcode.icon-text-id-848d4241554bcd028d40e13213fbb6a8.layout-2 {\n  grid-template-columns: minmax(0,1fr) 60px;\n  grid-column-gap: 0px;\n}\n.icon-with-text-shortcode.icon-text-id-848d4241554bcd028d40e13213fbb6a8.layout-2 .text-icon {\n  margin-left: 0;\n}\n.icon-with-text-shortcode.icon-text-id-848d4241554bcd028d40e13213fbb6a8.layout-3 {\n  grid-template-columns: 60px minmax(0,1fr);\n}\n.icon-with-text-shortcode.icon-text-id-848d4241554bcd028d40e13213fbb6a8.layout-3 .dt-text-title {\n  margin-left: 0px;\n}\n.icon-with-text-shortcode.icon-text-id-848d4241554bcd028d40e13213fbb6a8 .dt-text-title,\n.icon-with-text-shortcode.icon-text-id-848d4241554bcd028d40e13213fbb6a8 .dt-text-title a {\n  font-weight: bold;\n}\n.icon-with-text-shortcode.icon-text-id-848d4241554bcd028d40e13213fbb6a8 .dt-text-title {\n  margin-bottom: 0px;\n}\n.icon-with-text-shortcode.icon-text-id-848d4241554bcd028d40e13213fbb6a8 .dt-text-desc {\n  margin-bottom: 0px;\n}\n<\/style><div class=\"icon-with-text-shortcode  icon-text-id-848d4241554bcd028d40e13213fbb6a8 layout-5  vc_custom_1740385786088 \" ><span   class=\"text-icon dt-icon-bg-on dt-icon-hover-off\" ><span class=\"icon-inner\"><i class=\"dt-regular-icon soc-icon fas fa-dog\"><\/i><i class=\"dt-hover-icon soc-icon fas fa-dog\"><\/i><\/span><\/span><h4 class=\"dt-text-title\"  >Zuschlage<\/h4><div class=\"dt-text-desc\">Kunde in Hotel Elba bezahlen \u20ac 10,00 pro Tag und Residence dei Fiori \u20ac 15,00 im Total.<\/div><\/div>[vc_empty_space][vc_empty_space][vc_column_text]<\/p>\n<p style=\"text-align: center;\"><strong>Bez\u00fcglich Verboten, Reglementen und M\u00f6glichkeit, zu Str\u00e4nden Zutritt zu erhalten, <a href=\"https:\/\/www.hotelelba.it\/wp-content\/uploads\/2016\/02\/ELBAMYPETS.pdf\">finden Sie nachstehend\u00a0einige n\u00fctzliche Informationen.<\/a><\/strong><\/p>\n<p>&nbsp;[\/vc_column_text][vc_empty_space][\/vc_column][\/vc_row]<\/p>\n<\/div>","protected":false},"excerpt":{"rendered":"<p>[vc_row full_width=&#8220;stretch_row_content_no_spaces&#8220; bg_type=&#8220;image&#8220; parallax_style=&#8220;vcpb-default&#8220; bg_image_new=&#8220;id^640|url^http:\/\/hotelelba.youelba.com\/wp-content\/uploads\/2016\/02\/banner-cane.jpg|caption^null|alt^null|title^banner-cane|description^null&#8220; bg_image_repeat=&#8220;no-repeat&#8220; bg_override=&#8220;full&#8220;][vc_column css_animation=&#8220;fadeIn&#8220; css=&#8220;.vc_custom_1656311697974{padding-top: 13% !important;padding-bottom: 11% !important;background-position: center !important;background-repeat: no-repeat !important;background-size: contain !important;}&#8220;][vc_empty_space height=&#8220;50px&#8220;][\/vc_column][\/vc_row][vc_row css=&#8220;.vc_custom_1669795403714{padding-top: 30px !important;padding-bottom: 30px !important;}&#8220;][vc_column offset=&#8220;vc_col-md-offset-3 vc_col-md-6&#8243;][vc_custom_heading text=&#8220;Im Urlaub mit meinem vierbeinigen Freund&#8220; font_container=&#8220;tag:p|font_size:58|text_align:center|line_height:1&#8243; google_fonts=&#8220;font_family:Alex%20Brush%3Aregular|font_style:400%20regular%3A400%3Anormal&#8220;][vc_empty_space][\/vc_column][\/vc_row][vc_row][vc_column][vc_column_text]&nbsp; Im Hotel Elba und der Residence dei Fiori sind Haustiere willkommen! Im Hinblick auf das Wohlbefinden aller G\u00e4ste bitten wir&hellip;<\/p>\n","protected":false},"author":1,"featured_media":0,"parent":0,"menu_order":0,"comment_status":"closed","ping_status":"closed","template":"","meta":{"footnotes":""},"class_list":["post-4094","page","type-page","status-publish","hentry","description-off"],"yoast_head":"<!-- This site is optimized with the Yoast SEO plugin v25.3 - https:\/\/yoast.com\/wordpress\/plugins\/seo\/ -->\n<title>Im Urlaub mit meinem vierbeinigen Freund - Hotel Elba e Residence dei Fiori<\/title>\n<meta name=\"robots\" content=\"index, follow, max-snippet:-1, max-image-preview:large, max-video-preview:-1\" \/>\n<link rel=\"canonical\" href=\"https:\/\/www.hotelelba.it\/de\/im-urlaub-mit-meinem-vierbeinigen-freund\/\" \/>\n<meta property=\"og:locale\" content=\"de_DE\" \/>\n<meta property=\"og:type\" content=\"article\" \/>\n<meta property=\"og:title\" content=\"Im Urlaub mit meinem vierbeinigen Freund - Hotel Elba e Residence dei Fiori\" \/>\n<meta property=\"og:description\" content=\"[vc_row full_width=&#8220;stretch_row_content_no_spaces&#8220; bg_type=&#8220;image&#8220; parallax_style=&#8220;vcpb-default&#8220; bg_image_new=&#8220;id^640|url^http:\/\/hotelelba.youelba.com\/wp-content\/uploads\/2016\/02\/banner-cane.jpg|caption^null|alt^null|title^banner-cane|description^null&#8220; bg_image_repeat=&#8220;no-repeat&#8220; bg_override=&#8220;full&#8220;][vc_column css_animation=&#8220;fadeIn&#8220; css=&#8220;.vc_custom_1656311697974{padding-top: 13% !important;padding-bottom: 11% !important;background-position: center !important;background-repeat: no-repeat !important;background-size: contain !important;}&#8220;][vc_empty_space height=&#8220;50px&#8220;][\/vc_column][\/vc_row][vc_row css=&#8220;.vc_custom_1669795403714{padding-top: 30px !important;padding-bottom: 30px !important;}&#8220;][vc_column offset=&#8220;vc_col-md-offset-3 vc_col-md-6&#8243;][vc_custom_heading text=&#8220;Im Urlaub mit meinem vierbeinigen Freund&#8220; font_container=&#8220;tag:p|font_size:58|text_align:center|line_height:1&#8243; google_fonts=&#8220;font_family:Alex%20Brush%3Aregular|font_style:400%20regular%3A400%3Anormal&#8220;][vc_empty_space][\/vc_column][\/vc_row][vc_row][vc_column][vc_column_text]&nbsp; Im Hotel Elba und der Residence dei Fiori sind Haustiere willkommen! Im Hinblick auf das Wohlbefinden aller G\u00e4ste bitten wir&hellip;\" \/>\n<meta property=\"og:url\" content=\"https:\/\/www.hotelelba.it\/de\/im-urlaub-mit-meinem-vierbeinigen-freund\/\" \/>\n<meta property=\"og:site_name\" content=\"Hotel Elba e Residence dei Fiori\" \/>\n<meta property=\"article:publisher\" content=\"https:\/\/www.facebook.com\/HotelElbaResidenceDeiFiori\" \/>\n<meta property=\"article:modified_time\" content=\"2025-02-24T08:29:49+00:00\" \/>\n<meta name=\"twitter:card\" content=\"summary_large_image\" \/>\n<meta name=\"twitter:site\" content=\"@ElbaFiori\" \/>\n<meta name=\"twitter:label1\" content=\"Gesch\u00e4tzte Lesezeit\" \/>\n\t<meta name=\"twitter:data1\" content=\"2\u00a0Minuten\" \/>\n<script type=\"application\/ld+json\" class=\"yoast-schema-graph\">{\"@context\":\"https:\/\/schema.org\",\"@graph\":[{\"@type\":\"WebPage\",\"@id\":\"https:\/\/www.hotelelba.it\/de\/im-urlaub-mit-meinem-vierbeinigen-freund\/\",\"url\":\"https:\/\/www.hotelelba.it\/de\/im-urlaub-mit-meinem-vierbeinigen-freund\/\",\"name\":\"Im Urlaub mit meinem vierbeinigen Freund - Hotel Elba e Residence dei Fiori\",\"isPartOf\":{\"@id\":\"https:\/\/www.hotelelba.it\/#website\"},\"datePublished\":\"2022-06-27T07:45:51+00:00\",\"dateModified\":\"2025-02-24T08:29:49+00:00\",\"breadcrumb\":{\"@id\":\"https:\/\/www.hotelelba.it\/de\/im-urlaub-mit-meinem-vierbeinigen-freund\/#breadcrumb\"},\"inLanguage\":\"de\",\"potentialAction\":[{\"@type\":\"ReadAction\",\"target\":[\"https:\/\/www.hotelelba.it\/de\/im-urlaub-mit-meinem-vierbeinigen-freund\/\"]}]},{\"@type\":\"BreadcrumbList\",\"@id\":\"https:\/\/www.hotelelba.it\/de\/im-urlaub-mit-meinem-vierbeinigen-freund\/#breadcrumb\",\"itemListElement\":[{\"@type\":\"ListItem\",\"position\":1,\"name\":\"Home\",\"item\":\"https:\/\/www.hotelelba.it\/de\/\"},{\"@type\":\"ListItem\",\"position\":2,\"name\":\"Im Urlaub mit meinem vierbeinigen Freund\"}]},{\"@type\":\"WebSite\",\"@id\":\"https:\/\/www.hotelelba.it\/#website\",\"url\":\"https:\/\/www.hotelelba.it\/\",\"name\":\"Hotel Elba e Residence dei Fiori\",\"description\":\"Hotel e Residence a Marina di Campo all&#039;Isola d&#039;Elba\",\"publisher\":{\"@id\":\"https:\/\/www.hotelelba.it\/#organization\"},\"potentialAction\":[{\"@type\":\"SearchAction\",\"target\":{\"@type\":\"EntryPoint\",\"urlTemplate\":\"https:\/\/www.hotelelba.it\/?s={search_term_string}\"},\"query-input\":{\"@type\":\"PropertyValueSpecification\",\"valueRequired\":true,\"valueName\":\"search_term_string\"}}],\"inLanguage\":\"de\"},{\"@type\":\"Organization\",\"@id\":\"https:\/\/www.hotelelba.it\/#organization\",\"name\":\"Hotel Elba e Residence dei Fiori\",\"url\":\"https:\/\/www.hotelelba.it\/\",\"logo\":{\"@type\":\"ImageObject\",\"inLanguage\":\"de\",\"@id\":\"https:\/\/www.hotelelba.it\/#\/schema\/logo\/image\/\",\"url\":\"https:\/\/www.hotelelba.it\/wp-content\/uploads\/2022\/06\/Hotel_Elba_2x.png\",\"contentUrl\":\"https:\/\/www.hotelelba.it\/wp-content\/uploads\/2022\/06\/Hotel_Elba_2x.png\",\"width\":360,\"height\":204,\"caption\":\"Hotel Elba e Residence dei Fiori\"},\"image\":{\"@id\":\"https:\/\/www.hotelelba.it\/#\/schema\/logo\/image\/\"},\"sameAs\":[\"https:\/\/www.facebook.com\/HotelElbaResidenceDeiFiori\",\"https:\/\/x.com\/ElbaFiori\",\"https:\/\/www.instagram.com\/hotelelba.residencedeifiori\/\"]}]}<\/script>\n<!-- \/ Yoast SEO plugin. -->","yoast_head_json":{"title":"Im Urlaub mit meinem vierbeinigen Freund - Hotel Elba e Residence dei Fiori","robots":{"index":"index","follow":"follow","max-snippet":"max-snippet:-1","max-image-preview":"max-image-preview:large","max-video-preview":"max-video-preview:-1"},"canonical":"https:\/\/www.hotelelba.it\/de\/im-urlaub-mit-meinem-vierbeinigen-freund\/","og_locale":"de_DE","og_type":"article","og_title":"Im Urlaub mit meinem vierbeinigen Freund - Hotel Elba e Residence dei Fiori","og_description":"[vc_row full_width=&#8220;stretch_row_content_no_spaces&#8220; bg_type=&#8220;image&#8220; parallax_style=&#8220;vcpb-default&#8220; bg_image_new=&#8220;id^640|url^http:\/\/hotelelba.youelba.com\/wp-content\/uploads\/2016\/02\/banner-cane.jpg|caption^null|alt^null|title^banner-cane|description^null&#8220; bg_image_repeat=&#8220;no-repeat&#8220; bg_override=&#8220;full&#8220;][vc_column css_animation=&#8220;fadeIn&#8220; css=&#8220;.vc_custom_1656311697974{padding-top: 13% !important;padding-bottom: 11% !important;background-position: center !important;background-repeat: no-repeat !important;background-size: contain !important;}&#8220;][vc_empty_space height=&#8220;50px&#8220;][\/vc_column][\/vc_row][vc_row css=&#8220;.vc_custom_1669795403714{padding-top: 30px !important;padding-bottom: 30px !important;}&#8220;][vc_column offset=&#8220;vc_col-md-offset-3 vc_col-md-6&#8243;][vc_custom_heading text=&#8220;Im Urlaub mit meinem vierbeinigen Freund&#8220; font_container=&#8220;tag:p|font_size:58|text_align:center|line_height:1&#8243; google_fonts=&#8220;font_family:Alex%20Brush%3Aregular|font_style:400%20regular%3A400%3Anormal&#8220;][vc_empty_space][\/vc_column][\/vc_row][vc_row][vc_column][vc_column_text]&nbsp; Im Hotel Elba und der Residence dei Fiori sind Haustiere willkommen! Im Hinblick auf das Wohlbefinden aller G\u00e4ste bitten wir&hellip;","og_url":"https:\/\/www.hotelelba.it\/de\/im-urlaub-mit-meinem-vierbeinigen-freund\/","og_site_name":"Hotel Elba e Residence dei Fiori","article_publisher":"https:\/\/www.facebook.com\/HotelElbaResidenceDeiFiori","article_modified_time":"2025-02-24T08:29:49+00:00","twitter_card":"summary_large_image","twitter_site":"@ElbaFiori","twitter_misc":{"Gesch\u00e4tzte Lesezeit":"2\u00a0Minuten"},"schema":{"@context":"https:\/\/schema.org","@graph":[{"@type":"WebPage","@id":"https:\/\/www.hotelelba.it\/de\/im-urlaub-mit-meinem-vierbeinigen-freund\/","url":"https:\/\/www.hotelelba.it\/de\/im-urlaub-mit-meinem-vierbeinigen-freund\/","name":"Im Urlaub mit meinem vierbeinigen Freund - Hotel Elba e Residence dei Fiori","isPartOf":{"@id":"https:\/\/www.hotelelba.it\/#website"},"datePublished":"2022-06-27T07:45:51+00:00","dateModified":"2025-02-24T08:29:49+00:00","breadcrumb":{"@id":"https:\/\/www.hotelelba.it\/de\/im-urlaub-mit-meinem-vierbeinigen-freund\/#breadcrumb"},"inLanguage":"de","potentialAction":[{"@type":"ReadAction","target":["https:\/\/www.hotelelba.it\/de\/im-urlaub-mit-meinem-vierbeinigen-freund\/"]}]},{"@type":"BreadcrumbList","@id":"https:\/\/www.hotelelba.it\/de\/im-urlaub-mit-meinem-vierbeinigen-freund\/#breadcrumb","itemListElement":[{"@type":"ListItem","position":1,"name":"Home","item":"https:\/\/www.hotelelba.it\/de\/"},{"@type":"ListItem","position":2,"name":"Im Urlaub mit meinem vierbeinigen Freund"}]},{"@type":"WebSite","@id":"https:\/\/www.hotelelba.it\/#website","url":"https:\/\/www.hotelelba.it\/","name":"Hotel Elba e Residence dei Fiori","description":"Hotel e Residence a Marina di Campo all&#039;Isola d&#039;Elba","publisher":{"@id":"https:\/\/www.hotelelba.it\/#organization"},"potentialAction":[{"@type":"SearchAction","target":{"@type":"EntryPoint","urlTemplate":"https:\/\/www.hotelelba.it\/?s={search_term_string}"},"query-input":{"@type":"PropertyValueSpecification","valueRequired":true,"valueName":"search_term_string"}}],"inLanguage":"de"},{"@type":"Organization","@id":"https:\/\/www.hotelelba.it\/#organization","name":"Hotel Elba e Residence dei Fiori","url":"https:\/\/www.hotelelba.it\/","logo":{"@type":"ImageObject","inLanguage":"de","@id":"https:\/\/www.hotelelba.it\/#\/schema\/logo\/image\/","url":"https:\/\/www.hotelelba.it\/wp-content\/uploads\/2022\/06\/Hotel_Elba_2x.png","contentUrl":"https:\/\/www.hotelelba.it\/wp-content\/uploads\/2022\/06\/Hotel_Elba_2x.png","width":360,"height":204,"caption":"Hotel Elba e Residence dei Fiori"},"image":{"@id":"https:\/\/www.hotelelba.it\/#\/schema\/logo\/image\/"},"sameAs":["https:\/\/www.facebook.com\/HotelElbaResidenceDeiFiori","https:\/\/x.com\/ElbaFiori","https:\/\/www.instagram.com\/hotelelba.residencedeifiori\/"]}]}},"_links":{"self":[{"href":"https:\/\/www.hotelelba.it\/de\/wp-json\/wp\/v2\/pages\/4094"}],"collection":[{"href":"https:\/\/www.hotelelba.it\/de\/wp-json\/wp\/v2\/pages"}],"about":[{"href":"https:\/\/www.hotelelba.it\/de\/wp-json\/wp\/v2\/types\/page"}],"author":[{"embeddable":true,"href":"https:\/\/www.hotelelba.it\/de\/wp-json\/wp\/v2\/users\/1"}],"replies":[{"embeddable":true,"href":"https:\/\/www.hotelelba.it\/de\/wp-json\/wp\/v2\/comments?post=4094"}],"version-history":[{"count":5,"href":"https:\/\/www.hotelelba.it\/de\/wp-json\/wp\/v2\/pages\/4094\/revisions"}],"predecessor-version":[{"id":8179,"href":"https:\/\/www.hotelelba.it\/de\/wp-json\/wp\/v2\/pages\/4094\/revisions\/8179"}],"wp:attachment":[{"href":"https:\/\/www.hotelelba.it\/de\/wp-json\/wp\/v2\/media?parent=4094"}],"curies":[{"name":"wp","href":"https:\/\/api.w.org\/{rel}","templated":true}]}}