{"id":3863,"date":"2022-06-27T09:29:18","date_gmt":"2022-06-27T07:29:18","guid":{"rendered":"http:\/\/hotelelba.youelba.com\/domande-frequenti\/"},"modified":"2025-01-17T16:24:46","modified_gmt":"2025-01-17T15:24:46","slug":"haeufig-gestellte-fragen","status":"publish","type":"page","link":"https:\/\/www.hotelelba.it\/de\/haeufig-gestellte-fragen\/","title":{"rendered":"H\u00e4ufig gestellte Fragen"},"content":{"rendered":"<div class=\"wpb-content-wrapper\"><p>[vc_row full_width=&#8220;stretch_row_content_no_spaces&#8220; bg_type=&#8220;image&#8220; parallax_style=&#8220;vcpb-default&#8220; bg_image_new=&#8220;id^5878|url^https:\/\/www.hotelelba.it\/wp-content\/uploads\/2023\/09\/image00009-1-scaled.jpeg|caption^null|alt^null|title^image00009|description^null&#8220; bg_image_repeat=&#8220;no-repeat&#8220; bg_override=&#8220;full&#8220;][vc_column css_animation=&#8220;fadeIn&#8220; css=&#8220;.vc_custom_1656311697974{padding-top: 13% !important;padding-bottom: 11% !important;background-position: center !important;background-repeat: no-repeat !important;background-size: contain !important;}&#8220;][vc_empty_space height=&#8220;50px&#8220;][\/vc_column][\/vc_row][vc_row css=&#8220;.vc_custom_1669795357239{padding-top: 30px !important;padding-bottom: 30px !important;}&#8220;][vc_column offset=&#8220;vc_col-md-offset-3 vc_col-md-6&#8243;][vc_custom_heading text=&#8220;H\u00e4ufig gestellte Fragen&#8220; font_container=&#8220;tag:h2|font_size:58|text_align:center|line_height:1&#8243; google_fonts=&#8220;font_family:Alex%20Brush%3Aregular|font_style:400%20regular%3A400%3Anormal&#8220;][\/vc_column][\/vc_row][vc_row][vc_column][vc_empty_space][vc_column_text]<\/p>\n<p><strong>Wie weit liegt die Struktur von der Altstadt entfernt?<\/strong><br \/>\nDer Strand von Marina di Campo liegt 300 Meter und die Altstadt 400 Meter entfernt; beide k\u00f6nnen Sie zu Fu\u00df erreichen.<\/p>\n<p><strong>Ist der Strand leicht zug\u00e4nglich?<\/strong><br \/>\nJa, die Zufahrtsstra\u00dfe zum Meer ist eben. Der Strand ist aus Sand, an einigen Stellen ist das Meer nicht tief und daher f\u00fcr Kinder sehr geeignet.<\/p>\n<p><strong>Ist die Sonnenschirmmiete bereits im Preis f\u00fcr den Aufenthalt inbegriffen? Haben Sie eine Konvention mit einer Badeanstalt?<\/strong><br \/>\nNein, dies ist nicht inbegriffen. Wir haben eine Konvention mit einer Vermietung von Sonnenliegen und Sonnenschirmen zu einem Sonderpreis beim Strand von Marina di Campo wenige Schritte von der Struktur entfernt. Der Zugang zu den Str\u00e4nden von Elba, vorliegend zum Strand von Marina di Campo, ist teilweise ausger\u00fcstet oder kostenlos. Der Durchschnittspreis f\u00fcr die Miete eines Sonnenschirms und 2 Sonnenliegen betr\u00e4gt zwischen \u20ac 20,00 und \u20ac 40,00 Euro am Tag je nach Saison.<\/p>\n<p><strong>Gibt es Restaurants, Caf\u00e9s und Superm\u00e4rkte ganz in der N\u00e4he?<\/strong><br \/>\nDer n\u00e4chstgelegene Supermarkt ist circa 400 Meter entfernt, und in der Altstadt finden Sie Caf\u00e9s, Restaurants, Boutiquen, etc.<\/p>\n<p><strong>Bezahle ich die Nutzung der Klimaanlage, des Safes und des Pools separat?<\/strong><br \/>\nNein, diese Dienstleistungen sind im Preis inbegriffen. Die Klimaanlage steht Ihnen normalerweise ab Mitte Juni zur Verf\u00fcgung, der Pool ist bereits ab Mitte Mai f\u00fcr Sie ge\u00f6ffnet.<\/p>\n<p><strong>Ist der Pool beaufsichtigt?<\/strong><br \/>\nNein, der Pool ist nicht beaufsichtigt und ist h\u00f6chstens 1,5 Meter tief.<\/p>\n<p><strong>Gibt es einen K\u00fchlschrank im Hotelzimmer?<\/strong><br \/>\nJa, alle Zimmer verf\u00fcgen \u00fcber einen kleinen K\u00fchlschrank f\u00fcr Ihre eigene Getr\u00e4nke.<\/p>\n<p><strong>Kann ich nur von Samstag bis Samstag reservieren?<\/strong><br \/>\nNein, sowohl im Hotel wie auch in der Residence ist der Aufenthalt frei w\u00e4hlbar. Sie k\u00f6nnen an jedem Tag der Woche ein- und auschecken. Wir empfehlen Ihnen, Daten innerhalb der Woche zu w\u00e4hlen, auch um weniger f\u00fcr die \u00dcberfahrt mit dem Auto auf der F\u00e4hre zu bezahlen.<\/p>\n<p><strong>Muss ich die F\u00e4hre buchen?<\/strong><br \/>\nWir empfehlen Ihnen sehr, den Platz f\u00fcr Ihr Fahrzeug zu buchen, wenn Sie am Freitag, Samstag oder Sonntag an- oder abreisen m\u00f6chten. Auch ausserhalb der Hochsaison besteht die Gefahr, dass Sie Stunden am Hafen warten m\u00fcssen, wenn Sie nicht vorher buchen. Wir helfen Ihnen gerne und unterst\u00fctzen Sie bei der Buchung der F\u00e4hre mit einer Sonderkonvention mit Vorzugspreisen mit der Gesellschaft Blu Navy.<br \/>\nBei der Buchung k\u00f6nnen wir Ihnen auf Anfrage einen Rabattkode und die Modalit\u00e4ten angeben, um die Buchung eigenst\u00e4ndig zu Ihren bevorzugten Zeiten auf der Website der Gesellschaft zu t\u00e4tigen.<\/p>\n<p><strong>Ich kann das nicht. K\u00f6nnen Sie f\u00fcr mich buchen?<\/strong><br \/>\nNat\u00fcrlich gerne. Geben Sie uns die Angaben zu Ihrem Auto, die genaue Anzahl Passagiere mit dem Alter der Kinder und die von Ihnen bevorzugten Zeiten f\u00fcr An- und Abreise, dann k\u00f6nnen wir uns um die Buchung. Sie erhalten dann die Tickets direkt per E-Mail Sie k\u00f6nnen Sie nur ausdrucken und beim Einschiffen vorlegen! Falls Sie sie nicht ausdrucken k\u00f6nnen, ziegen Sie die Tickets vom Ihre Handy. Sie bezahlen diese direkt im Hotel, wenn Sie den Aufenthalt bezahlen.<\/p>\n<p><strong>Von wo aus nehme ich die F\u00e4hre? Wie weit ist das Hotel von Portoferraio entfernt?<\/strong><br \/>\nSie schiffen sich in Piombino ein. Von Portoferraio m\u00fcssen Sie circa 25 Minuten mit dem Auto fahren (17km).<\/p>\n<p><strong>Gibt es Fl\u00fcge nach Elba?<\/strong><br \/>\nAuf der Insel gibt es einen kleinen Flughafen in der N\u00e4he von Marina di Campo mit zwei Gesellschaften, der Gesellschaft SILVER AIR mit Verbindungen nach Pisa, Florenz, Mailand Linate und Lugano,\u00a0<a href=\"http:\/\/www.silverairitalia.it\/\" target=\"_blank\" rel=\"noopener\">www.silverair.it.<\/a><br \/>\nF\u00fcr weitere Informationen bitten wir Sie, direkt die Website des Flughafens zu besuchen:\u00a0<a href=\"http:\/\/www.flyintersky.com\/en\" target=\"_blank\" rel=\"noopener\">www.elbaisland-airport.it.<\/a><\/p>\n<p><strong>Haben alle Zimmer einen Balkon? Und der Blick aufs Meer?<\/strong><br \/>\nEinige Zimmer verf\u00fcgen \u00fcber einen Balkon oder eine Terrasse, kein Zimmer hat einen Blick aufs Meer! Alle Wohnungen verf\u00fcgen \u00fcber eine Terrasse oder einen Balkon, keine hat einen Blick aufs Meer!<\/p>\n<p><strong>Gibt es Bereiche mit Spielen f\u00fcr Kinder?<\/strong><br \/>\nNein, es gibt keine Spielzeuge f\u00fcr Kinder.<\/p>\n<p><strong>Gibt es eine Garage oder einen abschlie\u00dfbaren Ort f\u00fcr Fahrr\u00e4der?<\/strong><br \/>\nNein, wir verf\u00fcgen nicht \u00fcber eine Garage. Wir haben einen Parkplatz f\u00fcr Autos und einen Parkplatz f\u00fcr ein Auto f\u00fcr jedes Zimmer oder jede Wohnung.<\/p>\n<p><strong>K\u00f6nnen Motorfahrr\u00e4der\/Fahrr\u00e4der und Autos in Marina di Campo gemietet werden? Stehen G\u00e4sten Fahrr\u00e4der zur Verf\u00fcgung?<\/strong><br \/>\nJa, es gibt Vermietungen in der N\u00e4he des Hotels. Wenn Sie interessiert sind, sagen Sie uns dies bei Ihrer Buchung, da in der Hochsaison auch dort gebucht werden muss.<\/p>\n<p><strong>Sind Haustiere willkommen?<\/strong><br \/>\nSicher, wenn Sie uns bei der Buchung informieren, sind uns Ihre Haustiere willkommen!<\/p>\n<p><strong>Werden die Mahlzeiten im Hotel am Buffet angeboten?<\/strong><br \/>\nFr\u00fchst\u00fcck am Morgen ist am Buffet. Abends haben wir ein fixes Men\u00fc mit der Auswahl von 3 ersten Hauptspeisen, 3 zweiten Hauptspeisen, 2 Beilagen und Fr\u00fcchten oder Nachspeise. Fisch servieren wir jeden Tag.<\/p>\n<p><strong>Sind Getr\u00e4nke in den Mahlzeiten inbegriffen?<\/strong><br \/>\nNein, Getr\u00e4nke sind nicht inbegriffen.<\/p>\n<p><strong>Gibt es Sonderpreise f\u00fcr organisierte Gruppen?<\/strong><br \/>\nJa, wir machen Ihnen ein Angebot basierend auf Ihren Bed\u00fcrfnissen.<\/p>\n<p><strong>Bis wann muss ich buchen?<\/strong><br \/>\nSobald Sie die genauen Daten wissen, es gibt keine \u201eFristen\u201c f\u00fcr Buchungen. Wir sind ab Januar verf\u00fcgbar!<\/p>\n<p>Weitere Fragen? Kontaktieren Sie uns bitte!<\/p>\n<p>[\/vc_column_text][\/vc_column][\/vc_row]<\/p>\n<\/div>","protected":false},"excerpt":{"rendered":"<p>[vc_row full_width=&#8220;stretch_row_content_no_spaces&#8220; bg_type=&#8220;image&#8220; parallax_style=&#8220;vcpb-default&#8220; bg_image_new=&#8220;id^5878|url^https:\/\/www.hotelelba.it\/wp-content\/uploads\/2023\/09\/image00009-1-scaled.jpeg|caption^null|alt^null|title^image00009|description^null&#8220; bg_image_repeat=&#8220;no-repeat&#8220; bg_override=&#8220;full&#8220;][vc_column css_animation=&#8220;fadeIn&#8220; css=&#8220;.vc_custom_1656311697974{padding-top: 13% !important;padding-bottom: 11% !important;background-position: center !important;background-repeat: no-repeat !important;background-size: contain !important;}&#8220;][vc_empty_space height=&#8220;50px&#8220;][\/vc_column][\/vc_row][vc_row css=&#8220;.vc_custom_1669795357239{padding-top: 30px !important;padding-bottom: 30px !important;}&#8220;][vc_column offset=&#8220;vc_col-md-offset-3 vc_col-md-6&#8243;][vc_custom_heading text=&#8220;H\u00e4ufig gestellte Fragen&#8220; font_container=&#8220;tag:h2|font_size:58|text_align:center|line_height:1&#8243; google_fonts=&#8220;font_family:Alex%20Brush%3Aregular|font_style:400%20regular%3A400%3Anormal&#8220;][\/vc_column][\/vc_row][vc_row][vc_column][vc_empty_space][vc_column_text] Wie weit liegt die Struktur von der Altstadt entfernt? Der Strand von Marina di Campo liegt 300 Meter und die Altstadt 400 Meter&hellip;<\/p>\n","protected":false},"author":1,"featured_media":0,"parent":0,"menu_order":0,"comment_status":"closed","ping_status":"closed","template":"","meta":{"footnotes":""},"class_list":["post-3863","page","type-page","status-publish","hentry","description-off"],"yoast_head":"<!-- This site is optimized with the Yoast SEO plugin v25.3 - https:\/\/yoast.com\/wordpress\/plugins\/seo\/ -->\n<title>H\u00e4ufig gestellte Fragen - Hotel Elba e Residence dei Fiori<\/title>\n<meta name=\"robots\" content=\"index, follow, max-snippet:-1, max-image-preview:large, max-video-preview:-1\" \/>\n<link rel=\"canonical\" href=\"https:\/\/www.hotelelba.it\/de\/haeufig-gestellte-fragen\/\" \/>\n<meta property=\"og:locale\" content=\"de_DE\" \/>\n<meta property=\"og:type\" content=\"article\" \/>\n<meta property=\"og:title\" content=\"H\u00e4ufig gestellte Fragen - Hotel Elba e Residence dei Fiori\" \/>\n<meta property=\"og:description\" content=\"[vc_row full_width=&#8220;stretch_row_content_no_spaces&#8220; bg_type=&#8220;image&#8220; parallax_style=&#8220;vcpb-default&#8220; bg_image_new=&#8220;id^5878|url^https:\/\/www.hotelelba.it\/wp-content\/uploads\/2023\/09\/image00009-1-scaled.jpeg|caption^null|alt^null|title^image00009|description^null&#8220; bg_image_repeat=&#8220;no-repeat&#8220; bg_override=&#8220;full&#8220;][vc_column css_animation=&#8220;fadeIn&#8220; css=&#8220;.vc_custom_1656311697974{padding-top: 13% !important;padding-bottom: 11% !important;background-position: center !important;background-repeat: no-repeat !important;background-size: contain !important;}&#8220;][vc_empty_space height=&#8220;50px&#8220;][\/vc_column][\/vc_row][vc_row css=&#8220;.vc_custom_1669795357239{padding-top: 30px !important;padding-bottom: 30px !important;}&#8220;][vc_column offset=&#8220;vc_col-md-offset-3 vc_col-md-6&#8243;][vc_custom_heading text=&#8220;H\u00e4ufig gestellte Fragen&#8220; font_container=&#8220;tag:h2|font_size:58|text_align:center|line_height:1&#8243; google_fonts=&#8220;font_family:Alex%20Brush%3Aregular|font_style:400%20regular%3A400%3Anormal&#8220;][\/vc_column][\/vc_row][vc_row][vc_column][vc_empty_space][vc_column_text] Wie weit liegt die Struktur von der Altstadt entfernt? Der Strand von Marina di Campo liegt 300 Meter und die Altstadt 400 Meter&hellip;\" \/>\n<meta property=\"og:url\" content=\"https:\/\/www.hotelelba.it\/de\/haeufig-gestellte-fragen\/\" \/>\n<meta property=\"og:site_name\" content=\"Hotel Elba e Residence dei Fiori\" \/>\n<meta property=\"article:publisher\" content=\"https:\/\/www.facebook.com\/HotelElbaResidenceDeiFiori\" \/>\n<meta property=\"article:modified_time\" content=\"2025-01-17T15:24:46+00:00\" \/>\n<meta name=\"twitter:card\" content=\"summary_large_image\" \/>\n<meta name=\"twitter:site\" content=\"@ElbaFiori\" \/>\n<meta name=\"twitter:label1\" content=\"Gesch\u00e4tzte Lesezeit\" \/>\n\t<meta name=\"twitter:data1\" content=\"5\u00a0Minuten\" \/>\n<script type=\"application\/ld+json\" class=\"yoast-schema-graph\">{\"@context\":\"https:\/\/schema.org\",\"@graph\":[{\"@type\":\"WebPage\",\"@id\":\"https:\/\/www.hotelelba.it\/de\/haeufig-gestellte-fragen\/\",\"url\":\"https:\/\/www.hotelelba.it\/de\/haeufig-gestellte-fragen\/\",\"name\":\"H\u00e4ufig gestellte Fragen - Hotel Elba e Residence dei Fiori\",\"isPartOf\":{\"@id\":\"https:\/\/www.hotelelba.it\/#website\"},\"datePublished\":\"2022-06-27T07:29:18+00:00\",\"dateModified\":\"2025-01-17T15:24:46+00:00\",\"breadcrumb\":{\"@id\":\"https:\/\/www.hotelelba.it\/de\/haeufig-gestellte-fragen\/#breadcrumb\"},\"inLanguage\":\"de\",\"potentialAction\":[{\"@type\":\"ReadAction\",\"target\":[\"https:\/\/www.hotelelba.it\/de\/haeufig-gestellte-fragen\/\"]}]},{\"@type\":\"BreadcrumbList\",\"@id\":\"https:\/\/www.hotelelba.it\/de\/haeufig-gestellte-fragen\/#breadcrumb\",\"itemListElement\":[{\"@type\":\"ListItem\",\"position\":1,\"name\":\"Home\",\"item\":\"https:\/\/www.hotelelba.it\/de\/\"},{\"@type\":\"ListItem\",\"position\":2,\"name\":\"H\u00e4ufig gestellte Fragen\"}]},{\"@type\":\"WebSite\",\"@id\":\"https:\/\/www.hotelelba.it\/#website\",\"url\":\"https:\/\/www.hotelelba.it\/\",\"name\":\"Hotel Elba e Residence dei Fiori\",\"description\":\"Hotel e Residence a Marina di Campo all&#039;Isola d&#039;Elba\",\"publisher\":{\"@id\":\"https:\/\/www.hotelelba.it\/#organization\"},\"potentialAction\":[{\"@type\":\"SearchAction\",\"target\":{\"@type\":\"EntryPoint\",\"urlTemplate\":\"https:\/\/www.hotelelba.it\/?s={search_term_string}\"},\"query-input\":{\"@type\":\"PropertyValueSpecification\",\"valueRequired\":true,\"valueName\":\"search_term_string\"}}],\"inLanguage\":\"de\"},{\"@type\":\"Organization\",\"@id\":\"https:\/\/www.hotelelba.it\/#organization\",\"name\":\"Hotel Elba e Residence dei Fiori\",\"url\":\"https:\/\/www.hotelelba.it\/\",\"logo\":{\"@type\":\"ImageObject\",\"inLanguage\":\"de\",\"@id\":\"https:\/\/www.hotelelba.it\/#\/schema\/logo\/image\/\",\"url\":\"https:\/\/www.hotelelba.it\/wp-content\/uploads\/2022\/06\/Hotel_Elba_2x.png\",\"contentUrl\":\"https:\/\/www.hotelelba.it\/wp-content\/uploads\/2022\/06\/Hotel_Elba_2x.png\",\"width\":360,\"height\":204,\"caption\":\"Hotel Elba e Residence dei Fiori\"},\"image\":{\"@id\":\"https:\/\/www.hotelelba.it\/#\/schema\/logo\/image\/\"},\"sameAs\":[\"https:\/\/www.facebook.com\/HotelElbaResidenceDeiFiori\",\"https:\/\/x.com\/ElbaFiori\",\"https:\/\/www.instagram.com\/hotelelba.residencedeifiori\/\"]}]}<\/script>\n<!-- \/ Yoast SEO plugin. -->","yoast_head_json":{"title":"H\u00e4ufig gestellte Fragen - Hotel Elba e Residence dei Fiori","robots":{"index":"index","follow":"follow","max-snippet":"max-snippet:-1","max-image-preview":"max-image-preview:large","max-video-preview":"max-video-preview:-1"},"canonical":"https:\/\/www.hotelelba.it\/de\/haeufig-gestellte-fragen\/","og_locale":"de_DE","og_type":"article","og_title":"H\u00e4ufig gestellte Fragen - Hotel Elba e Residence dei Fiori","og_description":"[vc_row full_width=&#8220;stretch_row_content_no_spaces&#8220; bg_type=&#8220;image&#8220; parallax_style=&#8220;vcpb-default&#8220; bg_image_new=&#8220;id^5878|url^https:\/\/www.hotelelba.it\/wp-content\/uploads\/2023\/09\/image00009-1-scaled.jpeg|caption^null|alt^null|title^image00009|description^null&#8220; bg_image_repeat=&#8220;no-repeat&#8220; bg_override=&#8220;full&#8220;][vc_column css_animation=&#8220;fadeIn&#8220; css=&#8220;.vc_custom_1656311697974{padding-top: 13% !important;padding-bottom: 11% !important;background-position: center !important;background-repeat: no-repeat !important;background-size: contain !important;}&#8220;][vc_empty_space height=&#8220;50px&#8220;][\/vc_column][\/vc_row][vc_row css=&#8220;.vc_custom_1669795357239{padding-top: 30px !important;padding-bottom: 30px !important;}&#8220;][vc_column offset=&#8220;vc_col-md-offset-3 vc_col-md-6&#8243;][vc_custom_heading text=&#8220;H\u00e4ufig gestellte Fragen&#8220; font_container=&#8220;tag:h2|font_size:58|text_align:center|line_height:1&#8243; google_fonts=&#8220;font_family:Alex%20Brush%3Aregular|font_style:400%20regular%3A400%3Anormal&#8220;][\/vc_column][\/vc_row][vc_row][vc_column][vc_empty_space][vc_column_text] Wie weit liegt die Struktur von der Altstadt entfernt? Der Strand von Marina di Campo liegt 300 Meter und die Altstadt 400 Meter&hellip;","og_url":"https:\/\/www.hotelelba.it\/de\/haeufig-gestellte-fragen\/","og_site_name":"Hotel Elba e Residence dei Fiori","article_publisher":"https:\/\/www.facebook.com\/HotelElbaResidenceDeiFiori","article_modified_time":"2025-01-17T15:24:46+00:00","twitter_card":"summary_large_image","twitter_site":"@ElbaFiori","twitter_misc":{"Gesch\u00e4tzte Lesezeit":"5\u00a0Minuten"},"schema":{"@context":"https:\/\/schema.org","@graph":[{"@type":"WebPage","@id":"https:\/\/www.hotelelba.it\/de\/haeufig-gestellte-fragen\/","url":"https:\/\/www.hotelelba.it\/de\/haeufig-gestellte-fragen\/","name":"H\u00e4ufig gestellte Fragen - Hotel Elba e Residence dei Fiori","isPartOf":{"@id":"https:\/\/www.hotelelba.it\/#website"},"datePublished":"2022-06-27T07:29:18+00:00","dateModified":"2025-01-17T15:24:46+00:00","breadcrumb":{"@id":"https:\/\/www.hotelelba.it\/de\/haeufig-gestellte-fragen\/#breadcrumb"},"inLanguage":"de","potentialAction":[{"@type":"ReadAction","target":["https:\/\/www.hotelelba.it\/de\/haeufig-gestellte-fragen\/"]}]},{"@type":"BreadcrumbList","@id":"https:\/\/www.hotelelba.it\/de\/haeufig-gestellte-fragen\/#breadcrumb","itemListElement":[{"@type":"ListItem","position":1,"name":"Home","item":"https:\/\/www.hotelelba.it\/de\/"},{"@type":"ListItem","position":2,"name":"H\u00e4ufig gestellte Fragen"}]},{"@type":"WebSite","@id":"https:\/\/www.hotelelba.it\/#website","url":"https:\/\/www.hotelelba.it\/","name":"Hotel Elba e Residence dei Fiori","description":"Hotel e Residence a Marina di Campo all&#039;Isola d&#039;Elba","publisher":{"@id":"https:\/\/www.hotelelba.it\/#organization"},"potentialAction":[{"@type":"SearchAction","target":{"@type":"EntryPoint","urlTemplate":"https:\/\/www.hotelelba.it\/?s={search_term_string}"},"query-input":{"@type":"PropertyValueSpecification","valueRequired":true,"valueName":"search_term_string"}}],"inLanguage":"de"},{"@type":"Organization","@id":"https:\/\/www.hotelelba.it\/#organization","name":"Hotel Elba e Residence dei Fiori","url":"https:\/\/www.hotelelba.it\/","logo":{"@type":"ImageObject","inLanguage":"de","@id":"https:\/\/www.hotelelba.it\/#\/schema\/logo\/image\/","url":"https:\/\/www.hotelelba.it\/wp-content\/uploads\/2022\/06\/Hotel_Elba_2x.png","contentUrl":"https:\/\/www.hotelelba.it\/wp-content\/uploads\/2022\/06\/Hotel_Elba_2x.png","width":360,"height":204,"caption":"Hotel Elba e Residence dei Fiori"},"image":{"@id":"https:\/\/www.hotelelba.it\/#\/schema\/logo\/image\/"},"sameAs":["https:\/\/www.facebook.com\/HotelElbaResidenceDeiFiori","https:\/\/x.com\/ElbaFiori","https:\/\/www.instagram.com\/hotelelba.residencedeifiori\/"]}]}},"_links":{"self":[{"href":"https:\/\/www.hotelelba.it\/de\/wp-json\/wp\/v2\/pages\/3863"}],"collection":[{"href":"https:\/\/www.hotelelba.it\/de\/wp-json\/wp\/v2\/pages"}],"about":[{"href":"https:\/\/www.hotelelba.it\/de\/wp-json\/wp\/v2\/types\/page"}],"author":[{"embeddable":true,"href":"https:\/\/www.hotelelba.it\/de\/wp-json\/wp\/v2\/users\/1"}],"replies":[{"embeddable":true,"href":"https:\/\/www.hotelelba.it\/de\/wp-json\/wp\/v2\/comments?post=3863"}],"version-history":[{"count":5,"href":"https:\/\/www.hotelelba.it\/de\/wp-json\/wp\/v2\/pages\/3863\/revisions"}],"predecessor-version":[{"id":8135,"href":"https:\/\/www.hotelelba.it\/de\/wp-json\/wp\/v2\/pages\/3863\/revisions\/8135"}],"wp:attachment":[{"href":"https:\/\/www.hotelelba.it\/de\/wp-json\/wp\/v2\/media?parent=3863"}],"curies":[{"name":"wp","href":"https:\/\/api.w.org\/{rel}","templated":true}]}}