{"id":3848,"date":"2022-06-29T10:24:22","date_gmt":"2022-06-29T08:24:22","guid":{"rendered":"http:\/\/hotelelba.youelba.com\/condizioni-generali-residence\/"},"modified":"2024-01-23T11:24:54","modified_gmt":"2024-01-23T10:24:54","slug":"allgemeine-geschaeftsbedingungen-residence","status":"publish","type":"page","link":"https:\/\/www.hotelelba.it\/de\/allgemeine-geschaeftsbedingungen-residence\/","title":{"rendered":"Allgemeine Gesch\u00e4ftsbedingungen Residence"},"content":{"rendered":"<div class=\"wpb-content-wrapper\"><p>[vc_row full_width=&#8220;stretch_row_content_no_spaces&#8220; bg_type=&#8220;image&#8220; parallax_style=&#8220;vcpb-default&#8220; bg_image_new=&#8220;id^769|url^http:\/\/hotelelba.youelba.com\/wp-content\/uploads\/2016\/02\/DSC_0245-TESTATA-copia.jpg|caption^null|alt^null|title^null|description^null&#8220; bg_image_repeat=&#8220;no-repeat&#8220; bg_override=&#8220;full&#8220;][vc_column css_animation=&#8220;fadeIn&#8220; css=&#8220;.vc_custom_1656311697974{padding-top: 13% !important;padding-bottom: 11% !important;background-position: center !important;background-repeat: no-repeat !important;background-size: contain !important;}&#8220;][vc_empty_space height=&#8220;50px&#8220;][\/vc_column][\/vc_row][vc_row css=&#8220;.vc_custom_1669795972208{padding-top: 30px !important;padding-bottom: 30px !important;}&#8220;][vc_column offset=&#8220;vc_col-md-offset-3 vc_col-md-6&#8243;][vc_custom_heading text=&#8220;Allgemeine Gesch\u00e4ftsbedingungen&#8220; font_container=&#8220;tag:h2|font_size:58|text_align:center|line_height:1&#8243; google_fonts=&#8220;font_family:Alex%20Brush%3Aregular|font_style:400%20regular%3A400%3Anormal&#8220;][\/vc_column][\/vc_row][vc_row][vc_column][vc_row_inner][vc_column_inner][vc_column_text]<strong>Am Tag Ihrer Ankunft k\u00f6nnen Sie die Wohnungen ab 16.00 Uhr beziehen.<\/strong><\/p>\n<p>Wenn Sie fr\u00fcher ankommen und Sie den Tag voll nutzen wollen, begeben Sie sich zur Reception.<\/p>\n<p>Wenn der Gast vor Ihnen fr\u00fch abgefahren ist, ist die Wohnung allenfalls bereits bereit f\u00fcr Sie oder wir k\u00f6nnen Ihnen genau sagen, wann die Wohnung bereit sein wird. In der Zwischenzeit k\u00f6nnen Sie Ihr Fahrzeug parken, sich umziehen und sofort zum Strand gehen. Bei Ihrer R\u00fcckkehr zeigen wir Ihnen dann Ihre Wohnung.<\/p>\n<p>Unsere K\u00fcchen verf\u00fcgen \u00fcber alles, was Sie ben\u00f6tigen: Tischt\u00fccher und Lappen, Geschirr, Gl\u00e4ser, Pfannen, K\u00fchlschrank mit Eisfach, Putzset (Besen, Schaufel, Wischmopp, etc.), jedoch stellen wir Ihnen keine Putzmittel zur Verf\u00fcgung.<\/p>\n<p>Die Zimmer verf\u00fcgen \u00fcber Bettw\u00e4sche ohne Aufpreis mit neuer W\u00e4sche einmal pro Woche. Unsere B\u00e4der verf\u00fcgen \u00fcber Haartrockner und Badevorlage,<\/p>\n<p><strong>Handt\u00fccher gibt es hingegen auf Anfrage.<\/strong><\/p>\n<p>Badetusch, Gesichtstuch, Bidettuch \u20ac 5.00<br \/>\nBademantel, Gesicht, Bidet \u20ac 8.00<br \/>\nOder nur Bademantel \u20ac 6.00<\/p>\n<p>Des Weiteren stellen wir Ihnen auf Anfrage Kinderbetten \u2013 Wiegen f\u00fcr die Kleinen oder praktische Gitter f\u00fcr Einzelbetten zur Verf\u00fcgung. Wir bitten Sie, uns bei Ihrer Buchung anzugeben, wie Sie die Betten haben wollen oder uns spezielle W\u00fcnsche mitzuteilen.<\/p>\n<p>In die Wohnungen k\u00f6nnen keine weiteren Betten gestellt werden, die angegebene Anzahl Personen ist die H\u00f6chstanzahl, die in der Wohnung \u00fcbernachten kann (Kinder und Erwachsene).<\/p>\n<p>An Ihrem Ankunftstag finden Sie ein kleines Willkommensset mit Shampoo, Badeschaum und Toilettenpapier. Uns ist es wichtig, dass bei Ihrer Ankunft alles bereit ist, damit Sie Ihren Urlaub ideal beginnen k\u00f6nnen und Sie sich sofort zuhause f\u00fchlen!<\/p>\n<p>Zudem k\u00f6nnen Sie die kostenpflichtige Waschmaschine mit einer Geb\u00fchr von \u20ac 5,00 pro Waschgang benutzen.<\/p>\n<p><span style=\"color: #4b4b4b;\"><strong>Wir bitten Sie, die Endreinigung und die Ankunft neuer G\u00e4ste zu erleichtern, indem Sie die Wohnungen bis 10.00 Uhr frei geben.<\/strong><em>\u00a0<\/em><\/span><\/p>\n<p>&nbsp;<\/p>\n<p><span style=\"color: #4b4b4b;\"><em>Sollten Sie die F\u00e4hre f\u00fcr den Nachmittag gebucht haben, machen Sie sich keine Sorgen!<\/em><\/span><\/p>\n<ul>\n<li>Sie k\u00f6nnen das Fahrzeug auf dem Parkplatz lassen und den Pool nutzen oder zum Strand gehen, um ein letztes Bad zu nehmen.<\/li>\n<li>Im Poolbereich steht Ihnen eine Au\u00dfendusche zur Verf\u00fcgung mit warmen Wasser und ein Bad\/eine Umkleidekabine mit Haartrockner, wenn Sie sich vor der Reise noch erfrischen m\u00f6chten.<\/li>\n<li>Unsere Bar- und Restaurantdienstleistungen stehen Ihnen jederzeit zur Verf\u00fcgung.<\/li>\n<li>Wenn Sie Ihr Gep\u00e4ck nicht im Auto lassen m\u00f6chten, k\u00f6nnen Sie es bis zur Abreise beim Concierge verwahren.<\/li>\n<li><\/li>\n<\/ul>\n<p><strong>Ausserhalb der Hochsaison steht Ihnen allenfalls nicht unser gesamtes Dienstleistungsangebot zur Verf\u00fcgung. Um unliebsame Missverst\u00e4ndnisse zu vermeiden, fragen Sie bei Ihrer Buchung bitte nach.<\/strong>[\/vc_column_text][\/vc_column_inner][\/vc_row_inner][vc_empty_space height=&#8220;25px&#8220;][\/vc_column][\/vc_row]<\/p>\n<\/div>","protected":false},"excerpt":{"rendered":"<p>[vc_row full_width=&#8220;stretch_row_content_no_spaces&#8220; bg_type=&#8220;image&#8220; parallax_style=&#8220;vcpb-default&#8220; bg_image_new=&#8220;id^769|url^http:\/\/hotelelba.youelba.com\/wp-content\/uploads\/2016\/02\/DSC_0245-TESTATA-copia.jpg|caption^null|alt^null|title^null|description^null&#8220; bg_image_repeat=&#8220;no-repeat&#8220; bg_override=&#8220;full&#8220;][vc_column css_animation=&#8220;fadeIn&#8220; css=&#8220;.vc_custom_1656311697974{padding-top: 13% !important;padding-bottom: 11% !important;background-position: center !important;background-repeat: no-repeat !important;background-size: contain !important;}&#8220;][vc_empty_space height=&#8220;50px&#8220;][\/vc_column][\/vc_row][vc_row css=&#8220;.vc_custom_1669795972208{padding-top: 30px !important;padding-bottom: 30px !important;}&#8220;][vc_column offset=&#8220;vc_col-md-offset-3 vc_col-md-6&#8243;][vc_custom_heading text=&#8220;Allgemeine Gesch\u00e4ftsbedingungen&#8220; font_container=&#8220;tag:h2|font_size:58|text_align:center|line_height:1&#8243; google_fonts=&#8220;font_family:Alex%20Brush%3Aregular|font_style:400%20regular%3A400%3Anormal&#8220;][\/vc_column][\/vc_row][vc_row][vc_column][vc_row_inner][vc_column_inner][vc_column_text]Am Tag Ihrer Ankunft k\u00f6nnen Sie die Wohnungen ab 16.00 Uhr beziehen. Wenn Sie fr\u00fcher ankommen und Sie den Tag voll nutzen wollen, begeben Sie&hellip;<\/p>\n","protected":false},"author":1,"featured_media":0,"parent":0,"menu_order":0,"comment_status":"closed","ping_status":"closed","template":"","meta":{"footnotes":""},"class_list":["post-3848","page","type-page","status-publish","hentry","description-off"],"yoast_head":"<!-- This site is optimized with the Yoast SEO plugin v25.3 - https:\/\/yoast.com\/wordpress\/plugins\/seo\/ -->\n<title>Allgemeine Gesch\u00e4ftsbedingungen Residence - Hotel Elba e Residence dei Fiori<\/title>\n<meta name=\"robots\" content=\"index, follow, max-snippet:-1, max-image-preview:large, max-video-preview:-1\" \/>\n<link rel=\"canonical\" href=\"https:\/\/www.hotelelba.it\/de\/allgemeine-geschaeftsbedingungen-residence\/\" \/>\n<meta property=\"og:locale\" content=\"de_DE\" \/>\n<meta property=\"og:type\" content=\"article\" \/>\n<meta property=\"og:title\" content=\"Allgemeine Gesch\u00e4ftsbedingungen Residence - Hotel Elba e Residence dei Fiori\" \/>\n<meta property=\"og:description\" content=\"[vc_row full_width=&#8220;stretch_row_content_no_spaces&#8220; bg_type=&#8220;image&#8220; parallax_style=&#8220;vcpb-default&#8220; bg_image_new=&#8220;id^769|url^http:\/\/hotelelba.youelba.com\/wp-content\/uploads\/2016\/02\/DSC_0245-TESTATA-copia.jpg|caption^null|alt^null|title^null|description^null&#8220; bg_image_repeat=&#8220;no-repeat&#8220; bg_override=&#8220;full&#8220;][vc_column css_animation=&#8220;fadeIn&#8220; css=&#8220;.vc_custom_1656311697974{padding-top: 13% !important;padding-bottom: 11% !important;background-position: center !important;background-repeat: no-repeat !important;background-size: contain !important;}&#8220;][vc_empty_space height=&#8220;50px&#8220;][\/vc_column][\/vc_row][vc_row css=&#8220;.vc_custom_1669795972208{padding-top: 30px !important;padding-bottom: 30px !important;}&#8220;][vc_column offset=&#8220;vc_col-md-offset-3 vc_col-md-6&#8243;][vc_custom_heading text=&#8220;Allgemeine Gesch\u00e4ftsbedingungen&#8220; font_container=&#8220;tag:h2|font_size:58|text_align:center|line_height:1&#8243; google_fonts=&#8220;font_family:Alex%20Brush%3Aregular|font_style:400%20regular%3A400%3Anormal&#8220;][\/vc_column][\/vc_row][vc_row][vc_column][vc_row_inner][vc_column_inner][vc_column_text]Am Tag Ihrer Ankunft k\u00f6nnen Sie die Wohnungen ab 16.00 Uhr beziehen. Wenn Sie fr\u00fcher ankommen und Sie den Tag voll nutzen wollen, begeben Sie&hellip;\" \/>\n<meta property=\"og:url\" content=\"https:\/\/www.hotelelba.it\/de\/allgemeine-geschaeftsbedingungen-residence\/\" \/>\n<meta property=\"og:site_name\" content=\"Hotel Elba e Residence dei Fiori\" \/>\n<meta property=\"article:publisher\" content=\"https:\/\/www.facebook.com\/HotelElbaResidenceDeiFiori\" \/>\n<meta property=\"article:modified_time\" content=\"2024-01-23T10:24:54+00:00\" \/>\n<meta name=\"twitter:card\" content=\"summary_large_image\" \/>\n<meta name=\"twitter:site\" content=\"@ElbaFiori\" \/>\n<meta name=\"twitter:label1\" content=\"Gesch\u00e4tzte Lesezeit\" \/>\n\t<meta name=\"twitter:data1\" content=\"3\u00a0Minuten\" \/>\n<script type=\"application\/ld+json\" class=\"yoast-schema-graph\">{\"@context\":\"https:\/\/schema.org\",\"@graph\":[{\"@type\":\"WebPage\",\"@id\":\"https:\/\/www.hotelelba.it\/de\/allgemeine-geschaeftsbedingungen-residence\/\",\"url\":\"https:\/\/www.hotelelba.it\/de\/allgemeine-geschaeftsbedingungen-residence\/\",\"name\":\"Allgemeine Gesch\u00e4ftsbedingungen Residence - Hotel Elba e Residence dei Fiori\",\"isPartOf\":{\"@id\":\"https:\/\/www.hotelelba.it\/#website\"},\"datePublished\":\"2022-06-29T08:24:22+00:00\",\"dateModified\":\"2024-01-23T10:24:54+00:00\",\"breadcrumb\":{\"@id\":\"https:\/\/www.hotelelba.it\/de\/allgemeine-geschaeftsbedingungen-residence\/#breadcrumb\"},\"inLanguage\":\"de\",\"potentialAction\":[{\"@type\":\"ReadAction\",\"target\":[\"https:\/\/www.hotelelba.it\/de\/allgemeine-geschaeftsbedingungen-residence\/\"]}]},{\"@type\":\"BreadcrumbList\",\"@id\":\"https:\/\/www.hotelelba.it\/de\/allgemeine-geschaeftsbedingungen-residence\/#breadcrumb\",\"itemListElement\":[{\"@type\":\"ListItem\",\"position\":1,\"name\":\"Home\",\"item\":\"https:\/\/www.hotelelba.it\/de\/\"},{\"@type\":\"ListItem\",\"position\":2,\"name\":\"Allgemeine Gesch\u00e4ftsbedingungen Residence\"}]},{\"@type\":\"WebSite\",\"@id\":\"https:\/\/www.hotelelba.it\/#website\",\"url\":\"https:\/\/www.hotelelba.it\/\",\"name\":\"Hotel Elba e Residence dei Fiori\",\"description\":\"Hotel e Residence a Marina di Campo all&#039;Isola d&#039;Elba\",\"publisher\":{\"@id\":\"https:\/\/www.hotelelba.it\/#organization\"},\"potentialAction\":[{\"@type\":\"SearchAction\",\"target\":{\"@type\":\"EntryPoint\",\"urlTemplate\":\"https:\/\/www.hotelelba.it\/?s={search_term_string}\"},\"query-input\":{\"@type\":\"PropertyValueSpecification\",\"valueRequired\":true,\"valueName\":\"search_term_string\"}}],\"inLanguage\":\"de\"},{\"@type\":\"Organization\",\"@id\":\"https:\/\/www.hotelelba.it\/#organization\",\"name\":\"Hotel Elba e Residence dei Fiori\",\"url\":\"https:\/\/www.hotelelba.it\/\",\"logo\":{\"@type\":\"ImageObject\",\"inLanguage\":\"de\",\"@id\":\"https:\/\/www.hotelelba.it\/#\/schema\/logo\/image\/\",\"url\":\"https:\/\/www.hotelelba.it\/wp-content\/uploads\/2022\/06\/Hotel_Elba_2x.png\",\"contentUrl\":\"https:\/\/www.hotelelba.it\/wp-content\/uploads\/2022\/06\/Hotel_Elba_2x.png\",\"width\":360,\"height\":204,\"caption\":\"Hotel Elba e Residence dei Fiori\"},\"image\":{\"@id\":\"https:\/\/www.hotelelba.it\/#\/schema\/logo\/image\/\"},\"sameAs\":[\"https:\/\/www.facebook.com\/HotelElbaResidenceDeiFiori\",\"https:\/\/x.com\/ElbaFiori\",\"https:\/\/www.instagram.com\/hotelelba.residencedeifiori\/\"]}]}<\/script>\n<!-- \/ Yoast SEO plugin. -->","yoast_head_json":{"title":"Allgemeine Gesch\u00e4ftsbedingungen Residence - Hotel Elba e Residence dei Fiori","robots":{"index":"index","follow":"follow","max-snippet":"max-snippet:-1","max-image-preview":"max-image-preview:large","max-video-preview":"max-video-preview:-1"},"canonical":"https:\/\/www.hotelelba.it\/de\/allgemeine-geschaeftsbedingungen-residence\/","og_locale":"de_DE","og_type":"article","og_title":"Allgemeine Gesch\u00e4ftsbedingungen Residence - Hotel Elba e Residence dei Fiori","og_description":"[vc_row full_width=&#8220;stretch_row_content_no_spaces&#8220; bg_type=&#8220;image&#8220; parallax_style=&#8220;vcpb-default&#8220; bg_image_new=&#8220;id^769|url^http:\/\/hotelelba.youelba.com\/wp-content\/uploads\/2016\/02\/DSC_0245-TESTATA-copia.jpg|caption^null|alt^null|title^null|description^null&#8220; bg_image_repeat=&#8220;no-repeat&#8220; bg_override=&#8220;full&#8220;][vc_column css_animation=&#8220;fadeIn&#8220; css=&#8220;.vc_custom_1656311697974{padding-top: 13% !important;padding-bottom: 11% !important;background-position: center !important;background-repeat: no-repeat !important;background-size: contain !important;}&#8220;][vc_empty_space height=&#8220;50px&#8220;][\/vc_column][\/vc_row][vc_row css=&#8220;.vc_custom_1669795972208{padding-top: 30px !important;padding-bottom: 30px !important;}&#8220;][vc_column offset=&#8220;vc_col-md-offset-3 vc_col-md-6&#8243;][vc_custom_heading text=&#8220;Allgemeine Gesch\u00e4ftsbedingungen&#8220; font_container=&#8220;tag:h2|font_size:58|text_align:center|line_height:1&#8243; google_fonts=&#8220;font_family:Alex%20Brush%3Aregular|font_style:400%20regular%3A400%3Anormal&#8220;][\/vc_column][\/vc_row][vc_row][vc_column][vc_row_inner][vc_column_inner][vc_column_text]Am Tag Ihrer Ankunft k\u00f6nnen Sie die Wohnungen ab 16.00 Uhr beziehen. Wenn Sie fr\u00fcher ankommen und Sie den Tag voll nutzen wollen, begeben Sie&hellip;","og_url":"https:\/\/www.hotelelba.it\/de\/allgemeine-geschaeftsbedingungen-residence\/","og_site_name":"Hotel Elba e Residence dei Fiori","article_publisher":"https:\/\/www.facebook.com\/HotelElbaResidenceDeiFiori","article_modified_time":"2024-01-23T10:24:54+00:00","twitter_card":"summary_large_image","twitter_site":"@ElbaFiori","twitter_misc":{"Gesch\u00e4tzte Lesezeit":"3\u00a0Minuten"},"schema":{"@context":"https:\/\/schema.org","@graph":[{"@type":"WebPage","@id":"https:\/\/www.hotelelba.it\/de\/allgemeine-geschaeftsbedingungen-residence\/","url":"https:\/\/www.hotelelba.it\/de\/allgemeine-geschaeftsbedingungen-residence\/","name":"Allgemeine Gesch\u00e4ftsbedingungen Residence - Hotel Elba e Residence dei Fiori","isPartOf":{"@id":"https:\/\/www.hotelelba.it\/#website"},"datePublished":"2022-06-29T08:24:22+00:00","dateModified":"2024-01-23T10:24:54+00:00","breadcrumb":{"@id":"https:\/\/www.hotelelba.it\/de\/allgemeine-geschaeftsbedingungen-residence\/#breadcrumb"},"inLanguage":"de","potentialAction":[{"@type":"ReadAction","target":["https:\/\/www.hotelelba.it\/de\/allgemeine-geschaeftsbedingungen-residence\/"]}]},{"@type":"BreadcrumbList","@id":"https:\/\/www.hotelelba.it\/de\/allgemeine-geschaeftsbedingungen-residence\/#breadcrumb","itemListElement":[{"@type":"ListItem","position":1,"name":"Home","item":"https:\/\/www.hotelelba.it\/de\/"},{"@type":"ListItem","position":2,"name":"Allgemeine Gesch\u00e4ftsbedingungen Residence"}]},{"@type":"WebSite","@id":"https:\/\/www.hotelelba.it\/#website","url":"https:\/\/www.hotelelba.it\/","name":"Hotel Elba e Residence dei Fiori","description":"Hotel e Residence a Marina di Campo all&#039;Isola d&#039;Elba","publisher":{"@id":"https:\/\/www.hotelelba.it\/#organization"},"potentialAction":[{"@type":"SearchAction","target":{"@type":"EntryPoint","urlTemplate":"https:\/\/www.hotelelba.it\/?s={search_term_string}"},"query-input":{"@type":"PropertyValueSpecification","valueRequired":true,"valueName":"search_term_string"}}],"inLanguage":"de"},{"@type":"Organization","@id":"https:\/\/www.hotelelba.it\/#organization","name":"Hotel Elba e Residence dei Fiori","url":"https:\/\/www.hotelelba.it\/","logo":{"@type":"ImageObject","inLanguage":"de","@id":"https:\/\/www.hotelelba.it\/#\/schema\/logo\/image\/","url":"https:\/\/www.hotelelba.it\/wp-content\/uploads\/2022\/06\/Hotel_Elba_2x.png","contentUrl":"https:\/\/www.hotelelba.it\/wp-content\/uploads\/2022\/06\/Hotel_Elba_2x.png","width":360,"height":204,"caption":"Hotel Elba e Residence dei Fiori"},"image":{"@id":"https:\/\/www.hotelelba.it\/#\/schema\/logo\/image\/"},"sameAs":["https:\/\/www.facebook.com\/HotelElbaResidenceDeiFiori","https:\/\/x.com\/ElbaFiori","https:\/\/www.instagram.com\/hotelelba.residencedeifiori\/"]}]}},"_links":{"self":[{"href":"https:\/\/www.hotelelba.it\/de\/wp-json\/wp\/v2\/pages\/3848"}],"collection":[{"href":"https:\/\/www.hotelelba.it\/de\/wp-json\/wp\/v2\/pages"}],"about":[{"href":"https:\/\/www.hotelelba.it\/de\/wp-json\/wp\/v2\/types\/page"}],"author":[{"embeddable":true,"href":"https:\/\/www.hotelelba.it\/de\/wp-json\/wp\/v2\/users\/1"}],"replies":[{"embeddable":true,"href":"https:\/\/www.hotelelba.it\/de\/wp-json\/wp\/v2\/comments?post=3848"}],"version-history":[{"count":5,"href":"https:\/\/www.hotelelba.it\/de\/wp-json\/wp\/v2\/pages\/3848\/revisions"}],"predecessor-version":[{"id":6855,"href":"https:\/\/www.hotelelba.it\/de\/wp-json\/wp\/v2\/pages\/3848\/revisions\/6855"}],"wp:attachment":[{"href":"https:\/\/www.hotelelba.it\/de\/wp-json\/wp\/v2\/media?parent=3848"}],"curies":[{"name":"wp","href":"https:\/\/api.w.org\/{rel}","templated":true}]}}