{"id":3845,"date":"2022-06-29T08:50:17","date_gmt":"2022-06-29T06:50:17","guid":{"rendered":"http:\/\/hotelelba.youelba.com\/condizioni-generali-hotel\/"},"modified":"2024-06-13T21:53:12","modified_gmt":"2024-06-13T19:53:12","slug":"allgemeine-geschaeftsbedingungen-hotel","status":"publish","type":"page","link":"https:\/\/www.hotelelba.it\/de\/allgemeine-geschaeftsbedingungen-hotel\/","title":{"rendered":"Allgemeine Gesch\u00e4ftsbedingungen Hotel Elba"},"content":{"rendered":"<div class=\"wpb-content-wrapper\"><p>[vc_row full_width=&#8220;stretch_row_content_no_spaces&#8220; bg_type=&#8220;image&#8220; parallax_style=&#8220;vcpb-default&#8220; bg_image_new=&#8220;id^769|url^http:\/\/hotelelba.youelba.com\/wp-content\/uploads\/2016\/02\/DSC_0245-TESTATA-copia.jpg|caption^null|alt^null|title^null|description^null&#8220; bg_image_repeat=&#8220;no-repeat&#8220; bg_override=&#8220;full&#8220;][vc_column css_animation=&#8220;fadeIn&#8220; css=&#8220;.vc_custom_1656311697974{padding-top: 13% !important;padding-bottom: 11% !important;background-position: center !important;background-repeat: no-repeat !important;background-size: contain !important;}&#8220;][vc_empty_space][\/vc_column][\/vc_row][vc_row css=&#8220;.vc_custom_1669795666104{padding-top: 30px !important;padding-bottom: 30px !important;}&#8220;][vc_column offset=&#8220;vc_col-md-offset-3 vc_col-md-6&#8243;][vc_custom_heading text=&#8220;Allgemeine Gesch\u00e4ftsbedingungen Hotel Elba&#8220; font_container=&#8220;tag:h2|font_size:58|text_align:center|line_height:1&#8243; google_fonts=&#8220;font_family:Alex%20Brush%3Aregular|font_style:400%20regular%3A400%3Anormal&#8220; css=&#8220;&#8220;][\/vc_column][\/vc_row][vc_row][vc_column][vc_row_inner][vc_column_inner][vc_column_text]<\/p>\n<p style=\"text-align: center;\"><b><span style=\"color: #4b4b4b;\">CHECK-IN<\/span><\/b><\/p>\n<div id=\"KnM9nf\"><\/div>\n<div class=\"QmZWSe\">\n<div class=\"DHcWmd\"><\/div>\n<\/div>\n<div class=\"oSioSc\">\n<div id=\"tw-target\">\n<div id=\"kAz1tf\" class=\"g9WsWb\">\n<div id=\"tw-target-text-container\" class=\"tw-ta-container F0azHf tw-nfl\" tabindex=\"0\">\n<p id=\"tw-target-text\" class=\"tw-data-text tw-text-large tw-ta\" dir=\"ltr\" data-placeholder=\"Traduzione\" data-ved=\"2ahUKEwjImtGSqISCAxXOQ_EDHdc6AmEQ3ewLegQIBxAQ\"><span class=\"Y2IQFc\" lang=\"de\"><strong>Der Check-in am Anreisetag erfolgt ab 14.00<\/strong> Uhr. Wenn Sie fr\u00fcher anreisen, um den Tag optimal zu nutzen, finden sie uns auch vorher an der Rezeption.<\/span><\/p>\n<p class=\"tw-data-text tw-text-large tw-ta\" dir=\"ltr\" data-placeholder=\"Traduzione\" data-ved=\"2ahUKEwjImtGSqISCAxXOQ_EDHdc6AmEQ3ewLegQIBxAQ\"><span class=\"Y2IQFc\" lang=\"de\">Sie k\u00f6nnen Ihr Auto parken, sich umziehen und direkt zum Strand gehen. <\/span><span class=\"Y2IQFc\" lang=\"de\">Bei Ihrer R\u00fcckkehr bringen wir Sie dann zu Ihrem Zimmer.<\/span><\/p>\n<p class=\"tw-data-text tw-text-large tw-ta\" dir=\"ltr\" data-placeholder=\"Traduzione\" data-ved=\"2ahUKEwjImtGSqISCAxXOQ_EDHdc6AmEQ3ewLegQIBxAQ\"><span class=\"Y2IQFc\" lang=\"de\">Die Halbpension beginnt am Anreisetag mit dem Abendessen und endet am Abreisetag mit dem Fr\u00fchst\u00fcck, Wir erinnern Sie daran, dass Getr\u00e4nke zu den Mahlzeiten von den angegebenen Preisen ausgeschlossen sind. Unser Restaurant ist zum Mittagessen geschlossen. Nicht eingenommene Mahlzeiten wie Fr\u00fchst\u00fcck oder Abendessen werden nicht erstattet.<\/span><\/p>\n<p class=\"tw-data-text tw-text-large tw-ta\" dir=\"ltr\" data-placeholder=\"Traduzione\" data-ved=\"2ahUKEwjImtGSqISCAxXOQ_EDHdc6AmEQ3ewLegQIBxAQ\"><span class=\"Y2IQFc\" lang=\"de\">Auf Wunsch haben wir Kinderbetten f\u00fcr die Kleinsten oder praktische Seitengitter zur Befestigung an Einzelbetten. <\/span><\/p>\n<p class=\"tw-data-text tw-text-large tw-ta\" dir=\"ltr\" data-placeholder=\"Traduzione\" data-ved=\"2ahUKEwjImtGSqISCAxXOQ_EDHdc6AmEQ3ewLegQIBxAQ\"><span class=\"Y2IQFc\" lang=\"de\">Bitte teilen Sie uns bei der Buchung Ihren Bedarf mit und teilen Sie uns mit, wie Sie die Anordnung der Betten bevorzugen. <\/span><\/p>\n<p class=\"tw-data-text tw-text-large tw-ta\" dir=\"ltr\" data-placeholder=\"Traduzione\" data-ved=\"2ahUKEwjImtGSqISCAxXOQ_EDHdc6AmEQ3ewLegQIBxAQ\"><span class=\"Y2IQFc\" lang=\"de\">Wir m\u00f6chten, dass bei Ihrer Ankunft alles bereit ist, damit Sie Ihren Urlaub optimal beginnen und sich sofort wie zu Hause f\u00fchlen k\u00f6nnen!<\/span><\/p>\n<\/div>\n<\/div>\n<\/div>\n<\/div>\n<p>&nbsp;<\/p>\n<p style=\"text-align: center;\"><b><span style=\"color: #4b4b4b;\">CHECK-OUT<\/span><\/b><\/p>\n<p>&nbsp;<\/p>\n<p id=\"tw-target-text\" class=\"tw-data-text tw-text-large tw-ta\" dir=\"ltr\" data-placeholder=\"Traduzione\" data-ved=\"2ahUKEwjImtGSqISCAxXOQ_EDHdc6AmEQ3ewLegQIBxAQ\"><span class=\"Y2IQFc\" lang=\"de\"><strong>Am Abreisetag muss der Check-out bis 10.00<\/strong> Uhr erfolgen. Wenn Sie am Nachmittag eine F\u00e4hrreservierung haben, machen Sie sich keine Sorgen, Ihr Urlaub endet hier noch nicht! <\/span><\/p>\n<p class=\"tw-data-text tw-text-large tw-ta\" dir=\"ltr\" data-placeholder=\"Traduzione\" data-ved=\"2ahUKEwjImtGSqISCAxXOQ_EDHdc6AmEQ3ewLegQIBxAQ\"><span class=\"Y2IQFc\" lang=\"de\">Sie k\u00f6nnen Ihr Auto auf dem Parkplatz stehen lassen und das Schwimmbad nutzen oder an den Strand gehen, um Ihr letztes Bad zu genie\u00dfen.<\/span><\/p>\n<p class=\"tw-data-text tw-text-large tw-ta\" dir=\"ltr\" data-placeholder=\"Traduzione\" data-ved=\"2ahUKEwjImtGSqISCAxXOQ_EDHdc6AmEQ3ewLegQIBxAQ\"><span class=\"Y2IQFc\" lang=\"de\">Im Poolbereich stehen Ihnen eine hei\u00dfe Au\u00dfendusche und ein Badezimmer\/Umkleideraum mit Haartrockner zur Verf\u00fcgung, wenn Sie sich vor Ihrer Reise frisch machen m\u00f6chten. <\/span><\/p>\n<p class=\"tw-data-text tw-text-large tw-ta\" dir=\"ltr\" data-placeholder=\"Traduzione\" data-ved=\"2ahUKEwjImtGSqISCAxXOQ_EDHdc6AmEQ3ewLegQIBxAQ\"><span class=\"Y2IQFc\" lang=\"de\">Unser Bar- und Restaurantservice steht Ihnen jederzeit zur Verf\u00fcgung. <\/span><\/p>\n<p class=\"tw-data-text tw-text-large tw-ta\" dir=\"ltr\" data-placeholder=\"Traduzione\" data-ved=\"2ahUKEwjImtGSqISCAxXOQ_EDHdc6AmEQ3ewLegQIBxAQ\"><span class=\"Y2IQFc\" lang=\"de\">Wenn Sie Ihr Gep\u00e4ck lieber nicht im Auto lassen m\u00f6chten, k\u00f6nnen Sie es bis zur Abreise beim Concierge abstellen.<\/span><\/p>\n<p>[\/vc_column_text][\/vc_column_inner][\/vc_row_inner][vc_empty_space height=&#8220;25px&#8220;][vc_empty_space height=&#8220;25px&#8220;][\/vc_column][\/vc_row][vc_row][vc_column][vc_column_text]<\/p>\n<p>[\/vc_column_text][\/vc_column][\/vc_row]<\/p>\n<\/div>","protected":false},"excerpt":{"rendered":"<p>[vc_row full_width=&#8220;stretch_row_content_no_spaces&#8220; bg_type=&#8220;image&#8220; parallax_style=&#8220;vcpb-default&#8220; bg_image_new=&#8220;id^769|url^http:\/\/hotelelba.youelba.com\/wp-content\/uploads\/2016\/02\/DSC_0245-TESTATA-copia.jpg|caption^null|alt^null|title^null|description^null&#8220; bg_image_repeat=&#8220;no-repeat&#8220; bg_override=&#8220;full&#8220;][vc_column css_animation=&#8220;fadeIn&#8220; css=&#8220;.vc_custom_1656311697974{padding-top: 13% !important;padding-bottom: 11% !important;background-position: center !important;background-repeat: no-repeat !important;background-size: contain !important;}&#8220;][vc_empty_space][\/vc_column][\/vc_row][vc_row css=&#8220;.vc_custom_1669795666104{padding-top: 30px !important;padding-bottom: 30px !important;}&#8220;][vc_column offset=&#8220;vc_col-md-offset-3 vc_col-md-6&#8243;][vc_custom_heading text=&#8220;Allgemeine Gesch\u00e4ftsbedingungen Hotel Elba&#8220; font_container=&#8220;tag:h2|font_size:58|text_align:center|line_height:1&#8243; google_fonts=&#8220;font_family:Alex%20Brush%3Aregular|font_style:400%20regular%3A400%3Anormal&#8220; css=&#8220;&#8220;][\/vc_column][\/vc_row][vc_row][vc_column][vc_row_inner][vc_column_inner][vc_column_text] CHECK-IN Der Check-in am Anreisetag erfolgt ab 14.00 Uhr. Wenn Sie fr\u00fcher anreisen, um den Tag optimal zu nutzen, finden sie uns&hellip;<\/p>\n","protected":false},"author":1,"featured_media":0,"parent":0,"menu_order":0,"comment_status":"closed","ping_status":"closed","template":"","meta":{"footnotes":""},"class_list":["post-3845","page","type-page","status-publish","hentry","description-off"],"yoast_head":"<!-- This site is optimized with the Yoast SEO plugin v25.3 - https:\/\/yoast.com\/wordpress\/plugins\/seo\/ -->\n<title>Allgemeine Gesch\u00e4ftsbedingungen Hotel Elba - Hotel Elba e Residence dei Fiori<\/title>\n<meta name=\"robots\" content=\"index, follow, max-snippet:-1, max-image-preview:large, max-video-preview:-1\" \/>\n<link rel=\"canonical\" href=\"https:\/\/www.hotelelba.it\/de\/allgemeine-geschaeftsbedingungen-hotel\/\" \/>\n<meta property=\"og:locale\" content=\"de_DE\" \/>\n<meta property=\"og:type\" content=\"article\" \/>\n<meta property=\"og:title\" content=\"Allgemeine Gesch\u00e4ftsbedingungen Hotel Elba - Hotel Elba e Residence dei Fiori\" \/>\n<meta property=\"og:description\" content=\"[vc_row full_width=&#8220;stretch_row_content_no_spaces&#8220; bg_type=&#8220;image&#8220; parallax_style=&#8220;vcpb-default&#8220; bg_image_new=&#8220;id^769|url^http:\/\/hotelelba.youelba.com\/wp-content\/uploads\/2016\/02\/DSC_0245-TESTATA-copia.jpg|caption^null|alt^null|title^null|description^null&#8220; bg_image_repeat=&#8220;no-repeat&#8220; bg_override=&#8220;full&#8220;][vc_column css_animation=&#8220;fadeIn&#8220; css=&#8220;.vc_custom_1656311697974{padding-top: 13% !important;padding-bottom: 11% !important;background-position: center !important;background-repeat: no-repeat !important;background-size: contain !important;}&#8220;][vc_empty_space][\/vc_column][\/vc_row][vc_row css=&#8220;.vc_custom_1669795666104{padding-top: 30px !important;padding-bottom: 30px !important;}&#8220;][vc_column offset=&#8220;vc_col-md-offset-3 vc_col-md-6&#8243;][vc_custom_heading text=&#8220;Allgemeine Gesch\u00e4ftsbedingungen Hotel Elba&#8220; font_container=&#8220;tag:h2|font_size:58|text_align:center|line_height:1&#8243; google_fonts=&#8220;font_family:Alex%20Brush%3Aregular|font_style:400%20regular%3A400%3Anormal&#8220; css=&#8220;&#8220;][\/vc_column][\/vc_row][vc_row][vc_column][vc_row_inner][vc_column_inner][vc_column_text] CHECK-IN Der Check-in am Anreisetag erfolgt ab 14.00 Uhr. Wenn Sie fr\u00fcher anreisen, um den Tag optimal zu nutzen, finden sie uns&hellip;\" \/>\n<meta property=\"og:url\" content=\"https:\/\/www.hotelelba.it\/de\/allgemeine-geschaeftsbedingungen-hotel\/\" \/>\n<meta property=\"og:site_name\" content=\"Hotel Elba e Residence dei Fiori\" \/>\n<meta property=\"article:publisher\" content=\"https:\/\/www.facebook.com\/HotelElbaResidenceDeiFiori\" \/>\n<meta property=\"article:modified_time\" content=\"2024-06-13T19:53:12+00:00\" \/>\n<meta name=\"twitter:card\" content=\"summary_large_image\" \/>\n<meta name=\"twitter:site\" content=\"@ElbaFiori\" \/>\n<meta name=\"twitter:label1\" content=\"Gesch\u00e4tzte Lesezeit\" \/>\n\t<meta name=\"twitter:data1\" content=\"2\u00a0Minuten\" \/>\n<script type=\"application\/ld+json\" class=\"yoast-schema-graph\">{\"@context\":\"https:\/\/schema.org\",\"@graph\":[{\"@type\":\"WebPage\",\"@id\":\"https:\/\/www.hotelelba.it\/de\/allgemeine-geschaeftsbedingungen-hotel\/\",\"url\":\"https:\/\/www.hotelelba.it\/de\/allgemeine-geschaeftsbedingungen-hotel\/\",\"name\":\"Allgemeine Gesch\u00e4ftsbedingungen Hotel Elba - Hotel Elba e Residence dei Fiori\",\"isPartOf\":{\"@id\":\"https:\/\/www.hotelelba.it\/#website\"},\"datePublished\":\"2022-06-29T06:50:17+00:00\",\"dateModified\":\"2024-06-13T19:53:12+00:00\",\"breadcrumb\":{\"@id\":\"https:\/\/www.hotelelba.it\/de\/allgemeine-geschaeftsbedingungen-hotel\/#breadcrumb\"},\"inLanguage\":\"de\",\"potentialAction\":[{\"@type\":\"ReadAction\",\"target\":[\"https:\/\/www.hotelelba.it\/de\/allgemeine-geschaeftsbedingungen-hotel\/\"]}]},{\"@type\":\"BreadcrumbList\",\"@id\":\"https:\/\/www.hotelelba.it\/de\/allgemeine-geschaeftsbedingungen-hotel\/#breadcrumb\",\"itemListElement\":[{\"@type\":\"ListItem\",\"position\":1,\"name\":\"Home\",\"item\":\"https:\/\/www.hotelelba.it\/de\/\"},{\"@type\":\"ListItem\",\"position\":2,\"name\":\"Allgemeine Gesch\u00e4ftsbedingungen Hotel Elba\"}]},{\"@type\":\"WebSite\",\"@id\":\"https:\/\/www.hotelelba.it\/#website\",\"url\":\"https:\/\/www.hotelelba.it\/\",\"name\":\"Hotel Elba e Residence dei Fiori\",\"description\":\"Hotel e Residence a Marina di Campo all&#039;Isola d&#039;Elba\",\"publisher\":{\"@id\":\"https:\/\/www.hotelelba.it\/#organization\"},\"potentialAction\":[{\"@type\":\"SearchAction\",\"target\":{\"@type\":\"EntryPoint\",\"urlTemplate\":\"https:\/\/www.hotelelba.it\/?s={search_term_string}\"},\"query-input\":{\"@type\":\"PropertyValueSpecification\",\"valueRequired\":true,\"valueName\":\"search_term_string\"}}],\"inLanguage\":\"de\"},{\"@type\":\"Organization\",\"@id\":\"https:\/\/www.hotelelba.it\/#organization\",\"name\":\"Hotel Elba e Residence dei Fiori\",\"url\":\"https:\/\/www.hotelelba.it\/\",\"logo\":{\"@type\":\"ImageObject\",\"inLanguage\":\"de\",\"@id\":\"https:\/\/www.hotelelba.it\/#\/schema\/logo\/image\/\",\"url\":\"https:\/\/www.hotelelba.it\/wp-content\/uploads\/2022\/06\/Hotel_Elba_2x.png\",\"contentUrl\":\"https:\/\/www.hotelelba.it\/wp-content\/uploads\/2022\/06\/Hotel_Elba_2x.png\",\"width\":360,\"height\":204,\"caption\":\"Hotel Elba e Residence dei Fiori\"},\"image\":{\"@id\":\"https:\/\/www.hotelelba.it\/#\/schema\/logo\/image\/\"},\"sameAs\":[\"https:\/\/www.facebook.com\/HotelElbaResidenceDeiFiori\",\"https:\/\/x.com\/ElbaFiori\",\"https:\/\/www.instagram.com\/hotelelba.residencedeifiori\/\"]}]}<\/script>\n<!-- \/ Yoast SEO plugin. -->","yoast_head_json":{"title":"Allgemeine Gesch\u00e4ftsbedingungen Hotel Elba - Hotel Elba e Residence dei Fiori","robots":{"index":"index","follow":"follow","max-snippet":"max-snippet:-1","max-image-preview":"max-image-preview:large","max-video-preview":"max-video-preview:-1"},"canonical":"https:\/\/www.hotelelba.it\/de\/allgemeine-geschaeftsbedingungen-hotel\/","og_locale":"de_DE","og_type":"article","og_title":"Allgemeine Gesch\u00e4ftsbedingungen Hotel Elba - Hotel Elba e Residence dei Fiori","og_description":"[vc_row full_width=&#8220;stretch_row_content_no_spaces&#8220; bg_type=&#8220;image&#8220; parallax_style=&#8220;vcpb-default&#8220; bg_image_new=&#8220;id^769|url^http:\/\/hotelelba.youelba.com\/wp-content\/uploads\/2016\/02\/DSC_0245-TESTATA-copia.jpg|caption^null|alt^null|title^null|description^null&#8220; bg_image_repeat=&#8220;no-repeat&#8220; bg_override=&#8220;full&#8220;][vc_column css_animation=&#8220;fadeIn&#8220; css=&#8220;.vc_custom_1656311697974{padding-top: 13% !important;padding-bottom: 11% !important;background-position: center !important;background-repeat: no-repeat !important;background-size: contain !important;}&#8220;][vc_empty_space][\/vc_column][\/vc_row][vc_row css=&#8220;.vc_custom_1669795666104{padding-top: 30px !important;padding-bottom: 30px !important;}&#8220;][vc_column offset=&#8220;vc_col-md-offset-3 vc_col-md-6&#8243;][vc_custom_heading text=&#8220;Allgemeine Gesch\u00e4ftsbedingungen Hotel Elba&#8220; font_container=&#8220;tag:h2|font_size:58|text_align:center|line_height:1&#8243; google_fonts=&#8220;font_family:Alex%20Brush%3Aregular|font_style:400%20regular%3A400%3Anormal&#8220; css=&#8220;&#8220;][\/vc_column][\/vc_row][vc_row][vc_column][vc_row_inner][vc_column_inner][vc_column_text] CHECK-IN Der Check-in am Anreisetag erfolgt ab 14.00 Uhr. Wenn Sie fr\u00fcher anreisen, um den Tag optimal zu nutzen, finden sie uns&hellip;","og_url":"https:\/\/www.hotelelba.it\/de\/allgemeine-geschaeftsbedingungen-hotel\/","og_site_name":"Hotel Elba e Residence dei Fiori","article_publisher":"https:\/\/www.facebook.com\/HotelElbaResidenceDeiFiori","article_modified_time":"2024-06-13T19:53:12+00:00","twitter_card":"summary_large_image","twitter_site":"@ElbaFiori","twitter_misc":{"Gesch\u00e4tzte Lesezeit":"2\u00a0Minuten"},"schema":{"@context":"https:\/\/schema.org","@graph":[{"@type":"WebPage","@id":"https:\/\/www.hotelelba.it\/de\/allgemeine-geschaeftsbedingungen-hotel\/","url":"https:\/\/www.hotelelba.it\/de\/allgemeine-geschaeftsbedingungen-hotel\/","name":"Allgemeine Gesch\u00e4ftsbedingungen Hotel Elba - Hotel Elba e Residence dei Fiori","isPartOf":{"@id":"https:\/\/www.hotelelba.it\/#website"},"datePublished":"2022-06-29T06:50:17+00:00","dateModified":"2024-06-13T19:53:12+00:00","breadcrumb":{"@id":"https:\/\/www.hotelelba.it\/de\/allgemeine-geschaeftsbedingungen-hotel\/#breadcrumb"},"inLanguage":"de","potentialAction":[{"@type":"ReadAction","target":["https:\/\/www.hotelelba.it\/de\/allgemeine-geschaeftsbedingungen-hotel\/"]}]},{"@type":"BreadcrumbList","@id":"https:\/\/www.hotelelba.it\/de\/allgemeine-geschaeftsbedingungen-hotel\/#breadcrumb","itemListElement":[{"@type":"ListItem","position":1,"name":"Home","item":"https:\/\/www.hotelelba.it\/de\/"},{"@type":"ListItem","position":2,"name":"Allgemeine Gesch\u00e4ftsbedingungen Hotel Elba"}]},{"@type":"WebSite","@id":"https:\/\/www.hotelelba.it\/#website","url":"https:\/\/www.hotelelba.it\/","name":"Hotel Elba e Residence dei Fiori","description":"Hotel e Residence a Marina di Campo all&#039;Isola d&#039;Elba","publisher":{"@id":"https:\/\/www.hotelelba.it\/#organization"},"potentialAction":[{"@type":"SearchAction","target":{"@type":"EntryPoint","urlTemplate":"https:\/\/www.hotelelba.it\/?s={search_term_string}"},"query-input":{"@type":"PropertyValueSpecification","valueRequired":true,"valueName":"search_term_string"}}],"inLanguage":"de"},{"@type":"Organization","@id":"https:\/\/www.hotelelba.it\/#organization","name":"Hotel Elba e Residence dei Fiori","url":"https:\/\/www.hotelelba.it\/","logo":{"@type":"ImageObject","inLanguage":"de","@id":"https:\/\/www.hotelelba.it\/#\/schema\/logo\/image\/","url":"https:\/\/www.hotelelba.it\/wp-content\/uploads\/2022\/06\/Hotel_Elba_2x.png","contentUrl":"https:\/\/www.hotelelba.it\/wp-content\/uploads\/2022\/06\/Hotel_Elba_2x.png","width":360,"height":204,"caption":"Hotel Elba e Residence dei Fiori"},"image":{"@id":"https:\/\/www.hotelelba.it\/#\/schema\/logo\/image\/"},"sameAs":["https:\/\/www.facebook.com\/HotelElbaResidenceDeiFiori","https:\/\/x.com\/ElbaFiori","https:\/\/www.instagram.com\/hotelelba.residencedeifiori\/"]}]}},"_links":{"self":[{"href":"https:\/\/www.hotelelba.it\/de\/wp-json\/wp\/v2\/pages\/3845"}],"collection":[{"href":"https:\/\/www.hotelelba.it\/de\/wp-json\/wp\/v2\/pages"}],"about":[{"href":"https:\/\/www.hotelelba.it\/de\/wp-json\/wp\/v2\/types\/page"}],"author":[{"embeddable":true,"href":"https:\/\/www.hotelelba.it\/de\/wp-json\/wp\/v2\/users\/1"}],"replies":[{"embeddable":true,"href":"https:\/\/www.hotelelba.it\/de\/wp-json\/wp\/v2\/comments?post=3845"}],"version-history":[{"count":5,"href":"https:\/\/www.hotelelba.it\/de\/wp-json\/wp\/v2\/pages\/3845\/revisions"}],"predecessor-version":[{"id":8010,"href":"https:\/\/www.hotelelba.it\/de\/wp-json\/wp\/v2\/pages\/3845\/revisions\/8010"}],"wp:attachment":[{"href":"https:\/\/www.hotelelba.it\/de\/wp-json\/wp\/v2\/media?parent=3845"}],"curies":[{"name":"wp","href":"https:\/\/api.w.org\/{rel}","templated":true}]}}