{"id":3708,"date":"2022-06-29T10:42:19","date_gmt":"2022-06-29T08:42:19","guid":{"rendered":"http:\/\/hotelelba.youelba.com\/come-raggiungerci\/"},"modified":"2025-01-17T18:50:16","modified_gmt":"2025-01-17T17:50:16","slug":"wie-sie-uns-erreichen","status":"publish","type":"page","link":"https:\/\/www.hotelelba.it\/de\/wie-sie-uns-erreichen\/","title":{"rendered":"Wie Sie uns erreichen"},"content":{"rendered":"<div class=\"wpb-content-wrapper\"><p>[vc_row full_width=&#8220;stretch_row_content_no_spaces&#8220; bg_type=&#8220;image&#8220; parallax_style=&#8220;vcpb-default&#8220; bg_image_new=&#8220;id^1763|url^http:\/\/hotelelba.youelba.com\/wp-content\/uploads\/2019\/08\/43.jpg|caption^null|alt^null|title^43|description^null&#8220; bg_image_repeat=&#8220;no-repeat&#8220; bg_override=&#8220;full&#8220;][vc_column css_animation=&#8220;fadeIn&#8220; css=&#8220;.vc_custom_1656311697974{padding-top: 13% !important;padding-bottom: 11% !important;background-position: center !important;background-repeat: no-repeat !important;background-size: contain !important;}&#8220;][vc_empty_space height=&#8220;50px&#8220;][\/vc_column][\/vc_row][vc_row css=&#8220;.vc_custom_1669796037695{padding-top: 30px !important;padding-bottom: 30px !important;}&#8220;][vc_column offset=&#8220;vc_col-md-offset-3 vc_col-md-6&#8243;][vc_custom_heading text=&#8220;Wie Sie uns erreichen&#8220; font_container=&#8220;tag:h2|font_size:58|text_align:center|line_height:1&#8243; google_fonts=&#8220;font_family:Alex%20Brush%3Aregular|font_style:400%20regular%3A400%3Anormal&#8220;][\/vc_column][\/vc_row][vc_row][vc_column][vc_column_text]<\/p>\n<h3 style=\"text-align: center;\">F\u00e4hren<\/h3>\n<p>Vom Festland erreichen Sie Elba w\u00e4hrend der Sommersaison ganz einfach mit verschiedenen F\u00e4hren, die Piombino und die Insel t\u00e4glich jede Stunde verbinden.<\/p>\n<p>Die Hauptverbindung<strong> Piombino \u2013 Portoferraio<\/strong> wird von vier Schifffahrtsgesellschaften bedient: Moby \u2013 Toremar \u2013 Blu Navy \u2013 Corsica Ferries, die Ueberfahrten von 5.00 Uhr fr\u00fch bis circa 22.30 Uhr abends anbieten.[\/vc_column_text][vc_empty_space height=&#8220;25px&#8220;][vc_column_text]Wir haben eine Uebereinkunft mit der Gesellschaft <a href=\"\/de\/fahre-buchen\"><strong>Blu Nav<\/strong>y<\/a>, mit welcher Sie Hin- und R\u00fcckfahrttickets zu Spezialpreisen erwerben k\u00f6nnen. Der Preisnachlass im Vergleich zu den Online-Preisen betr\u00e4gt 20 bis 50%. Bei der Buchung senden wir Ihnen einen Buchungskode, mit welchem Sie ihre Buchung zu den von Ihnen bevorzugten Zeiten ausf\u00fchren k\u00f6nnen.<\/p>\n<p>Unabh\u00e4ngig von der Schifffahrtsgesellschaft empfehlen wir Ihnen, die Buchung, vor allem an Wochenenden und an Feiertagen, so fr\u00fch wie m\u00f6glich auszuf\u00fchren.<\/p>\n<p>Wer hingegen ohne Fahrzeug reist, kann eine Schnellverbindung in nur 35 bis 40 Minuten Fahrt mit Ankunft in Portoferraio nutzen.[\/vc_column_text][vc_empty_space height=&#8220;25px&#8220;][vc_single_image image=&#8220;1662&#8243; img_size=&#8220;medium&#8220; alignment=&#8220;center&#8220; onclick=&#8220;custom_link&#8220; img_link_target=&#8220;_blank&#8220; link=&#8220;\/de\/fahre-buchen&#8220;][vc_empty_space height=&#8220;25px&#8220;][vc_column_text css=&#8220;&#8220;]<\/p>\n<h3 style=\"text-align: center;\">Wie erreichen Sie die Insel im Auto\u2026<\/h3>\n<p><strong>VON NORDEN AUS<\/strong><br \/>\nVon Mailand aus die Autobahn A1 (Autostrada del Sole) nehmen, in Parma Ovest nehmen Sie die A15 (Autobahn des Cisa) bis zur Autobahn A12 Genua-Livorno, Ausfahrt Rosignano, dann weiter auf der Staatsstrasse S.S. Aurelia (Richtung Rom) bis Venturina-Isola d\u2019Elba, dann folgen Sie der Beschilderung (PORTO \u2013Isola d\u2019Elba) bis nach Piombino Marittima.<\/p>\n<p><strong>VON NORDWESTEN<\/strong><br \/>\nIn Bologna nehmen Sie die Autobahn A1 in Richtung Florenz, in Florenz folgen Sie der Beschilderung Pisa-Livorno. Nach Livorno nehmen Sie die Ausfahrt Rosignano, dann fahren Sie weiter auf der Staatsstrasse S.S. Aurelia in Richtung Rom-Grosseto bis nach Venturina-Isola d\u2019 Elba, dann folgen Sie der Beschilderung (PORTO \u2013 imbarchi Isola d\u2019Elba) bis zum Hafen in Piombino Marittima.<\/p>\n<p><strong>VON S\u00dcDEN<\/strong><br \/>\nAutobahn A12 Rom-Grosseto: Staatsstrasse S.S.1 Aurelia Ausfahrt Venturina-Insel Elba, dann der Beschilderung folgen (PORTO \u2013 imbarchi Isola d\u2019Elba) bis zum Hafen in Piombino Marittima.<\/p>\n<h3 style=\"text-align: center;\">Wie erreichen Sie die Insel mit dem Zug<\/h3>\n<p>De Bahnhof, um dann die F\u00e4hre nach Elba zu nehmen, ist der Bahnhof von Piombino Marittima. Dieser Bahnhof befindet sich im Hafen selber wenige Meter von den Kais entfernt, von welchen die F\u00e4hren der verschiedenen Schifffahrtsgesellschaften abfahren.<\/p>\n<p>F\u00fcr weitere Informationen besuchen Sie bitte die Website <a href=\"http:\/\/www.fsitaliane.it\/\" target=\"_blank\" rel=\"noopener\">www.ferroviedellostato.it<\/a> oder <a href=\"https:\/\/www.thetrainline.com\/it\" target=\"_blank\" rel=\"noopener\">Trainline<\/a>.<\/p>\n<p>Bei Ihrer Ankunft in Elba am Hafen von Portoferraio ist ein Taxistand vorhanden (Telefon 0565-915112) oder Ihnen stehen die \u00f6ffentlichen Verkehrsmittel\u00a0 AT AUTOLINEE TOSCANE\u00a0 zur Verf\u00fcgung, mit welchen Sie jeden Teil der Insel erreichen k\u00f6nnen. Bitte Ihre Fahrkarten vorher dem Fahrt kaufen. N.b es gibt keine Busse in der Nacht.<\/p>\n<h3 style=\"text-align: center;\">Wie erreichen Sie die Insel im Flugzeug<\/h3>\n<p>Auf der Insel gibt es einen kleinen Flughafen in der N\u00e4he von Marina di Campo mit zwei Fluggesellschaften, der Gesellschaft <a href=\"http:\/\/www.flightsandtravels.ch\" target=\"_blank\" rel=\"noopener\">SILVER AIR<\/a> mit Verbindungen nach Pisa, Florenz, Mailand Linate und Lugano und der Gesellschaft Rhein &#8211; Neckar Air mit Verbindungen nach Friedrichshafen und Mannheim.<br \/>\nF\u00fcr weitere Informationen besuchen Sie bitte direkt die Website des Flughafens <a href=\"http:\/\/www.elbaisland-airport.it\" target=\"_blank\" rel=\"noopener\">www.elbaisland-airport.it<\/a>.<\/p>\n<p>&nbsp;<\/p>\n<h3 style=\"text-align: center;\">Wie erreichen Sie die Insel im Bus<\/h3>\n<p>Im sommer\u00a0 von Mailand und Florenz :\u00a0 <a href=\"https:\/\/www.arzillibus.it\/b\/privati\/index.php?lang=de\">Arzilli Bus<\/a>\u00a0 und <a href=\"https:\/\/autostradale.it\/Ricerca.aspx?lang=en-GB\">Autostradale Bus<\/a> von Mailand und Eurobus Switzerland.[\/vc_column_text][vc_empty_space height=&#8220;25px&#8220;][vc_raw_html]JTVCZ29vZ2xlX21hcF9lYXN5JTIwaWQlM0QlMjIxJTIyJTVE[\/vc_raw_html][vc_empty_space height=&#8220;25px&#8220;][vc_empty_space height=&#8220;25px&#8220;][vc_row_inner][vc_column_inner][vc_column_text css=&#8220;&#8220;]<\/p>\n<h3 style=\"text-align: center;\">Sobald Sie auf der Insel sind\u2026<\/h3>\n<p>&nbsp;<\/p>\n<p>Mit dem Bus oder Taxi zu ankommen _ Bei Ihrer Ankunft in Elba am Hafen von Portoferraio ist ein Taxistand vorhanden (Telefon 0565-915112) oder Ihnen stehen die \u00f6ffentlichen Verkehrsmittel\u00a0 AT AUTOLINEE TOSCANE\u00a0 zur Verf\u00fcgung, mit welchen Sie jeden Teil der Insel erreichen k\u00f6nnen. Bitte Ihre Fahrkarten vorher dem Fahrt kaufen. N.b es gibt keine Busse in der Nacht.<\/p>\n<p>&nbsp;<\/p>\n<p>Mit Auto zu ankommen:<\/p>\n<p>Sobald Sie auf der Insel sind, verlassen Sie den Hafen von Portoferraio und folgen der Beschilderung <strong>\u201cTUTTE LE DIREZIONI\u201d<\/strong>. Folgen Sie der vierspurigen Strasse, die Portoferraio hinter sich l\u00e4sst, und fahren Sie weiter in Richtung <strong>PROCCHIO \u2013MARINA DI CAMPO<\/strong>.<br \/>\nSobald Sie in Procchio sind, biegen Sie links ab und folgen der Beschilderung nach <strong>MARINA DI CAMPO<\/strong>.<\/p>\n<p>Lassen Sie den Flughafen in der Ortschaft Pila hinter sich und folgen der Beschilderung Richtung Marina di Campo, indem Sie links abbiegen, dann fahren Sie geradeaus, lassen einen Kreisverkehr hinter sich, dann befinden Sie sich auf einer von B\u00e4umen umgebenen Strasse am Eingang des Dorfes. Circa 350 Meter nach der Tankstelle Agip finden Sie rechterhand unsere Reception. Halten Sie am Rand der Strasse an, wir zeigen Ihnen gerne, wo Sie ihr Gep\u00e4ck am besten ausladen k\u00f6nnen, um dann Ihr Fahrzeug auf unserem f\u00fcr Sie reservierten Parkplatz abzustellen.[\/vc_column_text][\/vc_column_inner][\/vc_row_inner][vc_empty_space height=&#8220;25px&#8220;][vc_empty_space height=&#8220;25px&#8220;][vc_row_inner][vc_column_inner][vc_column_text]<\/p>\n<h2 style=\"text-align: center;\">Unsere Struktur<\/h2>\n<p>[\/vc_column_text][vc_single_image image=&#8220;4040&#8243; img_size=&#8220;500&#8243; alignment=&#8220;center&#8220; onclick=&#8220;link_image&#8220;][vc_empty_space height=&#8220;25px&#8220;][vc_empty_space height=&#8220;25px&#8220;][vc_column_text css=&#8220;&#8220;]<\/p>\n<h2 style=\"text-align: center;\">Zugang zum Meer von unsere Hotel<\/h2>\n<p>[\/vc_column_text][vc_single_image image=&#8220;4037&#8243; img_size=&#8220;850&#215;489&#8243; alignment=&#8220;center&#8220; onclick=&#8220;link_image&#8220;][\/vc_column_inner][\/vc_row_inner][vc_empty_space height=&#8220;25px&#8220;][vc_row_inner][vc_column_inner][\/vc_column_inner][\/vc_row_inner][\/vc_column][\/vc_row]<\/p>\n<\/div>","protected":false},"excerpt":{"rendered":"<p>[vc_row full_width=&#8220;stretch_row_content_no_spaces&#8220; bg_type=&#8220;image&#8220; parallax_style=&#8220;vcpb-default&#8220; bg_image_new=&#8220;id^1763|url^http:\/\/hotelelba.youelba.com\/wp-content\/uploads\/2019\/08\/43.jpg|caption^null|alt^null|title^43|description^null&#8220; bg_image_repeat=&#8220;no-repeat&#8220; bg_override=&#8220;full&#8220;][vc_column css_animation=&#8220;fadeIn&#8220; css=&#8220;.vc_custom_1656311697974{padding-top: 13% !important;padding-bottom: 11% !important;background-position: center !important;background-repeat: no-repeat !important;background-size: contain !important;}&#8220;][vc_empty_space height=&#8220;50px&#8220;][\/vc_column][\/vc_row][vc_row css=&#8220;.vc_custom_1669796037695{padding-top: 30px !important;padding-bottom: 30px !important;}&#8220;][vc_column offset=&#8220;vc_col-md-offset-3 vc_col-md-6&#8243;][vc_custom_heading text=&#8220;Wie Sie uns erreichen&#8220; font_container=&#8220;tag:h2|font_size:58|text_align:center|line_height:1&#8243; google_fonts=&#8220;font_family:Alex%20Brush%3Aregular|font_style:400%20regular%3A400%3Anormal&#8220;][\/vc_column][\/vc_row][vc_row][vc_column][vc_column_text] F\u00e4hren Vom Festland erreichen Sie Elba w\u00e4hrend der Sommersaison ganz einfach mit verschiedenen F\u00e4hren, die Piombino und die Insel t\u00e4glich jede Stunde&hellip;<\/p>\n","protected":false},"author":1,"featured_media":0,"parent":0,"menu_order":0,"comment_status":"closed","ping_status":"closed","template":"","meta":{"footnotes":""},"class_list":["post-3708","page","type-page","status-publish","hentry","description-off"],"yoast_head":"<!-- This site is optimized with the Yoast SEO plugin v25.3 - https:\/\/yoast.com\/wordpress\/plugins\/seo\/ -->\n<title>Wie Sie uns erreichen - Hotel Elba e Residence dei Fiori<\/title>\n<meta name=\"robots\" content=\"index, follow, max-snippet:-1, max-image-preview:large, max-video-preview:-1\" \/>\n<link rel=\"canonical\" href=\"https:\/\/www.hotelelba.it\/de\/wie-sie-uns-erreichen\/\" \/>\n<meta property=\"og:locale\" content=\"de_DE\" \/>\n<meta property=\"og:type\" content=\"article\" \/>\n<meta property=\"og:title\" content=\"Wie Sie uns erreichen - Hotel Elba e Residence dei Fiori\" \/>\n<meta property=\"og:description\" content=\"[vc_row full_width=&#8220;stretch_row_content_no_spaces&#8220; bg_type=&#8220;image&#8220; parallax_style=&#8220;vcpb-default&#8220; bg_image_new=&#8220;id^1763|url^http:\/\/hotelelba.youelba.com\/wp-content\/uploads\/2019\/08\/43.jpg|caption^null|alt^null|title^43|description^null&#8220; bg_image_repeat=&#8220;no-repeat&#8220; bg_override=&#8220;full&#8220;][vc_column css_animation=&#8220;fadeIn&#8220; css=&#8220;.vc_custom_1656311697974{padding-top: 13% !important;padding-bottom: 11% !important;background-position: center !important;background-repeat: no-repeat !important;background-size: contain !important;}&#8220;][vc_empty_space height=&#8220;50px&#8220;][\/vc_column][\/vc_row][vc_row css=&#8220;.vc_custom_1669796037695{padding-top: 30px !important;padding-bottom: 30px !important;}&#8220;][vc_column offset=&#8220;vc_col-md-offset-3 vc_col-md-6&#8243;][vc_custom_heading text=&#8220;Wie Sie uns erreichen&#8220; font_container=&#8220;tag:h2|font_size:58|text_align:center|line_height:1&#8243; google_fonts=&#8220;font_family:Alex%20Brush%3Aregular|font_style:400%20regular%3A400%3Anormal&#8220;][\/vc_column][\/vc_row][vc_row][vc_column][vc_column_text] F\u00e4hren Vom Festland erreichen Sie Elba w\u00e4hrend der Sommersaison ganz einfach mit verschiedenen F\u00e4hren, die Piombino und die Insel t\u00e4glich jede Stunde&hellip;\" \/>\n<meta property=\"og:url\" content=\"https:\/\/www.hotelelba.it\/de\/wie-sie-uns-erreichen\/\" \/>\n<meta property=\"og:site_name\" content=\"Hotel Elba e Residence dei Fiori\" \/>\n<meta property=\"article:publisher\" content=\"https:\/\/www.facebook.com\/HotelElbaResidenceDeiFiori\" \/>\n<meta property=\"article:modified_time\" content=\"2025-01-17T17:50:16+00:00\" \/>\n<meta name=\"twitter:card\" content=\"summary_large_image\" \/>\n<meta name=\"twitter:site\" content=\"@ElbaFiori\" \/>\n<meta name=\"twitter:label1\" content=\"Gesch\u00e4tzte Lesezeit\" \/>\n\t<meta name=\"twitter:data1\" content=\"5\u00a0Minuten\" \/>\n<script type=\"application\/ld+json\" class=\"yoast-schema-graph\">{\"@context\":\"https:\/\/schema.org\",\"@graph\":[{\"@type\":\"WebPage\",\"@id\":\"https:\/\/www.hotelelba.it\/de\/wie-sie-uns-erreichen\/\",\"url\":\"https:\/\/www.hotelelba.it\/de\/wie-sie-uns-erreichen\/\",\"name\":\"Wie Sie uns erreichen - Hotel Elba e Residence dei Fiori\",\"isPartOf\":{\"@id\":\"https:\/\/www.hotelelba.it\/#website\"},\"datePublished\":\"2022-06-29T08:42:19+00:00\",\"dateModified\":\"2025-01-17T17:50:16+00:00\",\"breadcrumb\":{\"@id\":\"https:\/\/www.hotelelba.it\/de\/wie-sie-uns-erreichen\/#breadcrumb\"},\"inLanguage\":\"de\",\"potentialAction\":[{\"@type\":\"ReadAction\",\"target\":[\"https:\/\/www.hotelelba.it\/de\/wie-sie-uns-erreichen\/\"]}]},{\"@type\":\"BreadcrumbList\",\"@id\":\"https:\/\/www.hotelelba.it\/de\/wie-sie-uns-erreichen\/#breadcrumb\",\"itemListElement\":[{\"@type\":\"ListItem\",\"position\":1,\"name\":\"Home\",\"item\":\"https:\/\/www.hotelelba.it\/de\/\"},{\"@type\":\"ListItem\",\"position\":2,\"name\":\"Wie Sie uns erreichen\"}]},{\"@type\":\"WebSite\",\"@id\":\"https:\/\/www.hotelelba.it\/#website\",\"url\":\"https:\/\/www.hotelelba.it\/\",\"name\":\"Hotel Elba e Residence dei Fiori\",\"description\":\"Hotel e Residence a Marina di Campo all&#039;Isola d&#039;Elba\",\"publisher\":{\"@id\":\"https:\/\/www.hotelelba.it\/#organization\"},\"potentialAction\":[{\"@type\":\"SearchAction\",\"target\":{\"@type\":\"EntryPoint\",\"urlTemplate\":\"https:\/\/www.hotelelba.it\/?s={search_term_string}\"},\"query-input\":{\"@type\":\"PropertyValueSpecification\",\"valueRequired\":true,\"valueName\":\"search_term_string\"}}],\"inLanguage\":\"de\"},{\"@type\":\"Organization\",\"@id\":\"https:\/\/www.hotelelba.it\/#organization\",\"name\":\"Hotel Elba e Residence dei Fiori\",\"url\":\"https:\/\/www.hotelelba.it\/\",\"logo\":{\"@type\":\"ImageObject\",\"inLanguage\":\"de\",\"@id\":\"https:\/\/www.hotelelba.it\/#\/schema\/logo\/image\/\",\"url\":\"https:\/\/www.hotelelba.it\/wp-content\/uploads\/2022\/06\/Hotel_Elba_2x.png\",\"contentUrl\":\"https:\/\/www.hotelelba.it\/wp-content\/uploads\/2022\/06\/Hotel_Elba_2x.png\",\"width\":360,\"height\":204,\"caption\":\"Hotel Elba e Residence dei Fiori\"},\"image\":{\"@id\":\"https:\/\/www.hotelelba.it\/#\/schema\/logo\/image\/\"},\"sameAs\":[\"https:\/\/www.facebook.com\/HotelElbaResidenceDeiFiori\",\"https:\/\/x.com\/ElbaFiori\",\"https:\/\/www.instagram.com\/hotelelba.residencedeifiori\/\"]}]}<\/script>\n<!-- \/ Yoast SEO plugin. -->","yoast_head_json":{"title":"Wie Sie uns erreichen - Hotel Elba e Residence dei Fiori","robots":{"index":"index","follow":"follow","max-snippet":"max-snippet:-1","max-image-preview":"max-image-preview:large","max-video-preview":"max-video-preview:-1"},"canonical":"https:\/\/www.hotelelba.it\/de\/wie-sie-uns-erreichen\/","og_locale":"de_DE","og_type":"article","og_title":"Wie Sie uns erreichen - Hotel Elba e Residence dei Fiori","og_description":"[vc_row full_width=&#8220;stretch_row_content_no_spaces&#8220; bg_type=&#8220;image&#8220; parallax_style=&#8220;vcpb-default&#8220; bg_image_new=&#8220;id^1763|url^http:\/\/hotelelba.youelba.com\/wp-content\/uploads\/2019\/08\/43.jpg|caption^null|alt^null|title^43|description^null&#8220; bg_image_repeat=&#8220;no-repeat&#8220; bg_override=&#8220;full&#8220;][vc_column css_animation=&#8220;fadeIn&#8220; css=&#8220;.vc_custom_1656311697974{padding-top: 13% !important;padding-bottom: 11% !important;background-position: center !important;background-repeat: no-repeat !important;background-size: contain !important;}&#8220;][vc_empty_space height=&#8220;50px&#8220;][\/vc_column][\/vc_row][vc_row css=&#8220;.vc_custom_1669796037695{padding-top: 30px !important;padding-bottom: 30px !important;}&#8220;][vc_column offset=&#8220;vc_col-md-offset-3 vc_col-md-6&#8243;][vc_custom_heading text=&#8220;Wie Sie uns erreichen&#8220; font_container=&#8220;tag:h2|font_size:58|text_align:center|line_height:1&#8243; google_fonts=&#8220;font_family:Alex%20Brush%3Aregular|font_style:400%20regular%3A400%3Anormal&#8220;][\/vc_column][\/vc_row][vc_row][vc_column][vc_column_text] F\u00e4hren Vom Festland erreichen Sie Elba w\u00e4hrend der Sommersaison ganz einfach mit verschiedenen F\u00e4hren, die Piombino und die Insel t\u00e4glich jede Stunde&hellip;","og_url":"https:\/\/www.hotelelba.it\/de\/wie-sie-uns-erreichen\/","og_site_name":"Hotel Elba e Residence dei Fiori","article_publisher":"https:\/\/www.facebook.com\/HotelElbaResidenceDeiFiori","article_modified_time":"2025-01-17T17:50:16+00:00","twitter_card":"summary_large_image","twitter_site":"@ElbaFiori","twitter_misc":{"Gesch\u00e4tzte Lesezeit":"5\u00a0Minuten"},"schema":{"@context":"https:\/\/schema.org","@graph":[{"@type":"WebPage","@id":"https:\/\/www.hotelelba.it\/de\/wie-sie-uns-erreichen\/","url":"https:\/\/www.hotelelba.it\/de\/wie-sie-uns-erreichen\/","name":"Wie Sie uns erreichen - Hotel Elba e Residence dei Fiori","isPartOf":{"@id":"https:\/\/www.hotelelba.it\/#website"},"datePublished":"2022-06-29T08:42:19+00:00","dateModified":"2025-01-17T17:50:16+00:00","breadcrumb":{"@id":"https:\/\/www.hotelelba.it\/de\/wie-sie-uns-erreichen\/#breadcrumb"},"inLanguage":"de","potentialAction":[{"@type":"ReadAction","target":["https:\/\/www.hotelelba.it\/de\/wie-sie-uns-erreichen\/"]}]},{"@type":"BreadcrumbList","@id":"https:\/\/www.hotelelba.it\/de\/wie-sie-uns-erreichen\/#breadcrumb","itemListElement":[{"@type":"ListItem","position":1,"name":"Home","item":"https:\/\/www.hotelelba.it\/de\/"},{"@type":"ListItem","position":2,"name":"Wie Sie uns erreichen"}]},{"@type":"WebSite","@id":"https:\/\/www.hotelelba.it\/#website","url":"https:\/\/www.hotelelba.it\/","name":"Hotel Elba e Residence dei Fiori","description":"Hotel e Residence a Marina di Campo all&#039;Isola d&#039;Elba","publisher":{"@id":"https:\/\/www.hotelelba.it\/#organization"},"potentialAction":[{"@type":"SearchAction","target":{"@type":"EntryPoint","urlTemplate":"https:\/\/www.hotelelba.it\/?s={search_term_string}"},"query-input":{"@type":"PropertyValueSpecification","valueRequired":true,"valueName":"search_term_string"}}],"inLanguage":"de"},{"@type":"Organization","@id":"https:\/\/www.hotelelba.it\/#organization","name":"Hotel Elba e Residence dei Fiori","url":"https:\/\/www.hotelelba.it\/","logo":{"@type":"ImageObject","inLanguage":"de","@id":"https:\/\/www.hotelelba.it\/#\/schema\/logo\/image\/","url":"https:\/\/www.hotelelba.it\/wp-content\/uploads\/2022\/06\/Hotel_Elba_2x.png","contentUrl":"https:\/\/www.hotelelba.it\/wp-content\/uploads\/2022\/06\/Hotel_Elba_2x.png","width":360,"height":204,"caption":"Hotel Elba e Residence dei Fiori"},"image":{"@id":"https:\/\/www.hotelelba.it\/#\/schema\/logo\/image\/"},"sameAs":["https:\/\/www.facebook.com\/HotelElbaResidenceDeiFiori","https:\/\/x.com\/ElbaFiori","https:\/\/www.instagram.com\/hotelelba.residencedeifiori\/"]}]}},"_links":{"self":[{"href":"https:\/\/www.hotelelba.it\/de\/wp-json\/wp\/v2\/pages\/3708"}],"collection":[{"href":"https:\/\/www.hotelelba.it\/de\/wp-json\/wp\/v2\/pages"}],"about":[{"href":"https:\/\/www.hotelelba.it\/de\/wp-json\/wp\/v2\/types\/page"}],"author":[{"embeddable":true,"href":"https:\/\/www.hotelelba.it\/de\/wp-json\/wp\/v2\/users\/1"}],"replies":[{"embeddable":true,"href":"https:\/\/www.hotelelba.it\/de\/wp-json\/wp\/v2\/comments?post=3708"}],"version-history":[{"count":5,"href":"https:\/\/www.hotelelba.it\/de\/wp-json\/wp\/v2\/pages\/3708\/revisions"}],"predecessor-version":[{"id":8158,"href":"https:\/\/www.hotelelba.it\/de\/wp-json\/wp\/v2\/pages\/3708\/revisions\/8158"}],"wp:attachment":[{"href":"https:\/\/www.hotelelba.it\/de\/wp-json\/wp\/v2\/media?parent=3708"}],"curies":[{"name":"wp","href":"https:\/\/api.w.org\/{rel}","templated":true}]}}