{"id":3632,"date":"2022-06-27T09:16:42","date_gmt":"2022-06-27T07:16:42","guid":{"rendered":"http:\/\/hotelelba.youelba.com\/come-prenotare\/"},"modified":"2024-06-05T20:10:23","modified_gmt":"2024-06-05T18:10:23","slug":"wie-buchen","status":"publish","type":"page","link":"https:\/\/www.hotelelba.it\/de\/wie-buchen\/","title":{"rendered":"Wie buchen"},"content":{"rendered":"<div class=\"wpb-content-wrapper\"><p>[vc_row full_width=&#8220;stretch_row_content_no_spaces&#8220; bg_type=&#8220;image&#8220; parallax_style=&#8220;vcpb-default&#8220; bg_image_new=&#8220;id^1745|url^http:\/\/hotelelba.youelba.com\/wp-content\/uploads\/2019\/08\/25.jpg|caption^null|alt^null|title^25|description^null&#8220; bg_image_repeat=&#8220;no-repeat&#8220; bg_override=&#8220;full&#8220;][vc_column css_animation=&#8220;fadeIn&#8220; css=&#8220;.vc_custom_1656311697974{padding-top: 13% !important;padding-bottom: 11% !important;background-position: center !important;background-repeat: no-repeat !important;background-size: contain !important;}&#8220;][vc_empty_space height=&#8220;50px&#8220;][\/vc_column][\/vc_row][vc_row css=&#8220;.vc_custom_1669795697767{padding-top: 30px !important;padding-bottom: 30px !important;}&#8220;][vc_column offset=&#8220;vc_col-md-offset-3 vc_col-md-6&#8243;][vc_custom_heading text=&#8220;Wie Reservieren&#8220; font_container=&#8220;tag:h2|font_size:58|text_align:center&#8220; google_fonts=&#8220;font_family:Alex%20Brush%3Aregular|font_style:400%20regular%3A400%3Anormal&#8220;][\/vc_column][\/vc_row][vc_row][vc_column][vc_empty_space][vc_column_text css=&#8220;&#8220;]<\/p>\n<p id=\"tw-target-text\" class=\"tw-data-text tw-text-large tw-ta\" dir=\"ltr\" style=\"text-align: center;\" data-placeholder=\"Traduzione\" data-ved=\"2ahUKEwjImtGSqISCAxXOQ_EDHdc6AmEQ3ewLegQIBxAQ\"><strong><span class=\"Y2IQFc\" lang=\"de\">RESERVIERUNG <\/span><\/strong><\/p>\n<p class=\"tw-data-text tw-text-large tw-ta\" dir=\"ltr\" data-placeholder=\"Traduzione\" data-ved=\"2ahUKEwjImtGSqISCAxXOQ_EDHdc6AmEQ3ewLegQIBxAQ\"><span class=\"Y2IQFc\" lang=\"de\"> Um die Verf\u00fcgbarkeit anzufragen, k\u00f6nnen Sie eine Anfrage-E-Mail an info@hotelelba.it senden oder das Formular ausf\u00fcllen, indem Sie unten klicken. <\/span><\/p>\n<p class=\"tw-data-text tw-text-large tw-ta\" dir=\"ltr\" data-placeholder=\"Traduzione\" data-ved=\"2ahUKEwjImtGSqISCAxXOQ_EDHdc6AmEQ3ewLegQIBxAQ\"><span class=\"Y2IQFc\" lang=\"de\">Gerne senden wir Ihnen ein detailliertes Angebot zu. <\/span><\/p>\n<p class=\"tw-data-text tw-text-large tw-ta\" dir=\"ltr\" data-placeholder=\"Traduzione\" data-ved=\"2ahUKEwjImtGSqISCAxXOQ_EDHdc6AmEQ3ewLegQIBxAQ\"><span class=\"Y2IQFc\" lang=\"de\"> Um mit der Buchung des erhaltenen Angebots fortzufahren, k\u00f6nnen Sie direkt auf die E-Mail mit dem von Ihnen angezeigten Angebot antworten und angeben, dass Sie es best\u00e4tigen m\u00f6chten, und eventuell fehlende Daten wie Vor- und Nachname und Mobiltelefonnummer angeben.<\/span><\/p>\n<p class=\"tw-data-text tw-text-large tw-ta\" dir=\"ltr\" data-placeholder=\"Traduzione\" data-ved=\"2ahUKEwjImtGSqISCAxXOQ_EDHdc6AmEQ3ewLegQIBxAQ\"><span class=\"Y2IQFc\" lang=\"de\"> Wir pr\u00fcfen die aktuelle Verf\u00fcgbarkeit und senden Ihnen eine Best\u00e4tigungs-E-Mail mit den Methoden und dem zu zahlenden Anzahlungsbetrag sowie dem Rabattcode und den Anweisungen f\u00fcr die Buchung der F\u00e4hre zu den f\u00fcr Sie passenden Zeiten. <\/span><\/p>\n<p class=\"tw-data-text tw-text-large tw-ta\" dir=\"ltr\" data-placeholder=\"Traduzione\" data-ved=\"2ahUKEwjImtGSqISCAxXOQ_EDHdc6AmEQ3ewLegQIBxAQ\"><span class=\"Y2IQFc\" lang=\"de\"> Reservierungen gelten erst nach Zahlung einer BEST\u00c4TIGUNGSANZAHLUNG in H\u00f6he von 30 % des Gesamtbetrags als best\u00e4tigt. Die BEST\u00c4TIGUNGSANZAHLUNG muss sp\u00e4testens innerhalb von 7 Werktagen bezahlt werden.<\/span><\/p>\n<p>&nbsp;<\/p>\n<p style=\"text-align: center;\"><strong>STORNIERUNG<\/strong><\/p>\n<p>Bei einem R\u00fccktritt seitens des Kunden mindestens 21 Tage vor der Ankunft, versucht die Direktion, den stornierten Zeitraum neu zu vergeben, um dem Kunden die geleistete Anzahlung zur\u00fcckzuerstatten.<\/p>\n<p>Sollte dies nicht m\u00f6glich sein, hat die Direktion das Recht, die Anzahlung voll oder teilweise einzubehalten, ein h\u00f6herer Schaden vorbehalten, der von der Direktion zu belegen ist.<\/p>\n<p>Bei einer vorzeitigen Abreise oder einer versp\u00e4teten Ankunft hat die Direktion Anspruch auf den vereinbarten Betrag f\u00fcr den gesamten Aufenthalt, sofern keine anderen Vereinbarungen mit der Direktion getroffen werden.<\/p>\n<p>&nbsp;<\/p>\n<p style=\"text-align: center;\"><strong>DATENSCHUTZ<\/strong><\/p>\n<p>Gem\u00e4ss dem italienischen Datenschutz-Gesetz informieren wir Sie, dass die Verarbeitung Ihrer personenbezogenen Daten auch mit elektronischen Hilfsmitteln ausgef\u00fchrt wird mit dem einzigen Ziel, diesen Vertrag zu erf\u00fcllen.<br \/>\nF\u00fcr weitere und\/oder allf\u00e4llige Informationen bitten wir Sie, uns zu kontaktieren.<\/p>\n<p>&nbsp;<\/p>\n<p><em>Sehr geehrter Kunde,<\/em><\/p>\n<p><em>Im Einklang mit den geltenden Gesetzen zum Schutz personenbezogener Daten (EU-Verordnung Nr. 679 von 2016) m\u00f6chten wir Sie dar\u00fcber informieren, dass die Verarbeitung Ihrer personenbezogenen Daten korrekt und transparent erfolgt, um rechtm\u00e4\u00dfige Zwecke zu erf\u00fcllen und Ihre Privatsph\u00e4re und Ihre Rechte zu sch\u00fctzen . Die Behandlungen werden auch mit computergest\u00fctzten Mitteln f\u00fcr folgende Zwecke durchgef\u00fchrt:<\/em><\/p>\n<ol>\n<li><em> um Ihre Reservierung von Beherbergungsdienstleistungen und Nebendienstleistungen zu erwerben und zu<\/em><\/li>\n<\/ol>\n<p><em>best\u00e4tigen und die gew\u00fcnschten Dienstleistungen zu erbringen. Da es sich um Behandlungen handelt, die f\u00fcr die Definition der vertraglichen Vereinbarung und f\u00fcr ihre sp\u00e4tere Umsetzung erforderlich sind, ist ihre Zustimmung nicht erforderlich, au\u00dfer wenn spezifische, sogenannte sensible Daten bereitgestellt werden. Im Falle der Weigerung, personenbezogene Daten zu \u00fcbermitteln, k\u00f6nnen wir die Buchung nicht best\u00e4tigen oder die gew\u00fcnschten Dienstleistungen erbringen. Die Verarbeitung endet mit Ihrer Abreise. Einige Ihrer personenbezogenen Daten k\u00f6nnen oder werden jedoch weiterhin f\u00fcr die in den folgenden Punkten angegebenen Zwecke und Zwecke verarbeitet.<\/em><\/p>\n<ol start=\"2\">\n<li><em> zur Erf\u00fcllung der Verpflichtung aus dem &#8222;Konsolidierten Gesetz \u00fcber die Gesetze der \u00f6ffentlichen Sicherheit&#8220; (Artikel 109 der RD 18.6.1931 Nr. 773), die uns verpflichtet, dem Polizeipr\u00e4sidium zu Zwecken der \u00f6ffentlichen Sicherheit die personenbezogenen Daten der nach dem US-amerikanischen Gesetzgeber untergebrachten Kunden mitzuteilen Verfahren des Innenministeriums (Dekret 7. Januar 2013). Die Bereitstellung von Daten ist obligatorisch und erfordert keine Einwilligung, und falls die Bereitstellung der Daten abgelehnt wird, k\u00f6nnen wir sie nicht in unserer Struktur unterbringen. <\/em><\/li>\n<li><em> zur Erf\u00fcllung der aktuellen Verwaltungs-, Buchhaltungs- und Steuerpflichten. Zu diesen Zwecken wird die<\/em><\/li>\n<\/ol>\n<p><em>Behandlung ohne Einwilligung durchgef\u00fchrt. Die Daten werden von uns und unseren Mitarbeitern verarbeitet und nur im Rahmen der gesetzlichen Verpflichtungen nach au\u00dfen kommuniziert. Im Falle der Weigerung, die f\u00fcr die oben genannten Verpflichtungen erforderlichen Daten bereitzustellen, k\u00f6nnen wir Ihnen die angeforderten Dienstleistungen nicht erbringen. Die zu diesen Zwecken erfassten Daten werden von uns f\u00fcr die Zeit aufbewahrt, die von den jeweiligen Vorschriften gefordert wird (bis zu 10 Jahre);<\/em><\/p>\n<ol start=\"4\">\n<li><em> um Ihnen unsere Werbebotschaften und Updates zu Preisen und Angeboten zu senden. Zu diesem Zweck werden Ihre Daten nach Erhalt Ihrer Einwilligung maximal 5 Jahre aufbewahrt und nicht an Dritte weitergegeben. Sie k\u00f6nnen Ihre Einwilligung jederzeit widerrufen.<\/em><\/li>\n<li><em> zum Schutz von Personen, G\u00e4sten, Sachwerten und Unternehmenswerten durch ein Video\u00fcberwachungssystem in einigen Bereichen des Hotel Elba ( Empfangsbereich und Eingang), erkennbar am Vorhandensein von Sonderzeichen. Ihre Zustimmung ist f\u00fcr diese Behandlung nicht erforderlich, da sie unser berechtigtes Interesse am Schutz der G\u00e4ste, der Personen, die unser Anwesen besuchen, und des Verm\u00f6gens im Hinblick auf m\u00f6gliche Angriffe, Diebst\u00e4hle, Raub\u00fcberf\u00e4lle, Sch\u00e4den, Vandalismus und f\u00fcr Zwecke verfolgt Brandschutz und Arbeitssicherheit. Die aufgezeichneten Bilder werden nach 24 Stunden gel\u00f6scht, mit Ausnahme von Feiertagen oder anderen F\u00e4llen, in denen die \u00dcbung f\u00fcr maximal 48 Stunden unterbrochen wurde. Sie sind nicht Gegenstand der Weitergabe an Dritte, es sei denn, ein<\/em><\/li>\n<\/ol>\n<p><em>spezifisches Ermittlungsersuchen der Justiz oder der Justizpolizei ist zu befolgen.<\/em><\/p>\n<p><em>Sie k\u00f6nnen auch eine Beschwerde einreichen der Aufsichtsbeh\u00f6rde gem\u00e4\u00df den Verfahren, die in den geltenden Rechtsvorschriften festgelegt sind. <\/em><\/p>\n<p><em>\u00a0<\/em><\/p>\n<p><em>\u00a0<\/em><\/p>\n<p><strong><em>F\u00fcr weitere Informationen und zur Durchsetzung der durch die europ\u00e4ische Verordnung anerkannten Rechte k\u00f6nnen Sie sich an folgende Adresse wenden:<\/em><\/strong><\/p>\n<p><strong><em>\u00a0<\/em><\/strong><\/p>\n<p><strong><em>Datencontroller: <\/em><\/strong>HOTEL ELBA di Gentini Romina, con sede legale e operativa in Via Per Portoferraio,319 &#8211; 57034 Marina di Campo (LI)<\/p>\n<p><em>P.Iva 01807690498 &#8211; Tel. +39 0565.976224- Fax.0565.977280 <\/em><em>&#8211; E-mail: <\/em><em>info@hotelelba.it<\/em><\/p>\n<p><strong><em>Datenprozessor und empfangens<\/em><\/strong><\/p>\n<p><em>Gentini Romina &#8211; Cod.Fisc. GNTRMN70P44Z114C \u2013 Via Per Portoferraio,319 &#8211; 57034 Marina di Campo (LI), +39 0565.976224<\/em>[\/vc_column_text][vc_empty_space]<style type=\"text\/css\" data-type=\"the7_shortcodes-inline-css\">#default-btn-075959d617feb642e25865e2df387cc1.ico-right-side > i {\n  margin-right: 0px;\n  margin-left: 8px;\n}\n#default-btn-075959d617feb642e25865e2df387cc1 > i {\n  margin-right: 8px;\n}\n<\/style><div class=\"btn-align-center\"><a href=\"https:\/\/booking.ericsoft.com\/BookingEngine\/Book?idh=3A7FACF2773D1267&amp;lang=it&amp;cur=EUR&amp;arrival=2022-12-13&amp;departure=2022-12-14&amp;pax=2_0_0_0&amp;acmp=RT0\" class=\"default-btn-shortcode dt-btn dt-btn-l btn-hover-off link-hover-off  vc_custom_1705510819818\" target=\"_blank\" id=\"default-btn-075959d617feb642e25865e2df387cc1\" rel=\"noopener\"><span>Verf\u00fcgbarkeit<\/span><\/a><\/div>[vc_empty_space][\/vc_column][\/vc_row]<\/p>\n<\/div>","protected":false},"excerpt":{"rendered":"<p>[vc_row full_width=&#8220;stretch_row_content_no_spaces&#8220; bg_type=&#8220;image&#8220; parallax_style=&#8220;vcpb-default&#8220; bg_image_new=&#8220;id^1745|url^http:\/\/hotelelba.youelba.com\/wp-content\/uploads\/2019\/08\/25.jpg|caption^null|alt^null|title^25|description^null&#8220; bg_image_repeat=&#8220;no-repeat&#8220; bg_override=&#8220;full&#8220;][vc_column css_animation=&#8220;fadeIn&#8220; css=&#8220;.vc_custom_1656311697974{padding-top: 13% !important;padding-bottom: 11% !important;background-position: center !important;background-repeat: no-repeat !important;background-size: contain !important;}&#8220;][vc_empty_space height=&#8220;50px&#8220;][\/vc_column][\/vc_row][vc_row css=&#8220;.vc_custom_1669795697767{padding-top: 30px !important;padding-bottom: 30px !important;}&#8220;][vc_column offset=&#8220;vc_col-md-offset-3 vc_col-md-6&#8243;][vc_custom_heading text=&#8220;Wie Reservieren&#8220; font_container=&#8220;tag:h2|font_size:58|text_align:center&#8220; google_fonts=&#8220;font_family:Alex%20Brush%3Aregular|font_style:400%20regular%3A400%3Anormal&#8220;][\/vc_column][\/vc_row][vc_row][vc_column][vc_empty_space][vc_column_text css=&#8220;&#8220;] RESERVIERUNG Um die Verf\u00fcgbarkeit anzufragen, k\u00f6nnen Sie eine Anfrage-E-Mail an info@hotelelba.it senden oder das Formular ausf\u00fcllen, indem Sie unten klicken. Gerne senden wir&hellip;<\/p>\n","protected":false},"author":1,"featured_media":0,"parent":0,"menu_order":0,"comment_status":"closed","ping_status":"closed","template":"","meta":{"footnotes":""},"class_list":["post-3632","page","type-page","status-publish","hentry","description-off"],"yoast_head":"<!-- This site is optimized with the Yoast SEO plugin v25.3 - https:\/\/yoast.com\/wordpress\/plugins\/seo\/ -->\n<title>Wie buchen - Hotel Elba e Residence dei Fiori<\/title>\n<meta name=\"robots\" content=\"index, follow, max-snippet:-1, max-image-preview:large, max-video-preview:-1\" \/>\n<link rel=\"canonical\" href=\"https:\/\/www.hotelelba.it\/de\/wie-buchen\/\" \/>\n<meta property=\"og:locale\" content=\"de_DE\" \/>\n<meta property=\"og:type\" content=\"article\" \/>\n<meta property=\"og:title\" content=\"Wie buchen - Hotel Elba e Residence dei Fiori\" \/>\n<meta property=\"og:description\" content=\"[vc_row full_width=&#8220;stretch_row_content_no_spaces&#8220; bg_type=&#8220;image&#8220; parallax_style=&#8220;vcpb-default&#8220; bg_image_new=&#8220;id^1745|url^http:\/\/hotelelba.youelba.com\/wp-content\/uploads\/2019\/08\/25.jpg|caption^null|alt^null|title^25|description^null&#8220; bg_image_repeat=&#8220;no-repeat&#8220; bg_override=&#8220;full&#8220;][vc_column css_animation=&#8220;fadeIn&#8220; css=&#8220;.vc_custom_1656311697974{padding-top: 13% !important;padding-bottom: 11% !important;background-position: center !important;background-repeat: no-repeat !important;background-size: contain !important;}&#8220;][vc_empty_space height=&#8220;50px&#8220;][\/vc_column][\/vc_row][vc_row css=&#8220;.vc_custom_1669795697767{padding-top: 30px !important;padding-bottom: 30px !important;}&#8220;][vc_column offset=&#8220;vc_col-md-offset-3 vc_col-md-6&#8243;][vc_custom_heading text=&#8220;Wie Reservieren&#8220; font_container=&#8220;tag:h2|font_size:58|text_align:center&#8220; google_fonts=&#8220;font_family:Alex%20Brush%3Aregular|font_style:400%20regular%3A400%3Anormal&#8220;][\/vc_column][\/vc_row][vc_row][vc_column][vc_empty_space][vc_column_text css=&#8220;&#8220;] RESERVIERUNG Um die Verf\u00fcgbarkeit anzufragen, k\u00f6nnen Sie eine Anfrage-E-Mail an info@hotelelba.it senden oder das Formular ausf\u00fcllen, indem Sie unten klicken. Gerne senden wir&hellip;\" \/>\n<meta property=\"og:url\" content=\"https:\/\/www.hotelelba.it\/de\/wie-buchen\/\" \/>\n<meta property=\"og:site_name\" content=\"Hotel Elba e Residence dei Fiori\" \/>\n<meta property=\"article:publisher\" content=\"https:\/\/www.facebook.com\/HotelElbaResidenceDeiFiori\" \/>\n<meta property=\"article:modified_time\" content=\"2024-06-05T18:10:23+00:00\" \/>\n<meta name=\"twitter:card\" content=\"summary_large_image\" \/>\n<meta name=\"twitter:site\" content=\"@ElbaFiori\" \/>\n<meta name=\"twitter:label1\" content=\"Gesch\u00e4tzte Lesezeit\" \/>\n\t<meta name=\"twitter:data1\" content=\"2\u00a0Minuten\" \/>\n<script type=\"application\/ld+json\" class=\"yoast-schema-graph\">{\"@context\":\"https:\/\/schema.org\",\"@graph\":[{\"@type\":\"WebPage\",\"@id\":\"https:\/\/www.hotelelba.it\/de\/wie-buchen\/\",\"url\":\"https:\/\/www.hotelelba.it\/de\/wie-buchen\/\",\"name\":\"Wie buchen - Hotel Elba e Residence dei Fiori\",\"isPartOf\":{\"@id\":\"https:\/\/www.hotelelba.it\/#website\"},\"datePublished\":\"2022-06-27T07:16:42+00:00\",\"dateModified\":\"2024-06-05T18:10:23+00:00\",\"breadcrumb\":{\"@id\":\"https:\/\/www.hotelelba.it\/de\/wie-buchen\/#breadcrumb\"},\"inLanguage\":\"de\",\"potentialAction\":[{\"@type\":\"ReadAction\",\"target\":[\"https:\/\/www.hotelelba.it\/de\/wie-buchen\/\"]}]},{\"@type\":\"BreadcrumbList\",\"@id\":\"https:\/\/www.hotelelba.it\/de\/wie-buchen\/#breadcrumb\",\"itemListElement\":[{\"@type\":\"ListItem\",\"position\":1,\"name\":\"Home\",\"item\":\"https:\/\/www.hotelelba.it\/de\/\"},{\"@type\":\"ListItem\",\"position\":2,\"name\":\"Wie buchen\"}]},{\"@type\":\"WebSite\",\"@id\":\"https:\/\/www.hotelelba.it\/#website\",\"url\":\"https:\/\/www.hotelelba.it\/\",\"name\":\"Hotel Elba e Residence dei Fiori\",\"description\":\"Hotel e Residence a Marina di Campo all&#039;Isola d&#039;Elba\",\"publisher\":{\"@id\":\"https:\/\/www.hotelelba.it\/#organization\"},\"potentialAction\":[{\"@type\":\"SearchAction\",\"target\":{\"@type\":\"EntryPoint\",\"urlTemplate\":\"https:\/\/www.hotelelba.it\/?s={search_term_string}\"},\"query-input\":{\"@type\":\"PropertyValueSpecification\",\"valueRequired\":true,\"valueName\":\"search_term_string\"}}],\"inLanguage\":\"de\"},{\"@type\":\"Organization\",\"@id\":\"https:\/\/www.hotelelba.it\/#organization\",\"name\":\"Hotel Elba e Residence dei Fiori\",\"url\":\"https:\/\/www.hotelelba.it\/\",\"logo\":{\"@type\":\"ImageObject\",\"inLanguage\":\"de\",\"@id\":\"https:\/\/www.hotelelba.it\/#\/schema\/logo\/image\/\",\"url\":\"https:\/\/www.hotelelba.it\/wp-content\/uploads\/2022\/06\/Hotel_Elba_2x.png\",\"contentUrl\":\"https:\/\/www.hotelelba.it\/wp-content\/uploads\/2022\/06\/Hotel_Elba_2x.png\",\"width\":360,\"height\":204,\"caption\":\"Hotel Elba e Residence dei Fiori\"},\"image\":{\"@id\":\"https:\/\/www.hotelelba.it\/#\/schema\/logo\/image\/\"},\"sameAs\":[\"https:\/\/www.facebook.com\/HotelElbaResidenceDeiFiori\",\"https:\/\/x.com\/ElbaFiori\",\"https:\/\/www.instagram.com\/hotelelba.residencedeifiori\/\"]}]}<\/script>\n<!-- \/ Yoast SEO plugin. -->","yoast_head_json":{"title":"Wie buchen - Hotel Elba e Residence dei Fiori","robots":{"index":"index","follow":"follow","max-snippet":"max-snippet:-1","max-image-preview":"max-image-preview:large","max-video-preview":"max-video-preview:-1"},"canonical":"https:\/\/www.hotelelba.it\/de\/wie-buchen\/","og_locale":"de_DE","og_type":"article","og_title":"Wie buchen - Hotel Elba e Residence dei Fiori","og_description":"[vc_row full_width=&#8220;stretch_row_content_no_spaces&#8220; bg_type=&#8220;image&#8220; parallax_style=&#8220;vcpb-default&#8220; bg_image_new=&#8220;id^1745|url^http:\/\/hotelelba.youelba.com\/wp-content\/uploads\/2019\/08\/25.jpg|caption^null|alt^null|title^25|description^null&#8220; bg_image_repeat=&#8220;no-repeat&#8220; bg_override=&#8220;full&#8220;][vc_column css_animation=&#8220;fadeIn&#8220; css=&#8220;.vc_custom_1656311697974{padding-top: 13% !important;padding-bottom: 11% !important;background-position: center !important;background-repeat: no-repeat !important;background-size: contain !important;}&#8220;][vc_empty_space height=&#8220;50px&#8220;][\/vc_column][\/vc_row][vc_row css=&#8220;.vc_custom_1669795697767{padding-top: 30px !important;padding-bottom: 30px !important;}&#8220;][vc_column offset=&#8220;vc_col-md-offset-3 vc_col-md-6&#8243;][vc_custom_heading text=&#8220;Wie Reservieren&#8220; font_container=&#8220;tag:h2|font_size:58|text_align:center&#8220; google_fonts=&#8220;font_family:Alex%20Brush%3Aregular|font_style:400%20regular%3A400%3Anormal&#8220;][\/vc_column][\/vc_row][vc_row][vc_column][vc_empty_space][vc_column_text css=&#8220;&#8220;] RESERVIERUNG Um die Verf\u00fcgbarkeit anzufragen, k\u00f6nnen Sie eine Anfrage-E-Mail an info@hotelelba.it senden oder das Formular ausf\u00fcllen, indem Sie unten klicken. Gerne senden wir&hellip;","og_url":"https:\/\/www.hotelelba.it\/de\/wie-buchen\/","og_site_name":"Hotel Elba e Residence dei Fiori","article_publisher":"https:\/\/www.facebook.com\/HotelElbaResidenceDeiFiori","article_modified_time":"2024-06-05T18:10:23+00:00","twitter_card":"summary_large_image","twitter_site":"@ElbaFiori","twitter_misc":{"Gesch\u00e4tzte Lesezeit":"2\u00a0Minuten"},"schema":{"@context":"https:\/\/schema.org","@graph":[{"@type":"WebPage","@id":"https:\/\/www.hotelelba.it\/de\/wie-buchen\/","url":"https:\/\/www.hotelelba.it\/de\/wie-buchen\/","name":"Wie buchen - Hotel Elba e Residence dei Fiori","isPartOf":{"@id":"https:\/\/www.hotelelba.it\/#website"},"datePublished":"2022-06-27T07:16:42+00:00","dateModified":"2024-06-05T18:10:23+00:00","breadcrumb":{"@id":"https:\/\/www.hotelelba.it\/de\/wie-buchen\/#breadcrumb"},"inLanguage":"de","potentialAction":[{"@type":"ReadAction","target":["https:\/\/www.hotelelba.it\/de\/wie-buchen\/"]}]},{"@type":"BreadcrumbList","@id":"https:\/\/www.hotelelba.it\/de\/wie-buchen\/#breadcrumb","itemListElement":[{"@type":"ListItem","position":1,"name":"Home","item":"https:\/\/www.hotelelba.it\/de\/"},{"@type":"ListItem","position":2,"name":"Wie buchen"}]},{"@type":"WebSite","@id":"https:\/\/www.hotelelba.it\/#website","url":"https:\/\/www.hotelelba.it\/","name":"Hotel Elba e Residence dei Fiori","description":"Hotel e Residence a Marina di Campo all&#039;Isola d&#039;Elba","publisher":{"@id":"https:\/\/www.hotelelba.it\/#organization"},"potentialAction":[{"@type":"SearchAction","target":{"@type":"EntryPoint","urlTemplate":"https:\/\/www.hotelelba.it\/?s={search_term_string}"},"query-input":{"@type":"PropertyValueSpecification","valueRequired":true,"valueName":"search_term_string"}}],"inLanguage":"de"},{"@type":"Organization","@id":"https:\/\/www.hotelelba.it\/#organization","name":"Hotel Elba e Residence dei Fiori","url":"https:\/\/www.hotelelba.it\/","logo":{"@type":"ImageObject","inLanguage":"de","@id":"https:\/\/www.hotelelba.it\/#\/schema\/logo\/image\/","url":"https:\/\/www.hotelelba.it\/wp-content\/uploads\/2022\/06\/Hotel_Elba_2x.png","contentUrl":"https:\/\/www.hotelelba.it\/wp-content\/uploads\/2022\/06\/Hotel_Elba_2x.png","width":360,"height":204,"caption":"Hotel Elba e Residence dei Fiori"},"image":{"@id":"https:\/\/www.hotelelba.it\/#\/schema\/logo\/image\/"},"sameAs":["https:\/\/www.facebook.com\/HotelElbaResidenceDeiFiori","https:\/\/x.com\/ElbaFiori","https:\/\/www.instagram.com\/hotelelba.residencedeifiori\/"]}]}},"_links":{"self":[{"href":"https:\/\/www.hotelelba.it\/de\/wp-json\/wp\/v2\/pages\/3632"}],"collection":[{"href":"https:\/\/www.hotelelba.it\/de\/wp-json\/wp\/v2\/pages"}],"about":[{"href":"https:\/\/www.hotelelba.it\/de\/wp-json\/wp\/v2\/types\/page"}],"author":[{"embeddable":true,"href":"https:\/\/www.hotelelba.it\/de\/wp-json\/wp\/v2\/users\/1"}],"replies":[{"embeddable":true,"href":"https:\/\/www.hotelelba.it\/de\/wp-json\/wp\/v2\/comments?post=3632"}],"version-history":[{"count":5,"href":"https:\/\/www.hotelelba.it\/de\/wp-json\/wp\/v2\/pages\/3632\/revisions"}],"predecessor-version":[{"id":7865,"href":"https:\/\/www.hotelelba.it\/de\/wp-json\/wp\/v2\/pages\/3632\/revisions\/7865"}],"wp:attachment":[{"href":"https:\/\/www.hotelelba.it\/de\/wp-json\/wp\/v2\/media?parent=3632"}],"curies":[{"name":"wp","href":"https:\/\/api.w.org\/{rel}","templated":true}]}}